{"id":2087,"date":"2023-06-19T14:23:17","date_gmt":"2023-06-19T12:23:17","guid":{"rendered":"https:\/\/andshufl.com\/vare\/wood-sample-set\/"},"modified":"2023-09-15T11:12:24","modified_gmt":"2023-09-15T09:12:24","slug":"wood-sample-set","status":"publish","type":"product","link":"https:\/\/andshufl.com\/en\/vare\/wood-sample-set\/","title":{"rendered":"Wood sample set"},"content":{"rendered":"<h2><strong>Wood sample set<\/strong><\/h2>\n<p>3 color samples (8 x 6 cm): Oak, smoked oak and elm.<\/p>\n<p>Full sample set with all three wood species in &amp;SHUFL&#8217;s wood collection; the wood collection. It consists of three types of wood: elm, oak and smoked oak. The wood is carefully selected to ensure the best possible quality and the most beautiful appearance. The result is a product with strong roots in Danish design that feels as exclusive as it looks. It&#8217;s ideal to combine the woods with one of &amp;SHUFL&#8217;s other collections. For example, a kitchen with wooden fronts looks beautiful with linoleum sides and worktops.<\/p>\n<p><span style=\"font-size: inherit;\">About the collection: All products in the collection feature wood veneer on the front and back, a solid black MDF core and matte black edges. And of course, like all &amp;SHUFL products, they are made in Denmark.<\/span><\/p>\n<p>Read more here about <a href=\"https:\/\/andshufl.com\/en\/kitchen\/collections\/wood\/\"><strong>&amp;SHUFL&#8217;s wood collection<\/strong><\/a>.<\/p>\n<p>&nbsp;<\/p>\n<div>\n<hr>\n<\/div>\n<div><\/div>\n<h5><strong>Shipping<\/strong>: Free<\/h5>\n<h5><strong>Delivery time<\/strong>: 1-4 business days<\/h5>\n<h5><strong>Note<\/strong>: We reimburse the cost of buying samples when you buy kitchens, wardrobes, etc. &#8211; you just need to inform us about it.<\/h5>\n<p>We will send you a text message when your package with samples has been shipped; Usually, we send color samples to your mailbox.<\/p>\n","protected":false},"excerpt":{"rendered":"<p>Wood sample set 3 color samples (8 x 6 cm): Oak, smoked oak and elm. Full sample set with all three wood species in &amp;SHUFL&#8217;s wood collection; the wood collection. It consists of three types of wood: elm, oak and smoked oak. The wood is carefully selected to ensure the best possible quality and the [&#8230;]\n","protected":false},"featured_media":11301,"comment_status":"closed","ping_status":"closed","template":"","meta":{"inline_featured_image":false},"product_cat":[43],"product_tag":[],"class_list":["post-2087","product","type-product","status-publish","has-post-thumbnail","hentry","product_cat-colour-samples","product_shipping_class-farvesamples"],"yoast_head":"<!-- This site is optimized with the Yoast SEO plugin v24.4 - https:\/\/yoast.com\/wordpress\/plugins\/seo\/ -->\n<title>Wood sample set - &amp;SHUFL<\/title>\n<meta name=\"robots\" content=\"index, follow, max-snippet:-1, max-image-preview:large, max-video-preview:-1\" \/>\n<link rel=\"canonical\" href=\"https:\/\/andshufl.com\/en\/vare\/wood-sample-set\/\" \/>\n<meta property=\"og:locale\" content=\"en_US\" \/>\n<meta property=\"og:type\" content=\"article\" \/>\n<meta property=\"og:title\" content=\"Wood sample set - &amp;SHUFL\" \/>\n<meta property=\"og:description\" content=\"Wood sample set 3 color samples (8 x 6 cm): Oak, smoked oak and elm. Full sample set with all three wood species in &amp;SHUFL&#8217;s wood collection; the wood collection. It consists of three types of wood: elm, oak and smoked oak. The wood is carefully selected to ensure the best possible quality and the [...]\" \/>\n<meta property=\"og:url\" content=\"https:\/\/andshufl.com\/en\/vare\/wood-sample-set\/\" \/>\n<meta property=\"og:site_name\" content=\"&amp;SHUFL\" \/>\n<meta property=\"article:modified_time\" content=\"2023-09-15T09:12:24+00:00\" \/>\n<meta property=\"og:image\" content=\"https:\/\/andshufl.com\/wp-content\/uploads\/2023\/06\/SHUFL_Farveproever_Linoleum_3-1.jpg\" \/>\n\t<meta property=\"og:image:width\" content=\"1733\" \/>\n\t<meta property=\"og:image:height\" content=\"1733\" \/>\n\t<meta property=\"og:image:type\" content=\"image\/jpeg\" \/>\n<meta name=\"twitter:card\" content=\"summary_large_image\" \/>\n<meta name=\"twitter:label1\" content=\"Est. reading time\" \/>\n\t<meta name=\"twitter:data1\" content=\"1 minute\" \/>\n<script type=\"application\/ld+json\" class=\"yoast-schema-graph\">{\"@context\":\"https:\/\/schema.org\",\"@graph\":[{\"@type\":\"WebPage\",\"@id\":\"https:\/\/andshufl.com\/en\/vare\/wood-sample-set\/\",\"url\":\"https:\/\/andshufl.com\/en\/vare\/wood-sample-set\/\",\"name\":\"Wood sample set - &amp;SHUFL\",\"isPartOf\":{\"@id\":\"https:\/\/andshufl.com\/en\/#website\"},\"primaryImageOfPage\":{\"@id\":\"https:\/\/andshufl.com\/en\/vare\/wood-sample-set\/#primaryimage\"},\"image\":{\"@id\":\"https:\/\/andshufl.com\/en\/vare\/wood-sample-set\/#primaryimage\"},\"thumbnailUrl\":\"https:\/\/andshufl.com\/wp-content\/uploads\/2023\/06\/FARVEPROEVER_TONED_WOOD_01.jpg\",\"datePublished\":\"2023-06-19T12:23:17+00:00\",\"dateModified\":\"2023-09-15T09:12:24+00:00\",\"breadcrumb\":{\"@id\":\"https:\/\/andshufl.com\/en\/vare\/wood-sample-set\/#breadcrumb\"},\"inLanguage\":\"en-US\",\"potentialAction\":[{\"@type\":\"ReadAction\",\"target\":[\"https:\/\/andshufl.com\/en\/vare\/wood-sample-set\/\"]}]},{\"@type\":\"ImageObject\",\"inLanguage\":\"en-US\",\"@id\":\"https:\/\/andshufl.com\/en\/vare\/wood-sample-set\/#primaryimage\",\"url\":\"https:\/\/andshufl.com\/wp-content\/uploads\/2023\/06\/FARVEPROEVER_TONED_WOOD_01.jpg\",\"contentUrl\":\"https:\/\/andshufl.com\/wp-content\/uploads\/2023\/06\/FARVEPROEVER_TONED_WOOD_01.jpg\",\"width\":1828,\"height\":1688,\"caption\":\"Farvepr\u00f8ver p\u00e5 k\u00f8kken i trae\"},{\"@type\":\"BreadcrumbList\",\"@id\":\"https:\/\/andshufl.com\/en\/vare\/wood-sample-set\/#breadcrumb\",\"itemListElement\":[{\"@type\":\"ListItem\",\"position\":1,\"name\":\"Hjem\",\"item\":\"https:\/\/andshufl.com\/en\/\"},{\"@type\":\"ListItem\",\"position\":2,\"name\":\"Shop\",\"item\":\"https:\/\/andshufl.com\/en\/shop\/\"},{\"@type\":\"ListItem\",\"position\":3,\"name\":\"Wood sample set\"}]},{\"@type\":\"WebSite\",\"@id\":\"https:\/\/andshufl.com\/en\/#website\",\"url\":\"https:\/\/andshufl.com\/en\/\",\"name\":\"&SHUFL\",\"description\":\"\",\"publisher\":{\"@id\":\"https:\/\/andshufl.com\/en\/#organization\"},\"potentialAction\":[{\"@type\":\"SearchAction\",\"target\":{\"@type\":\"EntryPoint\",\"urlTemplate\":\"https:\/\/andshufl.com\/en\/?s={search_term_string}\"},\"query-input\":{\"@type\":\"PropertyValueSpecification\",\"valueRequired\":true,\"valueName\":\"search_term_string\"}}],\"inLanguage\":\"en-US\"},{\"@type\":\"Organization\",\"@id\":\"https:\/\/andshufl.com\/en\/#organization\",\"name\":\"&SHUFL\",\"url\":\"https:\/\/andshufl.com\/en\/\",\"logo\":{\"@type\":\"ImageObject\",\"inLanguage\":\"en-US\",\"@id\":\"https:\/\/andshufl.com\/en\/#\/schema\/logo\/image\/\",\"url\":\"https:\/\/andshufl.com\/wp-content\/uploads\/2023\/06\/SHUFL_logo.png\",\"contentUrl\":\"https:\/\/andshufl.com\/wp-content\/uploads\/2023\/06\/SHUFL_logo.png\",\"width\":614,\"height\":111,\"caption\":\"&SHUFL\"},\"image\":{\"@id\":\"https:\/\/andshufl.com\/en\/#\/schema\/logo\/image\/\"}}]}<\/script>\n<!-- \/ Yoast SEO plugin. -->","yoast_head_json":{"title":"Wood sample set - &amp;SHUFL","robots":{"index":"index","follow":"follow","max-snippet":"max-snippet:-1","max-image-preview":"max-image-preview:large","max-video-preview":"max-video-preview:-1"},"canonical":"https:\/\/andshufl.com\/en\/vare\/wood-sample-set\/","og_locale":"en_US","og_type":"article","og_title":"Wood sample set - &amp;SHUFL","og_description":"Wood sample set 3 color samples (8 x 6 cm): Oak, smoked oak and elm. Full sample set with all three wood species in &amp;SHUFL&#8217;s wood collection; the wood collection. It consists of three types of wood: elm, oak and smoked oak. The wood is carefully selected to ensure the best possible quality and the [...]","og_url":"https:\/\/andshufl.com\/en\/vare\/wood-sample-set\/","og_site_name":"&amp;SHUFL","article_modified_time":"2023-09-15T09:12:24+00:00","og_image":[{"width":1733,"height":1733,"url":"https:\/\/andshufl.com\/wp-content\/uploads\/2023\/06\/SHUFL_Farveproever_Linoleum_3-1.jpg","type":"image\/jpeg"}],"twitter_card":"summary_large_image","twitter_misc":{"Est. reading time":"1 minute"},"schema":{"@context":"https:\/\/schema.org","@graph":[{"@type":"WebPage","@id":"https:\/\/andshufl.com\/en\/vare\/wood-sample-set\/","url":"https:\/\/andshufl.com\/en\/vare\/wood-sample-set\/","name":"Wood sample set - &amp;SHUFL","isPartOf":{"@id":"https:\/\/andshufl.com\/en\/#website"},"primaryImageOfPage":{"@id":"https:\/\/andshufl.com\/en\/vare\/wood-sample-set\/#primaryimage"},"image":{"@id":"https:\/\/andshufl.com\/en\/vare\/wood-sample-set\/#primaryimage"},"thumbnailUrl":"https:\/\/andshufl.com\/wp-content\/uploads\/2023\/06\/FARVEPROEVER_TONED_WOOD_01.jpg","datePublished":"2023-06-19T12:23:17+00:00","dateModified":"2023-09-15T09:12:24+00:00","breadcrumb":{"@id":"https:\/\/andshufl.com\/en\/vare\/wood-sample-set\/#breadcrumb"},"inLanguage":"en-US","potentialAction":[{"@type":"ReadAction","target":["https:\/\/andshufl.com\/en\/vare\/wood-sample-set\/"]}]},{"@type":"ImageObject","inLanguage":"en-US","@id":"https:\/\/andshufl.com\/en\/vare\/wood-sample-set\/#primaryimage","url":"https:\/\/andshufl.com\/wp-content\/uploads\/2023\/06\/FARVEPROEVER_TONED_WOOD_01.jpg","contentUrl":"https:\/\/andshufl.com\/wp-content\/uploads\/2023\/06\/FARVEPROEVER_TONED_WOOD_01.jpg","width":1828,"height":1688,"caption":"Farvepr\u00f8ver p\u00e5 k\u00f8kken i trae"},{"@type":"BreadcrumbList","@id":"https:\/\/andshufl.com\/en\/vare\/wood-sample-set\/#breadcrumb","itemListElement":[{"@type":"ListItem","position":1,"name":"Hjem","item":"https:\/\/andshufl.com\/en\/"},{"@type":"ListItem","position":2,"name":"Shop","item":"https:\/\/andshufl.com\/en\/shop\/"},{"@type":"ListItem","position":3,"name":"Wood sample set"}]},{"@type":"WebSite","@id":"https:\/\/andshufl.com\/en\/#website","url":"https:\/\/andshufl.com\/en\/","name":"&SHUFL","description":"","publisher":{"@id":"https:\/\/andshufl.com\/en\/#organization"},"potentialAction":[{"@type":"SearchAction","target":{"@type":"EntryPoint","urlTemplate":"https:\/\/andshufl.com\/en\/?s={search_term_string}"},"query-input":{"@type":"PropertyValueSpecification","valueRequired":true,"valueName":"search_term_string"}}],"inLanguage":"en-US"},{"@type":"Organization","@id":"https:\/\/andshufl.com\/en\/#organization","name":"&SHUFL","url":"https:\/\/andshufl.com\/en\/","logo":{"@type":"ImageObject","inLanguage":"en-US","@id":"https:\/\/andshufl.com\/en\/#\/schema\/logo\/image\/","url":"https:\/\/andshufl.com\/wp-content\/uploads\/2023\/06\/SHUFL_logo.png","contentUrl":"https:\/\/andshufl.com\/wp-content\/uploads\/2023\/06\/SHUFL_logo.png","width":614,"height":111,"caption":"&SHUFL"},"image":{"@id":"https:\/\/andshufl.com\/en\/#\/schema\/logo\/image\/"}}]}},"_links":{"self":[{"href":"https:\/\/andshufl.com\/en\/wp-json\/wp\/v2\/product\/2087","targetHints":{"allow":["GET"]}}],"collection":[{"href":"https:\/\/andshufl.com\/en\/wp-json\/wp\/v2\/product"}],"about":[{"href":"https:\/\/andshufl.com\/en\/wp-json\/wp\/v2\/types\/product"}],"replies":[{"embeddable":true,"href":"https:\/\/andshufl.com\/en\/wp-json\/wp\/v2\/comments?post=2087"}],"wp:featuredmedia":[{"embeddable":true,"href":"https:\/\/andshufl.com\/en\/wp-json\/wp\/v2\/media\/11301"}],"wp:attachment":[{"href":"https:\/\/andshufl.com\/en\/wp-json\/wp\/v2\/media?parent=2087"}],"wp:term":[{"taxonomy":"product_cat","embeddable":true,"href":"https:\/\/andshufl.com\/en\/wp-json\/wp\/v2\/product_cat?post=2087"},{"taxonomy":"product_tag","embeddable":true,"href":"https:\/\/andshufl.com\/en\/wp-json\/wp\/v2\/product_tag?post=2087"}],"curies":[{"name":"wp","href":"https:\/\/api.w.org\/{rel}","templated":true}]}}