{"id":10593,"date":"2023-06-16T15:45:01","date_gmt":"2023-06-16T13:45:01","guid":{"rendered":"https:\/\/andshufl.com\/kontakt\/"},"modified":"2025-05-13T14:42:43","modified_gmt":"2025-05-13T12:42:43","slug":"kontakt","status":"publish","type":"page","link":"https:\/\/andshufl.com\/no\/kontakt\/","title":{"rendered":"Kontakt"},"content":{"rendered":"\n\t<section class=\"section\" id=\"section_324654256\">\n\t\t<div class=\"section-bg fill\" >\n\t\t\t\t\t\t\t\t\t\n\t\t\t\n\n\t\t<\/div>\n\n\t\t\n\n\t\t<div class=\"section-content relative\">\n\t\t\t\n\n  <div class=\"banner has-hover has-parallax\" id=\"banner-1538153619\">\n          <div class=\"banner-inner fill\">\n        <div class=\"banner-bg fill\" data-parallax=\"-4\" data-parallax-container=\".banner\" data-parallax-background>\n            <img loading=\"lazy\" decoding=\"async\" width=\"2560\" height=\"1708\" src=\"https:\/\/andshufl.com\/wp-content\/uploads\/2024\/10\/SHUFL-koekken-fronter-ikeahack-linoleum-oak_bredformat_10.jpg\" class=\"bg attachment-original size-original\" alt=\"&amp;SHUFL ikea hack k\u00f8kken\" \/>                        <div class=\"overlay\"><\/div>            \n                    <\/div>\n\t\t\n        <div class=\"banner-layers container\">\n            <div class=\"fill banner-link\"><\/div>            \n   <div id=\"text-box-478876797\" class=\"text-box banner-layer x50 md-x50 lg-x50 y50 md-y50 lg-y50 res-text\">\n                                <div class=\"text-box-content text dark\">\n              \n              <div class=\"text-inner text-center\">\n                  \n\t<div id=\"text-1251749366\" class=\"text\">\n\t\t\n<h1 class=\"uppercase\">Kontakt <strong>oss <\/strong><\/h1>\n\t\t\n<style>\n#text-1251749366 {\n  font-size: 1rem;\n}\n@media (min-width:550px) {\n  #text-1251749366 {\n    font-size: 1.5rem;\n  }\n}\n<\/style>\n\t<\/div>\n\t\n              <\/div>\n           <\/div>\n                            \n<style>\n#text-box-478876797 {\n  width: 90%;\n}\n#text-box-478876797 .text-box-content {\n  font-size: 100%;\n}\n<\/style>\n    <\/div>\n \n        <\/div>\n      <\/div>\n\n            \n<style>\n#banner-1538153619 {\n  padding-top: 400px;\n}\n#banner-1538153619 .overlay {\n  background-color: rgba(0, 0, 0, 0.169);\n}\n#banner-1538153619 .banner-bg img {\n  object-position: 56% 100%;\n}\n@media (min-width:550px) {\n  #banner-1538153619 {\n    padding-top: 500px;\n  }\n  #banner-1538153619 .overlay {\n    background-color: rgba(0, 0, 0, 0.35);\n  }\n}\n@media (min-width:850px) {\n  #banner-1538153619 {\n    padding-top: 600px;\n  }\n}\n<\/style>\n  <\/div>\n\n\n\t\t<\/div>\n\n\t\t\n<style>\n#section_324654256 {\n  padding-top: 0px;\n  padding-bottom: 0px;\n}\n<\/style>\n\t<\/section>\n\t\n\n\t<section class=\"section\" id=\"section_1246384123\">\n\t\t<div class=\"section-bg fill\" >\n\t\t\t\t\t\t\t\t\t\n\t\t\t\n\n\t\t<\/div>\n\n\t\t\n\n\t\t<div class=\"section-content relative\">\n\t\t\t\n\t<div id=\"gap-694317279\" class=\"gap-element clearfix\" style=\"display:block; height:auto;\">\n\t\t\n<style>\n#gap-694317279 {\n  padding-top: 30px;\n}\n<\/style>\n\t<\/div>\n\t\n<div class=\"row align-middle\"  id=\"row-407764858\">\n\n\t<div id=\"col-1064079326\" class=\"col medium-6 small-12 large-6\"  >\n\t\t\t\t<div class=\"col-inner\"  >\n\t\t\t\n\t\t\t\n<h2 class=\"uppercase\">Stikk innom \u2013 her bor vi<\/h2>\n<p>&amp;SHUFL ApS<br \/>Frederiksholms Kanal 4, baghuset<br \/>1220 K\u00f8benhavn K<\/p>\n<p>Telefon: <a href=\"tel:+4533116006\">+45 33 11 60 06<\/a><br \/>E-mail: <a href=\"mailto:hello@andshufl.com\">hello@andshufl.com<\/a><\/p>\n<p><strong>\u00c5pningstider<\/strong><br \/>Mandag \u2013 torsdag: 9:00 \u2013 18:00<br \/>Fredag: 9:00 \u2013 17:30<br \/>L\u00f8rdag: 10:00 \u2013 15:00<\/p>\n<p>Telefon \u00e5pningstider:<br \/>Mandag \u2013 fredag: 10:00 \u2013 16:00<\/p>\n<\/p>\n<a href=\"https:\/\/andshufl.com\/no\/book-designmoete\/\" target=\"_blank\" class=\"button primary is-large lowercase\" rel=\"noopener\" >\n\t\t<span>Book designm\u00f8te<\/span>\n\t<\/a>\n\n\t\t<\/div>\n\t\t\t\t\t<\/div>\n\n\t\n\n\t<div id=\"col-1624168731\" class=\"col medium-6 small-12 large-6\"  >\n\t\t\t\t<div class=\"col-inner\"  >\n\t\t\t\n\t\t\t\n\n  <div class=\"banner has-hover\" id=\"banner-1590317420\">\n          <div class=\"banner-inner fill\">\n        <div class=\"banner-bg fill\" >\n            <img loading=\"lazy\" decoding=\"async\" width=\"534\" height=\"800\" src=\"https:\/\/andshufl.com\/wp-content\/uploads\/2024\/03\/SHUFL-MEETING_SHOWROOM_09-534x800.jpg\" class=\"bg attachment-large size-large\" alt=\"Book et designm\u00f8te\" \/>                                    \n                    <\/div>\n\t\t\n        <div class=\"banner-layers container\">\n            <div class=\"fill banner-link\"><\/div>            \n        <\/div>\n      <\/div>\n\n            \n<style>\n#banner-1590317420 {\n  padding-top: 311px;\n}\n#banner-1590317420 .banner-bg img {\n  object-position: 13% 62%;\n}\n@media (min-width:550px) {\n  #banner-1590317420 {\n    padding-top: 500px;\n  }\n}\n<\/style>\n  <\/div>\n\n\n\t\t<\/div>\n\t\t\t\t\t<\/div>\n\n\t\n<\/div>\n\t\t<\/div>\n\n\t\t\n<style>\n#section_1246384123 {\n  padding-top: 30px;\n  padding-bottom: 30px;\n}\n@media (min-width:550px) {\n  #section_1246384123 {\n    padding-top: 30px;\n    padding-bottom: 30px;\n  }\n}\n<\/style>\n\t<\/section>\n\t\n\n\t<section class=\"section\" id=\"section_1933376807\">\n\t\t<div class=\"section-bg fill\" >\n\t\t\t\t\t\t\t\t\t\n\t\t\t\n\n\t\t<\/div>\n\n\t\t\n\n\t\t<div class=\"section-content relative\">\n\t\t\t\n<div class=\"row align-middle\"  id=\"row-712964027\">\n\n\t<div id=\"col-724374391\" class=\"col medium-12 small-12 large-12\"  >\n\t\t\t\t<div class=\"col-inner\"  >\n\t\t\t\n\t\t\t\n<h2 class=\"uppercase\">Kontakt oss her<\/h2>\n<p>Uansett om du har sp\u00f8rsm\u00e5l, \u00f8nsker ytterligere informasjon eller \u00f8nsker \u00e5 booke en personlig konsultasjon, er v\u00e5rt team klart til \u00e5 hjelpe deg. Fyll ut skjemaet med dine kontaktinformasjon og din beskjed, s\u00e5 kommer vi tilbake til deg s\u00e5 snart som mulig.<\/p>\n\n<div class=\"frm_forms  with_frm_style frm_style_formidable-styling\" id=\"frm_form_4_container\" data-token=\"8b6d5f649fbe944df572c3acdc255fa1\">\n<form enctype=\"multipart\/form-data\" method=\"post\" class=\"frm-show-form  frm_pro_form \" id=\"form_kontakt3\"  data-token=\"8b6d5f649fbe944df572c3acdc255fa1\">\n<div class=\"frm_form_fields \">\n<fieldset>\n<legend class=\"frm_screen_reader\">Kontakt NO<\/legend>\r\n\r\n<div class=\"frm_fields_container\">\n<input type=\"hidden\" name=\"frm_action\" value=\"create\" \/>\n<input type=\"hidden\" name=\"form_id\" value=\"4\" \/>\n<input type=\"hidden\" name=\"frm_hide_fields_4\" id=\"frm_hide_fields_4\" value=\"\" \/>\n<input type=\"hidden\" name=\"form_key\" value=\"kontakt3\" \/>\n<input type=\"hidden\" name=\"item_meta[0]\" value=\"\" \/>\n<input type=\"hidden\" id=\"frm_submit_entry_4\" name=\"frm_submit_entry_4\" value=\"c98613090f\" \/><input type=\"hidden\" name=\"_wp_http_referer\" value=\"\/no\/wp-json\/wp\/v2\/pages\/10593\" \/><div id=\"frm_field_17_container\" class=\"frm_form_field form-field  frm_none_container\">\r\n    <label for=\"field_hcbc83\" id=\"field_hcbc83_label\" class=\"frm_primary_label\">Navn\r\n        <span class=\"frm_required\" aria-hidden=\"true\"><\/span>\r\n    <\/label>\r\n    <input type=\"text\" id=\"field_hcbc83\" name=\"item_meta[17]\" value=\"\"  placeholder=\"Navn\" data-invmsg=\"Tekst er ugyldig\" aria-invalid=\"false\"  \/>\r\n    \r\n    \r\n<\/div>\n<div id=\"frm_field_18_container\" class=\"frm_form_field form-field  frm_none_container frm6 frm_first\">\r\n    <label for=\"field_yyvkd3\" id=\"field_yyvkd3_label\" class=\"frm_primary_label\">E-mail\r\n        <span class=\"frm_required\" aria-hidden=\"true\"><\/span>\r\n    <\/label>\r\n    <input type=\"text\" id=\"field_yyvkd3\" name=\"item_meta[18]\" value=\"\"  placeholder=\"E-mail\" data-invmsg=\"Tekst er ugyldig\" aria-invalid=\"false\"  \/>\r\n    \r\n    \r\n<\/div>\n<div id=\"frm_field_19_container\" class=\"frm_form_field form-field  frm_none_container frm6\">\r\n    <label for=\"field_od1br3\" id=\"field_od1br3_label\" class=\"frm_primary_label\">Telefon\r\n        <span class=\"frm_required\" aria-hidden=\"true\"><\/span>\r\n    <\/label>\r\n    <input type=\"text\" id=\"field_od1br3\" name=\"item_meta[19]\" value=\"\"  placeholder=\"Telefon\" data-invmsg=\"Phone er ugyldig\" aria-invalid=\"false\"  \/>\r\n    \r\n    \r\n<\/div>\n<div id=\"frm_field_20_container\" class=\"frm_form_field form-field  frm_none_container\">\r\n    <label for=\"field_9cwg33\" id=\"field_9cwg33_label\" class=\"frm_primary_label\">Melding \r\n        <span class=\"frm_required\" aria-hidden=\"true\"><\/span>\r\n    <\/label>\r\n    <textarea name=\"item_meta[20]\" id=\"field_9cwg33\" rows=\"5\"  placeholder=\"Skriver en melding her...\" data-invmsg=\"Besked er ugyldig\" aria-invalid=\"false\"  ><\/textarea>\r\n    \r\n    \r\n<\/div>\n<div id=\"frm_field_26_container\" class=\"frm_form_field form-field  frm_none_container\">\r\n    <label for=\"h-captcha-response\" id=\"field_5nsec_label\" class=\"frm_primary_label\">Captcha\r\n        <span class=\"frm_required\" aria-hidden=\"true\"><\/span>\r\n    <\/label>\r\n    <div id=\"field_5nsec\" class=\"h-captcha\" data-sitekey=\"99c014a4-35a2-4a36-8b7a-314401d0532e\"><\/div>\r\n    \r\n    \r\n<\/div>\n\t<input type=\"hidden\" name=\"item_key\" value=\"\" \/>\n\t\t\t\t<div class=\"frm_verify\" aria-hidden=\"true\">\n\t\t\t\t<label for=\"frm_email_4\">\n\t\t\t\t\tIf you are human, leave this field blank.\t\t\t\t<\/label>\n\t\t\t\t<input type=\"text\" class=\"frm_verify\" id=\"frm_email_4\" name=\"frm_verify\" value=\"\"  \/>\n\t\t\t<\/div>\n\t\t<input name=\"frm_state\" type=\"hidden\" value=\"4cvMZRIi0\/Qv6S+ixpNnF3phCjhF2l\/BwVgkj4tl4+E=\" \/><div class=\"frm_submit\">\r\n\r\n<button class=\"frm_button_submit frm_final_submit\" type=\"submit\"  >Send<\/button>\r\n\r\n\r\n<\/div><\/div>\n<\/fieldset>\n<\/div>\n<\/form>\n<\/div>\n\n\n\t\t<\/div>\n\t\t\t\t\t<\/div>\n\n\t\n<\/div>\n\t\t<\/div>\n\n\t\t\n<style>\n#section_1933376807 {\n  padding-top: 30px;\n  padding-bottom: 30px;\n}\n@media (min-width:550px) {\n  #section_1933376807 {\n    padding-top: 0px;\n    padding-bottom: 0px;\n  }\n}\n<\/style>\n\t<\/section>\n\t\n\n\t<section class=\"section\" id=\"section_1466530670\">\n\t\t<div class=\"section-bg fill\" >\n\t\t\t\t\t\t\t\t\t\n\t\t\t\n\n\t\t<\/div>\n\n\t\t\n\n\t\t<div class=\"section-content relative\">\n\t\t\t\n<div class=\"row align-middle\"  id=\"row-1870799568\">\n\n\t<div id=\"col-39668079\" class=\"col medium-12 small-12 large-12\"  >\n\t\t\t\t<div class=\"col-inner\"  >\n\t\t\t\n\t\t\t\n<h2 class=\"uppercase\">&amp;SHUFL Showroom<\/h2>\n<p>\u2013 et sted hvor dine kj\u00f8kkendr\u00f8mmer blir til virkelighet. Bes\u00f8k v\u00e5rt inspirerende showroom og opplev v\u00e5re innovative kj\u00f8kkenl\u00f8sninger og eksklusive materialer p\u00e5 n\u00e6rt hold. V\u00e5rt erfarne team st\u00e5r klart til \u00e5 guide deg gjennom v\u00e5re forskjellige kolleksjoner og hjelpe deg med \u00e5 skreddersy ditt ideelle kj\u00f8kken. Uansett om du s\u00f8ker moderne minimalisme, rustikk sjarm eller tidl\u00f8s eleganse, kan du finne inspirasjon og f\u00e5 r\u00e5dgivning hos v\u00e5re dedikerte arkitekter. Bes\u00f8k v\u00e5rt showroom i dag og la oss sammen skape ditt dr\u00f8mmekj\u00f8kken.<\/p>\n\n  <div class=\"banner has-hover\" id=\"banner-1527512682\">\n          <div class=\"banner-inner fill\">\n        <div class=\"banner-bg fill\" >\n            <img loading=\"lazy\" decoding=\"async\" width=\"1020\" height=\"681\" src=\"https:\/\/andshufl.com\/wp-content\/uploads\/2024\/10\/SHUFL-koekken-fronter-ikeahack-laminate_porcelana_10-1199x800.jpg\" class=\"bg attachment-large size-large\" alt=\"&amp;SHUFL ikea hack k\u00f8kken\" \/>                                    \n                    <\/div>\n\t\t\n        <div class=\"banner-layers container\">\n            <div class=\"fill banner-link\"><\/div>            \n        <\/div>\n      <\/div>\n\n            \n<style>\n#banner-1527512682 {\n  padding-top: 311px;\n}\n#banner-1527512682 .banner-bg img {\n  object-position: 38% 67%;\n}\n@media (min-width:550px) {\n  #banner-1527512682 {\n    padding-top: 500px;\n  }\n}\n<\/style>\n  <\/div>\n\n\n\t\t<\/div>\n\t\t\t\t\t<\/div>\n\n\t\n<\/div>\n\t\t<\/div>\n\n\t\t\n<style>\n#section_1466530670 {\n  padding-top: 30px;\n  padding-bottom: 30px;\n}\n@media (min-width:550px) {\n  #section_1466530670 {\n    padding-top: 30px;\n    padding-bottom: 30px;\n  }\n}\n<\/style>\n\t<\/section>\n\t\n\n\t<section class=\"section has-parallax\" id=\"section_1532528492\">\n\t\t<div class=\"section-bg fill\" data-parallax-container=\".section\" data-parallax-background data-parallax=\"-8\">\n\t\t\t<img loading=\"lazy\" decoding=\"async\" width=\"1417\" height=\"1063\" src=\"https:\/\/andshufl.com\/wp-content\/uploads\/2024\/03\/Koekken_designmoede_SHUFL_inspiration_2.jpg.jpg\" class=\"bg attachment-original size-original\" alt=\"Designm\u00f8te i &amp;SHUFL utstillingslokale\" \/>\t\t\t\t\t\t<div class=\"section-bg-overlay absolute fill\"><\/div>\n\t\t\t\n\n\t\t<\/div>\n\n\t\t\n\n\t\t<div class=\"section-content relative\">\n\t\t\t\n<div class=\"row\"  id=\"row-1208131390\">\n\n\t<div id=\"col-931418896\" class=\"col small-12 large-12\"  >\n\t\t\t\t<div class=\"col-inner dark\"  >\n\t\t\t\n\t\t\t\n\t<div id=\"text-3853404095\" class=\"text\">\n\t\t\n<p class=\"uppercase\">Kom inn og se kolleksjonene i v\u00e5r utstilling eller bestill en fargepr\u00f8ve.<\/p>\n\t\t\n<style>\n#text-3853404095 {\n  font-size: 2rem;\n}\n<\/style>\n\t<\/div>\n\t\n<a href=\"https:\/\/andshufl.com\/no\/book-designmoete\/\" class=\"button primary\" >\n\t\t<span>Book designm\u00f8te<\/span>\n\t<\/a>\n\n\t\t<\/div>\n\t\t\t\t\t<\/div>\n\n\t\n<\/div>\n\t\t<\/div>\n\n\t\t\n<style>\n#section_1532528492 {\n  padding-top: 60px;\n  padding-bottom: 60px;\n}\n#section_1532528492 .section-bg-overlay {\n  background-color: rgba(0, 0, 0, 0.3);\n}\n#section_1532528492 .section-bg img {\n  object-position: 59% 95%;\n}\n@media (min-width:550px) {\n  #section_1532528492 {\n    padding-top: 90px;\n    padding-bottom: 90px;\n  }\n}\n@media (min-width:850px) {\n  #section_1532528492 {\n    padding-top: 120px;\n    padding-bottom: 120px;\n  }\n}\n<\/style>\n\t<\/section>\n\t\n","protected":false},"excerpt":{"rendered":"","protected":false},"author":1,"featured_media":0,"parent":0,"menu_order":0,"comment_status":"closed","ping_status":"closed","template":"","meta":{"inline_featured_image":false,"footnotes":""},"class_list":["post-10593","page","type-page","status-publish","hentry"],"yoast_head":"<!-- This site is optimized with the Yoast SEO plugin v24.4 - https:\/\/yoast.com\/wordpress\/plugins\/seo\/ -->\n<title>&amp;SHUFL kontakt oss her og f\u00e5 hjelp til ditt kj\u00f8kkeprosjekt.<\/title>\n<meta name=\"description\" content=\"Kontakt &amp; SHUFL og f\u00e5 svar p\u00e5 dine sp\u00f8rgsm\u00e5l. Vi vil elske \u00e5 hjelpe deg med ditt kj\u00f8kken eller garderobe prosjekt.\" \/>\n<meta name=\"robots\" content=\"index, follow, max-snippet:-1, max-image-preview:large, max-video-preview:-1\" \/>\n<link rel=\"canonical\" href=\"https:\/\/andshufl.com\/no\/kontakt\/\" \/>\n<meta property=\"og:locale\" content=\"nb_NO\" \/>\n<meta property=\"og:type\" content=\"article\" \/>\n<meta property=\"og:title\" content=\"&amp;SHUFL kontakt oss her og f\u00e5 hjelp til ditt kj\u00f8kkeprosjekt.\" \/>\n<meta property=\"og:description\" content=\"Kontakt &amp; SHUFL og f\u00e5 svar p\u00e5 dine sp\u00f8rgsm\u00e5l. Vi vil elske \u00e5 hjelpe deg med ditt kj\u00f8kken eller garderobe prosjekt.\" \/>\n<meta property=\"og:url\" content=\"https:\/\/andshufl.com\/no\/kontakt\/\" \/>\n<meta property=\"og:site_name\" content=\"&amp;SHUFL\" \/>\n<meta property=\"article:modified_time\" content=\"2025-05-13T12:42:43+00:00\" \/>\n<meta name=\"twitter:card\" content=\"summary_large_image\" \/>\n<meta name=\"twitter:label1\" content=\"Ansl. lesetid\" \/>\n\t<meta name=\"twitter:data1\" content=\"2 minutter\" \/>\n<script type=\"application\/ld+json\" class=\"yoast-schema-graph\">{\"@context\":\"https:\/\/schema.org\",\"@graph\":[{\"@type\":\"WebPage\",\"@id\":\"https:\/\/andshufl.com\/no\/kontakt\/\",\"url\":\"https:\/\/andshufl.com\/no\/kontakt\/\",\"name\":\"&SHUFL kontakt oss her og f\u00e5 hjelp til ditt kj\u00f8kkeprosjekt.\",\"isPartOf\":{\"@id\":\"https:\/\/andshufl.com\/no\/#website\"},\"datePublished\":\"2023-06-16T13:45:01+00:00\",\"dateModified\":\"2025-05-13T12:42:43+00:00\",\"description\":\"Kontakt & SHUFL og f\u00e5 svar p\u00e5 dine sp\u00f8rgsm\u00e5l. Vi vil elske \u00e5 hjelpe deg med ditt kj\u00f8kken eller garderobe prosjekt.\",\"breadcrumb\":{\"@id\":\"https:\/\/andshufl.com\/no\/kontakt\/#breadcrumb\"},\"inLanguage\":\"nb-NO\",\"potentialAction\":[{\"@type\":\"ReadAction\",\"target\":[\"https:\/\/andshufl.com\/no\/kontakt\/\"]}]},{\"@type\":\"BreadcrumbList\",\"@id\":\"https:\/\/andshufl.com\/no\/kontakt\/#breadcrumb\",\"itemListElement\":[{\"@type\":\"ListItem\",\"position\":1,\"name\":\"Hjem\",\"item\":\"https:\/\/andshufl.com\/no\/forside\/\"},{\"@type\":\"ListItem\",\"position\":2,\"name\":\"Kontakt\"}]},{\"@type\":\"WebSite\",\"@id\":\"https:\/\/andshufl.com\/no\/#website\",\"url\":\"https:\/\/andshufl.com\/no\/\",\"name\":\"&SHUFL\",\"description\":\"\",\"publisher\":{\"@id\":\"https:\/\/andshufl.com\/no\/#organization\"},\"potentialAction\":[{\"@type\":\"SearchAction\",\"target\":{\"@type\":\"EntryPoint\",\"urlTemplate\":\"https:\/\/andshufl.com\/no\/?s={search_term_string}\"},\"query-input\":{\"@type\":\"PropertyValueSpecification\",\"valueRequired\":true,\"valueName\":\"search_term_string\"}}],\"inLanguage\":\"nb-NO\"},{\"@type\":\"Organization\",\"@id\":\"https:\/\/andshufl.com\/no\/#organization\",\"name\":\"&SHUFL\",\"url\":\"https:\/\/andshufl.com\/no\/\",\"logo\":{\"@type\":\"ImageObject\",\"inLanguage\":\"nb-NO\",\"@id\":\"https:\/\/andshufl.com\/no\/#\/schema\/logo\/image\/\",\"url\":\"https:\/\/andshufl.com\/wp-content\/uploads\/2023\/06\/SHUFL_logo.png\",\"contentUrl\":\"https:\/\/andshufl.com\/wp-content\/uploads\/2023\/06\/SHUFL_logo.png\",\"width\":614,\"height\":111,\"caption\":\"&SHUFL\"},\"image\":{\"@id\":\"https:\/\/andshufl.com\/no\/#\/schema\/logo\/image\/\"}}]}<\/script>\n<!-- \/ Yoast SEO plugin. -->","yoast_head_json":{"title":"&SHUFL kontakt oss her og f\u00e5 hjelp til ditt kj\u00f8kkeprosjekt.","description":"Kontakt & SHUFL og f\u00e5 svar p\u00e5 dine sp\u00f8rgsm\u00e5l. Vi vil elske \u00e5 hjelpe deg med ditt kj\u00f8kken eller garderobe prosjekt.","robots":{"index":"index","follow":"follow","max-snippet":"max-snippet:-1","max-image-preview":"max-image-preview:large","max-video-preview":"max-video-preview:-1"},"canonical":"https:\/\/andshufl.com\/no\/kontakt\/","og_locale":"nb_NO","og_type":"article","og_title":"&SHUFL kontakt oss her og f\u00e5 hjelp til ditt kj\u00f8kkeprosjekt.","og_description":"Kontakt & SHUFL og f\u00e5 svar p\u00e5 dine sp\u00f8rgsm\u00e5l. Vi vil elske \u00e5 hjelpe deg med ditt kj\u00f8kken eller garderobe prosjekt.","og_url":"https:\/\/andshufl.com\/no\/kontakt\/","og_site_name":"&amp;SHUFL","article_modified_time":"2025-05-13T12:42:43+00:00","twitter_card":"summary_large_image","twitter_misc":{"Ansl. lesetid":"2 minutter"},"schema":{"@context":"https:\/\/schema.org","@graph":[{"@type":"WebPage","@id":"https:\/\/andshufl.com\/no\/kontakt\/","url":"https:\/\/andshufl.com\/no\/kontakt\/","name":"&SHUFL kontakt oss her og f\u00e5 hjelp til ditt kj\u00f8kkeprosjekt.","isPartOf":{"@id":"https:\/\/andshufl.com\/no\/#website"},"datePublished":"2023-06-16T13:45:01+00:00","dateModified":"2025-05-13T12:42:43+00:00","description":"Kontakt & SHUFL og f\u00e5 svar p\u00e5 dine sp\u00f8rgsm\u00e5l. Vi vil elske \u00e5 hjelpe deg med ditt kj\u00f8kken eller garderobe prosjekt.","breadcrumb":{"@id":"https:\/\/andshufl.com\/no\/kontakt\/#breadcrumb"},"inLanguage":"nb-NO","potentialAction":[{"@type":"ReadAction","target":["https:\/\/andshufl.com\/no\/kontakt\/"]}]},{"@type":"BreadcrumbList","@id":"https:\/\/andshufl.com\/no\/kontakt\/#breadcrumb","itemListElement":[{"@type":"ListItem","position":1,"name":"Hjem","item":"https:\/\/andshufl.com\/no\/forside\/"},{"@type":"ListItem","position":2,"name":"Kontakt"}]},{"@type":"WebSite","@id":"https:\/\/andshufl.com\/no\/#website","url":"https:\/\/andshufl.com\/no\/","name":"&SHUFL","description":"","publisher":{"@id":"https:\/\/andshufl.com\/no\/#organization"},"potentialAction":[{"@type":"SearchAction","target":{"@type":"EntryPoint","urlTemplate":"https:\/\/andshufl.com\/no\/?s={search_term_string}"},"query-input":{"@type":"PropertyValueSpecification","valueRequired":true,"valueName":"search_term_string"}}],"inLanguage":"nb-NO"},{"@type":"Organization","@id":"https:\/\/andshufl.com\/no\/#organization","name":"&SHUFL","url":"https:\/\/andshufl.com\/no\/","logo":{"@type":"ImageObject","inLanguage":"nb-NO","@id":"https:\/\/andshufl.com\/no\/#\/schema\/logo\/image\/","url":"https:\/\/andshufl.com\/wp-content\/uploads\/2023\/06\/SHUFL_logo.png","contentUrl":"https:\/\/andshufl.com\/wp-content\/uploads\/2023\/06\/SHUFL_logo.png","width":614,"height":111,"caption":"&SHUFL"},"image":{"@id":"https:\/\/andshufl.com\/no\/#\/schema\/logo\/image\/"}}]}},"_links":{"self":[{"href":"https:\/\/andshufl.com\/no\/wp-json\/wp\/v2\/pages\/10593","targetHints":{"allow":["GET"]}}],"collection":[{"href":"https:\/\/andshufl.com\/no\/wp-json\/wp\/v2\/pages"}],"about":[{"href":"https:\/\/andshufl.com\/no\/wp-json\/wp\/v2\/types\/page"}],"author":[{"embeddable":true,"href":"https:\/\/andshufl.com\/no\/wp-json\/wp\/v2\/users\/1"}],"replies":[{"embeddable":true,"href":"https:\/\/andshufl.com\/no\/wp-json\/wp\/v2\/comments?post=10593"}],"version-history":[{"count":3,"href":"https:\/\/andshufl.com\/no\/wp-json\/wp\/v2\/pages\/10593\/revisions"}],"predecessor-version":[{"id":10596,"href":"https:\/\/andshufl.com\/no\/wp-json\/wp\/v2\/pages\/10593\/revisions\/10596"}],"wp:attachment":[{"href":"https:\/\/andshufl.com\/no\/wp-json\/wp\/v2\/media?parent=10593"}],"curies":[{"name":"wp","href":"https:\/\/api.w.org\/{rel}","templated":true}]}}