{"id":1850,"date":"2023-06-16T15:44:56","date_gmt":"2023-06-16T13:44:56","guid":{"rendered":"https:\/\/andshufl.com\/book-designmoete\/"},"modified":"2025-05-13T15:10:56","modified_gmt":"2025-05-13T13:10:56","slug":"book-designmoete","status":"publish","type":"page","link":"https:\/\/andshufl.com\/no\/book-designmoete\/","title":{"rendered":"Bestill designm\u00f8te"},"content":{"rendered":"\n\t<section class=\"section\" id=\"section_1551435575\">\n\t\t<div class=\"section-bg fill\" >\n\t\t\t\t\t\t\t\t\t\n\t\t\t\n\n\t\t<\/div>\n\n\t\t\n\n\t\t<div class=\"section-content relative\">\n\t\t\t\n<div class=\"row\"  id=\"row-467526172\">\n\n\t<div id=\"col-1306691449\" class=\"col medium-4 small-12 large-4\"  >\n\t\t\t\t<div class=\"col-inner\"  >\n\t\t\t\n\t\t\t\n\n  <div class=\"banner has-hover\" id=\"banner-1789501018\">\n          <div class=\"banner-inner fill\">\n        <div class=\"banner-bg fill\" >\n            <img loading=\"lazy\" decoding=\"async\" width=\"534\" height=\"800\" src=\"https:\/\/andshufl.com\/wp-content\/uploads\/2024\/05\/SHUFL-MEETING_SHOWROOM_09-534x800.jpg\" class=\"bg attachment-large size-large\" alt=\"\" \/>                        <div class=\"overlay\"><\/div>            \n                    <\/div>\n\t\t\n        <div class=\"banner-layers container\">\n            <a class=\"fill\" href=\"#tab-design\"><div class=\"fill banner-link\"><\/div><\/a>            \n   <div id=\"text-box-12294802\" class=\"text-box banner-layer noClick x50 md-x50 lg-x50 y85 md-y85 lg-y85 res-text\">\n                                <div class=\"text-box-content text dark text-shadow-1\">\n              \n              <div class=\"text-inner text-center\">\n                  \n\t<div id=\"text-2909832914\" class=\"text\">\n\t\t\n<h3 class=\"no-margin uppercase\">DESIGNM\u00d8TE<\/h3>\n<h3 class=\"no-margin uppercase\"><span style=\"font-size: 75%;\">(60 min)<\/span><\/h3>\n\t\t\n<style>\n#text-2909832914 {\n  font-size: 1.25rem;\n}\n@media (min-width:850px) {\n  #text-2909832914 {\n    font-size: 1.85rem;\n  }\n}\n<\/style>\n\t<\/div>\n\t\n\t<div id=\"gap-1803375118\" class=\"gap-element clearfix\" style=\"display:block; height:auto;\">\n\t\t\n<style>\n#gap-1803375118 {\n  padding-top: 15px;\n}\n<\/style>\n\t<\/div>\n\t\n<div class=\"is-divider divider clearfix\" style=\"margin-top:0px;margin-bottom:0px;max-width:90%;height:1px;background-color:rgb(255, 255, 255);\"><\/div>\n\t<div id=\"text-1640078548\" class=\"text\">\n\t\t\n<p>P\u00e5 ditt personlige designm\u00f8te f\u00e5r du inspirasjon, mulighet til \u00e5 eksperimentere med farger og materialer, samt veiledning til neste steg.<\/p>\n\t\t\n<style>\n#text-1640078548 {\n  font-size: 1rem;\n  line-height: 1.2;\n}\n@media (min-width:850px) {\n  #text-1640078548 {\n    font-size: 1.1rem;\n  }\n}\n<\/style>\n\t<\/div>\n\t\n              <\/div>\n           <\/div>\n                            \n<style>\n#text-box-12294802 {\n  width: 90%;\n}\n#text-box-12294802 .text-box-content {\n  font-size: 100%;\n}\n<\/style>\n    <\/div>\n \n   <div id=\"text-box-806318003\" class=\"text-box banner-layer x100 md-x100 lg-x100 y0 md-y0 lg-y0 res-text\">\n                                <div class=\"text-box-content text dark\">\n              \n              <div class=\"text-inner text-center\">\n                  \n\t<div id=\"text-2236567540\" class=\"text\">\n\t\t\n<p class=\"no-margin\">Mandag\u2013L\u00f8rdag<\/p>\n\t\t\n<style>\n#text-2236567540 {\n  font-size: 0.75rem;\n  line-height: 3;\n}\n@media (min-width:850px) {\n  #text-2236567540 {\n    font-size: 1rem;\n  }\n}\n<\/style>\n\t<\/div>\n\t\n              <\/div>\n           <\/div>\n                            \n<style>\n#text-box-806318003 .text-box-content {\n  background-color: #3b3a36;\n  font-size: 100%;\n}\n#text-box-806318003 {\n  width: 35%;\n}\n@media (min-width:550px) {\n  #text-box-806318003 {\n    width: 55%;\n  }\n}\n@media (min-width:850px) {\n  #text-box-806318003 {\n    width: 37%;\n  }\n}\n<\/style>\n    <\/div>\n \n        <\/div>\n      <\/div>\n\n            \n<style>\n#banner-1789501018 {\n  padding-top: 275px;\n}\n#banner-1789501018 .overlay {\n  background-color: rgba(0, 0, 0, 0.3);\n}\n@media (min-width:550px) {\n  #banner-1789501018 {\n    padding-top: 320px;\n  }\n}\n@media (min-width:850px) {\n  #banner-1789501018 {\n    padding-top: 400px;\n  }\n}\n<\/style>\n  <\/div>\n\n\n\t\t<\/div>\n\t\t\t\t\t<\/div>\n\n\t\n\n\t<div id=\"col-1045679635\" class=\"col medium-4 small-12 large-4\"  >\n\t\t\t\t<div class=\"col-inner\"  >\n\t\t\t\n\t\t\t\n\n  <div class=\"banner has-hover\" id=\"banner-1097938034\">\n          <div class=\"banner-inner fill\">\n        <div class=\"banner-bg fill\" >\n            <img loading=\"lazy\" decoding=\"async\" width=\"534\" height=\"800\" src=\"https:\/\/andshufl.com\/wp-content\/uploads\/2024\/05\/SHUFL-MEETING_SHOWROOM_05_flip-534x800.jpg\" class=\"bg attachment-large size-large\" alt=\"\" \/>                        <div class=\"overlay\"><\/div>            \n                    <\/div>\n\t\t\n        <div class=\"banner-layers container\">\n            <a class=\"fill\" href=\"#tab-inspiration\"><div class=\"fill banner-link\"><\/div><\/a>            \n   <div id=\"text-box-1208065680\" class=\"text-box banner-layer noClick x50 md-x50 lg-x50 y25 md-y75 lg-y80 res-text\">\n                                <div class=\"text-box-content text dark text-shadow-1\">\n              \n              <div class=\"text-inner text-center\">\n                  \n\t<div id=\"text-3423872047\" class=\"text\">\n\t\t\n<h3 class=\"no-margin uppercase\">INSPIRASJONSM\u00d8TE<br \/>\n<span style=\"font-size: 75%;\">(30 min)<\/span><\/h3>\n\t\t\n<style>\n#text-3423872047 {\n  font-size: 1.25rem;\n}\n@media (min-width:850px) {\n  #text-3423872047 {\n    font-size: 1.85rem;\n  }\n}\n<\/style>\n\t<\/div>\n\t\n\t<div id=\"gap-67435846\" class=\"gap-element clearfix\" style=\"display:block; height:auto;\">\n\t\t\n<style>\n#gap-67435846 {\n  padding-top: 15px;\n}\n<\/style>\n\t<\/div>\n\t\n<div class=\"is-divider divider clearfix\" style=\"margin-top:0px;margin-bottom:0px;max-width:90%;height:1px;background-color:rgb(255, 255, 255);\"><\/div>\n\t<div id=\"text-3214193372\" class=\"text\">\n\t\t\n<p>Kortere m\u00f8te for deg som raskt vil bli inspirert til ditt kj\u00f8kken eller garderobel\u00f8sning.<\/p>\n\t\t\n<style>\n#text-3214193372 {\n  font-size: 1rem;\n  line-height: 1.2;\n}\n@media (min-width:850px) {\n  #text-3214193372 {\n    font-size: 1.1rem;\n  }\n}\n<\/style>\n\t<\/div>\n\t\n              <\/div>\n           <\/div>\n                            \n<style>\n#text-box-1208065680 {\n  width: 90%;\n}\n#text-box-1208065680 .text-box-content {\n  font-size: 100%;\n}\n<\/style>\n    <\/div>\n \n   <div id=\"text-box-359919044\" class=\"text-box banner-layer x100 md-x100 lg-x100 y0 md-y0 lg-y0 res-text\">\n                                <div class=\"text-box-content text dark\">\n              \n              <div class=\"text-inner text-center\">\n                  \n\t<div id=\"text-1136836200\" class=\"text\">\n\t\t\n<p class=\"no-margin\">Mandag\u2013L\u00f8rdag<\/p>\n\t\t\n<style>\n#text-1136836200 {\n  font-size: 0.75rem;\n  line-height: 3;\n}\n@media (min-width:850px) {\n  #text-1136836200 {\n    font-size: 1rem;\n  }\n}\n<\/style>\n\t<\/div>\n\t\n              <\/div>\n           <\/div>\n                            \n<style>\n#text-box-359919044 .text-box-content {\n  background-color: #3b3a36;\n  font-size: 100%;\n}\n#text-box-359919044 {\n  width: 35%;\n}\n@media (min-width:550px) {\n  #text-box-359919044 {\n    width: 55%;\n  }\n}\n@media (min-width:850px) {\n  #text-box-359919044 {\n    width: 37%;\n  }\n}\n<\/style>\n    <\/div>\n \n        <\/div>\n      <\/div>\n\n            \n<style>\n#banner-1097938034 {\n  padding-top: 275px;\n}\n#banner-1097938034 .overlay {\n  background-color: rgba(0, 0, 0, 0.3);\n}\n#banner-1097938034 .banner-bg img {\n  object-position: 57% 72%;\n}\n@media (min-width:550px) {\n  #banner-1097938034 {\n    padding-top: 320px;\n  }\n}\n@media (min-width:850px) {\n  #banner-1097938034 {\n    padding-top: 400px;\n  }\n}\n<\/style>\n  <\/div>\n\n\n\t\t<\/div>\n\t\t\t\t\t<\/div>\n\n\t\n\n\t<div id=\"col-588997496\" class=\"col medium-4 small-12 large-4\"  >\n\t\t\t\t<div class=\"col-inner\"  >\n\t\t\t\n\t\t\t\n\n  <div class=\"banner has-hover\" id=\"banner-1551661328\">\n          <div class=\"banner-inner fill\">\n        <div class=\"banner-bg fill\" >\n            <img loading=\"lazy\" decoding=\"async\" width=\"534\" height=\"800\" src=\"https:\/\/andshufl.com\/wp-content\/uploads\/2024\/05\/SHUFL-MEETING_SHOWROOM_01-534x800.jpg\" class=\"bg attachment-large size-large\" alt=\"\" \/>                        <div class=\"overlay\"><\/div>            \n                    <\/div>\n\t\t\n        <div class=\"banner-layers container\">\n            <a class=\"fill\" href=\"#tab-online\"><div class=\"fill banner-link\"><\/div><\/a>            \n   <div id=\"text-box-975034652\" class=\"text-box banner-layer noClick x50 md-x50 lg-x50 y50 md-y85 lg-y85 res-text\">\n                                <div class=\"text-box-content text dark text-shadow-1\">\n              \n              <div class=\"text-inner text-center\">\n                  \n\t<div id=\"text-3245564268\" class=\"text\">\n\t\t\n<h3 class=\"no-margin uppercase\">ONLINEM\u00d8TE<br \/>\n<span style=\"font-size: 75%;\">(hverdager)<\/span><\/h3>\n\t\t\n<style>\n#text-3245564268 {\n  font-size: 1.25rem;\n}\n@media (min-width:850px) {\n  #text-3245564268 {\n    font-size: 1.85rem;\n  }\n}\n<\/style>\n\t<\/div>\n\t\n\t<div id=\"gap-1006690762\" class=\"gap-element clearfix\" style=\"display:block; height:auto;\">\n\t\t\n<style>\n#gap-1006690762 {\n  padding-top: 15px;\n}\n<\/style>\n\t<\/div>\n\t\n<div class=\"is-divider divider clearfix\" style=\"margin-top:0px;margin-bottom:0px;max-width:90%;height:1px;background-color:rgb(255, 255, 255);\"><\/div>\n\t<div id=\"text-2549606491\" class=\"text\">\n\t\t\n<p>Et onlinem\u00f8te er for deg som er forhindret fra \u00e5 m\u00f8te opp i v\u00e5rt showroom til et fysisk m\u00f8te. Her kan vi gi r\u00e5d og veiledning, men det er begrensede muligheter for \u00e5 vise frem.<\/p>\n\t\t\n<style>\n#text-2549606491 {\n  font-size: 1rem;\n  line-height: 1.2;\n}\n@media (min-width:850px) {\n  #text-2549606491 {\n    font-size: 1.1rem;\n  }\n}\n<\/style>\n\t<\/div>\n\t\n              <\/div>\n           <\/div>\n                            \n<style>\n#text-box-975034652 {\n  width: 91%;\n}\n#text-box-975034652 .text-box-content {\n  font-size: 100%;\n}\n<\/style>\n    <\/div>\n \n   <div id=\"text-box-1688416654\" class=\"text-box banner-layer x100 md-x100 lg-x100 y0 md-y0 lg-y0 res-text\">\n                                <div class=\"text-box-content text dark\">\n              \n              <div class=\"text-inner text-center\">\n                  \n\t<div id=\"text-3913016425\" class=\"text\">\n\t\t\n<p class=\"no-margin\">Mandag\u2013Fredag<\/p>\n\t\t\n<style>\n#text-3913016425 {\n  font-size: 0.75rem;\n  line-height: 3;\n}\n@media (min-width:850px) {\n  #text-3913016425 {\n    font-size: 1rem;\n  }\n}\n<\/style>\n\t<\/div>\n\t\n              <\/div>\n           <\/div>\n                            \n<style>\n#text-box-1688416654 .text-box-content {\n  background-color: #3b3a36;\n  font-size: 100%;\n}\n#text-box-1688416654 {\n  width: 35%;\n}\n@media (min-width:550px) {\n  #text-box-1688416654 {\n    width: 55%;\n  }\n}\n@media (min-width:850px) {\n  #text-box-1688416654 {\n    width: 37%;\n  }\n}\n<\/style>\n    <\/div>\n \n        <\/div>\n      <\/div>\n\n            \n<style>\n#banner-1551661328 {\n  padding-top: 275px;\n}\n#banner-1551661328 .overlay {\n  background-color: rgba(0, 0, 0, 0.3);\n}\n@media (min-width:550px) {\n  #banner-1551661328 {\n    padding-top: 320px;\n  }\n}\n@media (min-width:850px) {\n  #banner-1551661328 {\n    padding-top: 400px;\n  }\n}\n<\/style>\n  <\/div>\n\n\n\t\t<\/div>\n\t\t\t\t\t<\/div>\n\n\t\n\n\t<div id=\"col-1617490422\" class=\"col small-12 large-12\"  >\n\t\t\t\t<div class=\"col-inner\"  >\n\t\t\t\n\t\t\t\n\t<div id=\"gap-1717827851\" class=\"gap-element clearfix\" style=\"display:block; height:auto;\">\n\t\t\n<style>\n#gap-1717827851 {\n  padding-top: 30px;\n}\n<\/style>\n\t<\/div>\n\t\n\n\t\t<div class=\"tabbed-content calendlyMeets\">\n\t\t\t\n\t\t\t<ul class=\"nav nav-tabs nav-uppercase nav-size-normal nav-left\" role=\"tablist\"><li id=\"tab-design\" class=\"tab active has-icon\" role=\"presentation\"><a href=\"#design\" role=\"tab\" aria-selected=\"true\" aria-controls=\"tab_design\"><span>Designm\u00f8te<\/span><\/a><\/li>\n<li id=\"tab-inspiration\" class=\"tab has-icon\" role=\"presentation\"><a href=\"#inspiration\" tabindex=\"-1\" role=\"tab\" aria-selected=\"false\" aria-controls=\"tab_inspiration\"><span>Inspirasjonsm\u00f8te<\/span><\/a><\/li>\n<li id=\"tab-online\" class=\"tab has-icon\" role=\"presentation\"><a href=\"#online\" tabindex=\"-1\" role=\"tab\" aria-selected=\"false\" aria-controls=\"tab_online\"><span>Onlinem\u00f8te<\/span><\/a><\/li><\/ul><div class=\"tab-panels\"><div id=\"tab_design\" class=\"panel active entry-content\" role=\"tabpanel\" aria-labelledby=\"tab-design\">\n\n<p><!-- Calendly inline widget begin --><\/p>\n<div class=\"calendly-inline-widget\" style=\"min-width: 320px; height: 1200px;\" data-url=\"https:\/\/calendly.com\/andshufl\/designmode?primary_color=b8a67f\"><\/div>\n<p><script type=\"text\/javascript\" src=\"https:\/\/assets.calendly.com\/assets\/external\/widget.js\" async=\"\"><\/script><br \/>\n<!-- Calendly inline widget end --><br \/>\n\n<\/div>\n<div id=\"tab_inspiration\" class=\"panel entry-content\" role=\"tabpanel\" aria-labelledby=\"tab-inspiration\">\n\n<p><!-- Calendly inline widget begin --><\/p>\n<div class=\"calendly-inline-widget\" style=\"min-width: 320px; height: 1200px;\" data-url=\"https:\/\/calendly.com\/andshufl\/inspiration?primary_color=b8a67f\"><\/div>\n<p><!-- Calendly inline widget end --><br \/>\n\n<\/div>\n<div id=\"tab_online\" class=\"panel entry-content\" role=\"tabpanel\" aria-labelledby=\"tab-online\">\n\n<p><!-- Calendly inline widget begin --><\/p>\n<div class=\"calendly-inline-widget\" style=\"min-width: 320px; height: 1200px;\" data-url=\"https:\/\/calendly.com\/andshufl\/online-meeting?primary_color=b8a67f\"><\/div>\n<p><!-- Calendly inline widget end --><br \/>\n\n<\/div><\/div><\/div>\n\t\t<\/div>\n\t\t\t\t\t<\/div>\n\n\t\n<\/div>\n\t\t<\/div>\n\n\t\t\n<style>\n#section_1551435575 {\n  padding-top: 60px;\n  padding-bottom: 60px;\n}\n<\/style>\n\t<\/section>\n\t\n","protected":false},"excerpt":{"rendered":"","protected":false},"author":1,"featured_media":0,"parent":0,"menu_order":0,"comment_status":"closed","ping_status":"closed","template":"","meta":{"inline_featured_image":false,"footnotes":""},"class_list":["post-1850","page","type-page","status-publish","hentry"],"yoast_head":"<!-- This site is optimized with the Yoast SEO plugin v24.4 - https:\/\/yoast.com\/wordpress\/plugins\/seo\/ -->\n<title>Book et design m\u00f8te og f\u00e5 hjelp og veiledning til ditt nye kj\u00f8kken.<\/title>\n<meta name=\"description\" content=\"Book ditt kj\u00f8kkendesignm\u00f8te her. F\u00e5 hjelp og veiledning til ditt nye kj\u00f8kken. Hos &amp;SHUFL tilbyr vi b\u00e5de fysiske-, online- og telefonm\u00f8ter.\" \/>\n<meta name=\"robots\" content=\"index, follow, max-snippet:-1, max-image-preview:large, max-video-preview:-1\" \/>\n<link rel=\"canonical\" href=\"https:\/\/andshufl.com\/no\/book-designmoete\/\" \/>\n<meta property=\"og:locale\" content=\"nb_NO\" \/>\n<meta property=\"og:type\" content=\"article\" \/>\n<meta property=\"og:title\" content=\"Book et design m\u00f8te og f\u00e5 hjelp og veiledning til ditt nye kj\u00f8kken.\" \/>\n<meta property=\"og:description\" content=\"Book ditt kj\u00f8kkendesignm\u00f8te her. F\u00e5 hjelp og veiledning til ditt nye kj\u00f8kken. Hos &amp;SHUFL tilbyr vi b\u00e5de fysiske-, online- og telefonm\u00f8ter.\" \/>\n<meta property=\"og:url\" content=\"https:\/\/andshufl.com\/no\/book-designmoete\/\" \/>\n<meta property=\"og:site_name\" content=\"&amp;SHUFL\" \/>\n<meta property=\"article:modified_time\" content=\"2025-05-13T13:10:56+00:00\" \/>\n<meta property=\"og:image\" content=\"https:\/\/andshufl.com\/wp-content\/uploads\/2024\/03\/Koekken_designmoede_SHUFL_inspiration_4-280x280.jpg\" \/>\n<meta name=\"twitter:card\" content=\"summary_large_image\" \/>\n<meta name=\"twitter:label1\" content=\"Ansl. lesetid\" \/>\n\t<meta name=\"twitter:data1\" content=\"2 minutter\" \/>\n<script type=\"application\/ld+json\" class=\"yoast-schema-graph\">{\"@context\":\"https:\/\/schema.org\",\"@graph\":[{\"@type\":\"WebPage\",\"@id\":\"https:\/\/andshufl.com\/no\/book-designmoete\/\",\"url\":\"https:\/\/andshufl.com\/no\/book-designmoete\/\",\"name\":\"Book et design m\u00f8te og f\u00e5 hjelp og veiledning til ditt nye kj\u00f8kken.\",\"isPartOf\":{\"@id\":\"https:\/\/andshufl.com\/no\/#website\"},\"datePublished\":\"2023-06-16T13:44:56+00:00\",\"dateModified\":\"2025-05-13T13:10:56+00:00\",\"description\":\"Book ditt kj\u00f8kkendesignm\u00f8te her. F\u00e5 hjelp og veiledning til ditt nye kj\u00f8kken. Hos &SHUFL tilbyr vi b\u00e5de fysiske-, online- og telefonm\u00f8ter.\",\"breadcrumb\":{\"@id\":\"https:\/\/andshufl.com\/no\/book-designmoete\/#breadcrumb\"},\"inLanguage\":\"nb-NO\",\"potentialAction\":[{\"@type\":\"ReadAction\",\"target\":[\"https:\/\/andshufl.com\/no\/book-designmoete\/\"]}]},{\"@type\":\"BreadcrumbList\",\"@id\":\"https:\/\/andshufl.com\/no\/book-designmoete\/#breadcrumb\",\"itemListElement\":[{\"@type\":\"ListItem\",\"position\":1,\"name\":\"Hjem\",\"item\":\"https:\/\/andshufl.com\/no\/forside\/\"},{\"@type\":\"ListItem\",\"position\":2,\"name\":\"Bestill designm\u00f8te\"}]},{\"@type\":\"WebSite\",\"@id\":\"https:\/\/andshufl.com\/no\/#website\",\"url\":\"https:\/\/andshufl.com\/no\/\",\"name\":\"&SHUFL\",\"description\":\"\",\"publisher\":{\"@id\":\"https:\/\/andshufl.com\/no\/#organization\"},\"potentialAction\":[{\"@type\":\"SearchAction\",\"target\":{\"@type\":\"EntryPoint\",\"urlTemplate\":\"https:\/\/andshufl.com\/no\/?s={search_term_string}\"},\"query-input\":{\"@type\":\"PropertyValueSpecification\",\"valueRequired\":true,\"valueName\":\"search_term_string\"}}],\"inLanguage\":\"nb-NO\"},{\"@type\":\"Organization\",\"@id\":\"https:\/\/andshufl.com\/no\/#organization\",\"name\":\"&SHUFL\",\"url\":\"https:\/\/andshufl.com\/no\/\",\"logo\":{\"@type\":\"ImageObject\",\"inLanguage\":\"nb-NO\",\"@id\":\"https:\/\/andshufl.com\/no\/#\/schema\/logo\/image\/\",\"url\":\"https:\/\/andshufl.com\/wp-content\/uploads\/2023\/06\/SHUFL_logo.png\",\"contentUrl\":\"https:\/\/andshufl.com\/wp-content\/uploads\/2023\/06\/SHUFL_logo.png\",\"width\":614,\"height\":111,\"caption\":\"&SHUFL\"},\"image\":{\"@id\":\"https:\/\/andshufl.com\/no\/#\/schema\/logo\/image\/\"}}]}<\/script>\n<!-- \/ Yoast SEO plugin. -->","yoast_head_json":{"title":"Book et design m\u00f8te og f\u00e5 hjelp og veiledning til ditt nye kj\u00f8kken.","description":"Book ditt kj\u00f8kkendesignm\u00f8te her. F\u00e5 hjelp og veiledning til ditt nye kj\u00f8kken. Hos &SHUFL tilbyr vi b\u00e5de fysiske-, online- og telefonm\u00f8ter.","robots":{"index":"index","follow":"follow","max-snippet":"max-snippet:-1","max-image-preview":"max-image-preview:large","max-video-preview":"max-video-preview:-1"},"canonical":"https:\/\/andshufl.com\/no\/book-designmoete\/","og_locale":"nb_NO","og_type":"article","og_title":"Book et design m\u00f8te og f\u00e5 hjelp og veiledning til ditt nye kj\u00f8kken.","og_description":"Book ditt kj\u00f8kkendesignm\u00f8te her. F\u00e5 hjelp og veiledning til ditt nye kj\u00f8kken. Hos &SHUFL tilbyr vi b\u00e5de fysiske-, online- og telefonm\u00f8ter.","og_url":"https:\/\/andshufl.com\/no\/book-designmoete\/","og_site_name":"&amp;SHUFL","article_modified_time":"2025-05-13T13:10:56+00:00","og_image":[{"url":"https:\/\/andshufl.com\/wp-content\/uploads\/2024\/03\/Koekken_designmoede_SHUFL_inspiration_4-280x280.jpg","type":"","width":"","height":""}],"twitter_card":"summary_large_image","twitter_misc":{"Ansl. lesetid":"2 minutter"},"schema":{"@context":"https:\/\/schema.org","@graph":[{"@type":"WebPage","@id":"https:\/\/andshufl.com\/no\/book-designmoete\/","url":"https:\/\/andshufl.com\/no\/book-designmoete\/","name":"Book et design m\u00f8te og f\u00e5 hjelp og veiledning til ditt nye kj\u00f8kken.","isPartOf":{"@id":"https:\/\/andshufl.com\/no\/#website"},"datePublished":"2023-06-16T13:44:56+00:00","dateModified":"2025-05-13T13:10:56+00:00","description":"Book ditt kj\u00f8kkendesignm\u00f8te her. F\u00e5 hjelp og veiledning til ditt nye kj\u00f8kken. Hos &SHUFL tilbyr vi b\u00e5de fysiske-, online- og telefonm\u00f8ter.","breadcrumb":{"@id":"https:\/\/andshufl.com\/no\/book-designmoete\/#breadcrumb"},"inLanguage":"nb-NO","potentialAction":[{"@type":"ReadAction","target":["https:\/\/andshufl.com\/no\/book-designmoete\/"]}]},{"@type":"BreadcrumbList","@id":"https:\/\/andshufl.com\/no\/book-designmoete\/#breadcrumb","itemListElement":[{"@type":"ListItem","position":1,"name":"Hjem","item":"https:\/\/andshufl.com\/no\/forside\/"},{"@type":"ListItem","position":2,"name":"Bestill designm\u00f8te"}]},{"@type":"WebSite","@id":"https:\/\/andshufl.com\/no\/#website","url":"https:\/\/andshufl.com\/no\/","name":"&SHUFL","description":"","publisher":{"@id":"https:\/\/andshufl.com\/no\/#organization"},"potentialAction":[{"@type":"SearchAction","target":{"@type":"EntryPoint","urlTemplate":"https:\/\/andshufl.com\/no\/?s={search_term_string}"},"query-input":{"@type":"PropertyValueSpecification","valueRequired":true,"valueName":"search_term_string"}}],"inLanguage":"nb-NO"},{"@type":"Organization","@id":"https:\/\/andshufl.com\/no\/#organization","name":"&SHUFL","url":"https:\/\/andshufl.com\/no\/","logo":{"@type":"ImageObject","inLanguage":"nb-NO","@id":"https:\/\/andshufl.com\/no\/#\/schema\/logo\/image\/","url":"https:\/\/andshufl.com\/wp-content\/uploads\/2023\/06\/SHUFL_logo.png","contentUrl":"https:\/\/andshufl.com\/wp-content\/uploads\/2023\/06\/SHUFL_logo.png","width":614,"height":111,"caption":"&SHUFL"},"image":{"@id":"https:\/\/andshufl.com\/no\/#\/schema\/logo\/image\/"}}]}},"_links":{"self":[{"href":"https:\/\/andshufl.com\/no\/wp-json\/wp\/v2\/pages\/1850","targetHints":{"allow":["GET"]}}],"collection":[{"href":"https:\/\/andshufl.com\/no\/wp-json\/wp\/v2\/pages"}],"about":[{"href":"https:\/\/andshufl.com\/no\/wp-json\/wp\/v2\/types\/page"}],"author":[{"embeddable":true,"href":"https:\/\/andshufl.com\/no\/wp-json\/wp\/v2\/users\/1"}],"replies":[{"embeddable":true,"href":"https:\/\/andshufl.com\/no\/wp-json\/wp\/v2\/comments?post=1850"}],"version-history":[{"count":36,"href":"https:\/\/andshufl.com\/no\/wp-json\/wp\/v2\/pages\/1850\/revisions"}],"predecessor-version":[{"id":10614,"href":"https:\/\/andshufl.com\/no\/wp-json\/wp\/v2\/pages\/1850\/revisions\/10614"}],"wp:attachment":[{"href":"https:\/\/andshufl.com\/no\/wp-json\/wp\/v2\/media?parent=1850"}],"curies":[{"name":"wp","href":"https:\/\/api.w.org\/{rel}","templated":true}]}}