{"id":3804,"date":"2023-06-16T16:03:57","date_gmt":"2023-06-16T14:03:57","guid":{"rendered":"https:\/\/andshufl.com\/handelsbetingelser\/"},"modified":"2023-10-03T17:40:49","modified_gmt":"2023-10-03T15:40:49","slug":"handelsbetingelser","status":"publish","type":"page","link":"https:\/\/andshufl.com\/no\/handelsbetingelser\/","title":{"rendered":"Handelsbetingelser"},"content":{"rendered":"\n\t<section class=\"section\" id=\"section_1858327732\">\n\t\t<div class=\"section-bg fill\" >\n\t\t\t\t\t\t\t\t\t\n\t\t\t\n\n\t\t<\/div>\n\n\t\t\n\n\t\t<div class=\"section-content relative\">\n\t\t\t\n<div class=\"row\"  id=\"row-306373219\">\n\n\t<div id=\"col-190271966\" class=\"col small-12 large-12\"  >\n\t\t\t\t<div class=\"col-inner\"  >\n\t\t\t\n\t\t\t\n<h1>Handelsbetingelser<\/h1>\n<p>Vi oppfordrer deg til \u00e5 lese v\u00e5re handelsbetingelser grundig f\u00f8r du bestiller hos oss.<\/p>\n<h2>1. SELGER OG ANSVARLIG<\/h2>\n<p>&amp;SHUFL ApS<br \/>\nFrederiksholms Kanal 4, baghuset<br \/>\n1220 K\u00f8benhavn K<br \/>\nCvr. nr. 35 53 23 66<\/p>\n<h2>2. FORBEHOLD<\/h2>\n<p>Vi tar forbehold om tastefeil, prisfeil, endringer i moms, valuta og avgifter, pris\u00f8kninger, force majeure, utsolgte- \/utg\u00e5tte produkter, samt leveringsproblemer fra v\u00e5re leverand\u00f8rer.<\/p>\n<h2>3. KONTAKTINFORMASJON<\/h2>\n<p>Du er alltid velkommen til \u00e5 kontakte oss p\u00e5 hello@andshufl.com eller ringe oss p\u00e5 telefon +45 33 11 60 06.<\/p>\n<h2>4. PRISER<\/h2>\n<p>Alle v\u00e5re priser er oppgitt med moms og alle avgifter inkludert. Vi kan endre prisene uten varsel, med mindre vi har angitt en gyldighetsperiode.<\/p>\n<h2>5. VALG AV PRODUKTER<\/h2>\n<p>Som privat forbruker er du oppmerksom p\u00e5 og aksepterer at du ikke har mottatt noen r\u00e5dgivning ang\u00e5ende produktet du har kj\u00f8pt i forbindelse med kj\u00f8pet. Du er derfor selv ansvarlig for ditt valg av produkt og dets egnethet for \u00e5 oppfylle det form\u00e5let du har kj\u00f8pt produktet til. F\u00f8r du kj\u00f8per, b\u00f8r du lese produktbeskrivelsen n\u00f8ye.<\/p>\n<h2>6. LEVERING<\/h2>\n<p>For alle kj\u00f8p av spesialtilpassede produkter gjelder f\u00f8lgende:<\/p>\n<p>Vi leverer normalt innen 5 &#8211; 8 uker etter at vi har mottatt din bestilling. Hvis det gjelder andre leveringstider, vil du f\u00e5 dem oppgitt senest i v\u00e5r ordrebekreftelse eller faktura. Levering vil som regel skje i dagtimerne.<\/p>\n<p>Vennligst merk: I og rundt ferieperioder og helligdager vil leveringstiden v\u00e6re lengre enn v\u00e5r normale leveringstid. Kontakt oss for \u00e5 f\u00e5 mer informasjon.<\/p>\n<p>Vi leverer med fraktb\u00e6rer. Vi leverer til alle fastlandsforbundne \u00f8yer i Danmark.<\/p>\n<p>V\u00e5r fraktb\u00e6rer leverer til d\u00f8ren din, med mindre du avtaler noe annet med oss.<\/p>\n<p>Hvis du bestiller flere produkter, kan levering skje i flere omganger.<\/p>\n<p>Du f\u00e5r i forbindelse med prisen for ditt kj\u00f8p opplyst hva tillegget for frakt utgj\u00f8r, slik at du kjenner den totale prisen for ditt kj\u00f8p. Vi beregner frakten basert p\u00e5 en kombinasjon av vekt, volum og avstand.<\/p>\n<p>For produkter kj\u00f8pt online i v\u00e5r nettbutikk (www.andshufl.com\/shop) gjelder f\u00f8lgende:<\/p>\n<p>De leveringstider som oppgis direkte ved kj\u00f8p online, er gjeldende. Det vil normalt ta 3-4 virkedager i Danmark og 5-10 virkedager i Europa. Produkter kj\u00f8pt online i v\u00e5r nettbutikk leveres til n\u00e6rmeste utleveringssted eller til d\u00f8ren, avhengig av produktets st\u00f8rrelse. S\u00e5 snart vi har mottatt og behandlet din bestilling, vil vi sende deg en bekreftelse p\u00e5 e-post eller SMS, hvor du kan se hvordan vi leverer din bestilling.<\/p>\n<h2>7. V\u00c5RE PRODUKTER<\/h2>\n<p>V\u00e5re produkter spesialtilpasses alle etter dine spesifikke behov, slik at produktet passer til akkurat dine \u00f8nsker, basert p\u00e5 de mange kombinasjonsmulighetene som finnes.<\/p>\n<p>F\u00f8r du bestiller, anbefaler vi at du grundig og med profesjonell hjelp forsikrer deg om at produktet du bestiller har riktige m\u00e5l og farge, da du ikke kan angre kj\u00f8pet av spesialtilpassede produkter.<\/p>\n<p>Du har muligheten til \u00e5 bestille fargepr\u00f8ver f\u00f8r du kj\u00f8per. Du kan ogs\u00e5 bes\u00f8ke v\u00e5rt showroom, se v\u00e5re produkter og f\u00e5 r\u00e5d og veiledning f\u00f8r du gj\u00f8r ditt kj\u00f8p. Bes\u00f8k i showroom skjer etter avtale.<\/p>\n<p>N\u00e5r du kj\u00f8per spesialtilpassede produkter, gj\u00f8r vi deg spesielt oppmerksom p\u00e5 at du ikke kan angre kj\u00f8pet. Du m\u00e5 derfor akseptere, f\u00f8r kj\u00f8pet kan gjennomf\u00f8res, at du ikke kan angre kj\u00f8pet og returnere produktet.<\/p>\n<p>Dette gjelder imidlertid ikke for produkter som er kj\u00f8pt online i v\u00e5r nettbutikk (www.andshufl.com\/shop). Her har du full returrett i 14 dager. Se mer under returpolicyen.<\/p>\n<h2>8. KOMMUNIKASJON<\/h2>\n<p>Vi bruker din e-postadresse og ditt mobilnummer til \u00e5 sende deg meldinger og informasjon via e-post og SMS. Hvis du ikke gir oss tillatelse til noe annet, bruker vi kun din e-postadresse og ditt mobilnummer for henvendelser som har med ditt kj\u00f8p \u00e5 gj\u00f8re.<\/p>\n<p>Du kan gi oss tillatelse til \u00e5 sende deg nyhetsbrev via e-post.<\/p>\n<h2>9. OVERGANG AV RISIKO<\/h2>\n<p>Vi p\u00e5tar oss kun risikoen for korrekt og forsvarlig transport frem til adressen du har oppgitt som leveringsadresse.<\/p>\n<p>Deretter st\u00e5r produktene p\u00e5 din regning og risiko. Bevisbyrden for at produktene har g\u00e5tt tapt som f\u00f8lge av tilfeldig undergang, p\u00e5ligger deg.<\/p>\n<h2>10. MONTERING<\/h2>\n<p>Ved kj\u00f8p av &amp;SHUFLs produkter er montering ikke inkludert. Hengsler med mer er ikke inkludert.<\/p>\n<h2>11. UNDERS\u00d8KELSE OG REKLAMASJON<\/h2>\n<p>Ved mottakelsen av produktene har du plikt til \u00e5 unders\u00f8ke produktene innen rimelig tid for \u00e5 forsikre deg om at de svarer til det du har bestilt.<\/p>\n<p>Med mindre bedre vilk\u00e5r er angitt for det enkelte produkt, gir vi i henhold til kj\u00f8psloven en reklamasjonsrett p\u00e5 24 m\u00e5neder for alle produkter. Reklamasjonsretten betyr at du som kunde kan klage p\u00e5 feil og mangler ved produktet som viser seg opp til 24 m\u00e5neder etter at du mottok produktet. Det er imidlertid en forutsetning at disse manglene ikke har oppst\u00e5tt som f\u00f8lge av din feilaktige bruk av produktet eller annen skadelig adferd.<\/p>\n<p>Det er videre en forutsetning at mangelen var til stede da du mottok produktet f\u00f8rste gang.<\/p>\n<p>Du m\u00e5 reklamere innen rimelig tid etter at du har konstatert mangelen. Reklamerer du innen 2 m\u00e5neder, anses reklamasjonen alltid for \u00e5 v\u00e6re rettidig. Vi refunderer rimelige fraktkostnader som du m\u00e5tte ha i forbindelse med returnering av produktet, hvis reklamasjonen er berettiget.<\/p>\n<p>N\u00e5r du \u00f8nsker \u00e5 reklamere over et produkt, skal reklamasjonen sendes til oss per brev eller e-post til hello@andshufl.com.<\/p>\n<p>Det er ogs\u00e5 mulig \u00e5 levere produktet personlig p\u00e5 ovennevnte adresse etter avtale p\u00e5 forh\u00e5nd.<\/p>\n<p>N\u00e5r du returnerer et produkt, ber vi deg om \u00e5 oppgi ordre- og fakturanummer p\u00e5 pakken, samt legge ved en kopi av ordrebekreftelsen og fakturaen for produktet.<\/p>\n<h2>12. AVHJELPING<\/h2>\n<p>Som forbruker kan du kreve at vi avhjelper mangelen eller leverer et nytt mangelfritt produkt, hvis reklamasjonen er berettiget, og dersom avhjelp\/omlevering ikke medf\u00f8rer urimelige kostnader for oss. Vi kan velge \u00e5 tilby deg omlevering, slik at du f\u00e5r et nytt produkt i stedet for det gamle. Kan vi ikke avhjelpe, og \u00f8nsker du ikke omlevering, g\u00e5r handelen tilbake. N\u00e5r handelen er g\u00e5tt tilbake, tilbakebetaler vi deg din kj\u00f8pesum. N\u00e5r vi har f\u00e5tt kjennskap til din reklamasjon, kontakter vi deg skriftlig per e-post for \u00e5 avtale videre fremgangsm\u00e5te. &amp;SHUFL kan ikke holdes ansvarlig for f\u00f8lgekostnader ved bytter, reklamasjoner og etterleveringer.<\/p>\n<h2>13. ANGRERETT\/FORTRYDELSE<\/h2>\n<p>Som forbruker\/privat kj\u00f8per har du som regel angrerett.<\/p>\n<p>Du kan imidlertid IKKE angre kj\u00f8p av spesielt tilpassede eller spesialtilpassede produkter.<\/p>\n<p>(i) Ingen angrerett:<\/p>\n<p>N\u00e5r du bestiller et spesielt tilpasset eller spesialtilpasset produkt hos oss, m\u00e5 du, f\u00f8r bestillingen er endelig, akseptere at du IKKE har angrerett.<\/p>\n<p>(ii) Angrefrist<\/p>\n<p>Ved alle andre (ikke spesielt tilpassede og spesialtilpassede) produkter kan du angre ditt kj\u00f8p etter at du har inng\u00e5tt kj\u00f8psavtalen. Du kan kun angre kj\u00f8pet av hele og ubrukte produkter. Du kan benytte deg av angreretten ved \u00e5 nekte \u00e5 motta produktet eller ved \u00e5 overlate produktet til transport\u00f8ren\/posten.<\/p>\n<p>Hvis du modtager produktet, skal du have benyttet dig af din fortrydelsesret senest 14 dage efter, at du modtog produktet.<\/p>\n<p>Dette betyr at du senest p\u00e5 den 15. dagen etter at du mottok produktet, m\u00e5 returnere det til oss. Hvis siste dag for ut\u00f8velse av din angrerett faller p\u00e5 en helligdag, en l\u00f8rdag, grunnlovsdag, 24. desember eller 31. desember, utl\u00f8per fristen p\u00e5f\u00f8lgende hverdag. Det er tilstrekkelig for rettidig retur at du har overlatt produktet til en uavhengig transport\u00f8r (fraktmann\/Posten) senest p\u00e5 siste dag. Husk \u00e5 s\u00f8rge for en tilstrekkelig kvittering for overleveringen.<\/p>\n<p>Du kan kun benytte deg av angreretten hvis produktet returneres i vesentlig samme stand og mengde som da du mottok det. Angretten bortfaller derfor helt hvis du har tatt produktet i bruk.<\/p>\n<p>N\u00e5r du benytter deg av angreretten, m\u00e5 du selv betale for frakten n\u00e5r du returnerer produktet. Produkter returnert som postoppkrav vil derfor bli avvist.<\/p>\n<p><strong>Du m\u00e5 sende returproduktet til f\u00f8lgende adresse:<\/strong><\/p>\n<p>&amp;SHUFL ApS<br \/>\nFrederiksholms Kanal 4, baghuset<br \/>\n1220 K\u00f8benhavn K<\/p>\n<p>Du er ansvarlig for transportskader som skyldes dine forhold, s\u00e5 s\u00f8rg for at transporten skjer forsvarlig, inkludert forsvarlig innpakning av produktet.<\/p>\n<p>Du b\u00e6rer ansvaret for alle skader som kan bebreides deg og som ikke er h\u00e6ndelige.<br \/>\nN\u00e5r vi har hatt anledning til \u00e5 unders\u00f8ke ditt returprodukt, tilbakebetaler vi deg pengene dine. Pengene blir satt inn p\u00e5 din bankkonto, dersom du har oppgitt denne til oss. Hvis ikke, vil vi kontakte deg. Vi streber etter \u00e5 returnere pengene til deg innen 7 arbeidsdager etter at vi har mottatt produktene fra deg.<\/p>\n<p>Dersom vi aldri mottar produktet, og det skyldes forhold hos den uavhengige transport\u00f8ren, vil vi returnere pengene dine n\u00e5r du har dokumentert at produktet innenfor fristen ble overlevert til en kvalifisert uavhengig transport\u00f8r som p\u00e5tok seg \u00e5 transportere produktet til oss p\u00e5 den oppgitte adressen.<\/p>\n<p>Dersom vi mener at betingelsene for ut\u00f8velse av angreretten ikke er oppfylt, vil vi kontakte deg og oppgi \u00e5rsaken.<\/p>\n<p>Dersom vi ikke kan anerkjenne din rett til retur, m\u00e5 du selv hente produktet ditt igjen. Henter du ikke produktet ditt igjen, vil vi oppbevare det i 30 dager fra den dagen vi endelig har avvist \u00e5 tilbakebetale deg pengene. Deretter destrueres produktet ditt.<\/p>\n<h2>14. ANSVAR<\/h2>\n<p>&amp;SHUFL p\u00e5tar seg ikke noe ansvar for forsinkelser, s\u00e5 bestill i god tid.<\/p>\n<p>&amp;SHUFL p\u00e5tar seg ikke ansvar for tap av produkter i forbindelse med innsending\/frakt av en reklamasjon.<\/p>\n<p>&amp;SHUFL p\u00e5tar seg ikke ansvar for f\u00f8lgekostnader ved forsinkelser, bytter, reklamasjoner og etterleveringer.<\/p>\n<h2>15. RETTIGHETER<\/h2>\n<p>Alle immaterielle rettigheter, inkludert eneretten til tilgjengeliggj\u00f8ring og eksemplarfremstilling av innhold, inkludert tekst, grafikk, bilder, design osv., p\u00e5 dette nettstedet tilh\u00f8rer &amp;SHUFL.<\/p>\n<h2>16. KJ\u00d8P<\/h2>\n<p>For alle kj\u00f8p av spesialtilpassede produkter gjelder f\u00f8lgende:<\/p>\n<p>Du kan helt frem til betaling av fakturaen endre dine kj\u00f8p og opplysninger.<\/p>\n<p>Vi starter produksjonen av din bestilling f\u00f8rst n\u00e5r vi har mottatt din betaling. Etter betaling av faktura kan det ikke foretas endringer i ordren.<\/p>\n<p>N\u00e5r du legger inn en bestilling, er det f\u00f8rst inng\u00e5tt en avtale n\u00e5r du har mottatt v\u00e5r faktura og godkjent denne ved betaling. Fakturaen inneholder en gjengivelse av avtalen du har inng\u00e5tt med oss, inkludert en henvisning til disse vilk\u00e5rene. I v\u00e5r faktura informerer vi alltid om din angrerett, inkludert at du ikke kan angre kj\u00f8p av spesialtilpassede varer du har bestilt.<\/p>\n<p>Hvis din bestilling er spesielt omfattende, uvanlig eller det er andre omstendigheter som gj\u00f8r at vi ikke kan oppfylle avtalen med deg, sender vi deg en kvittering for bestillingen med f\u00f8lgende formulering:<\/p>\n<p>&#8220;Dette er en kvittering for at vi har mottatt din bestilling. Det er spesielle forhold ved din bestilling som vi m\u00e5 unders\u00f8ke. N\u00e5r vi har unders\u00f8kt dine spesielle forhold, sender vi deg en ordrebekreftelse hvis vi kan akseptere din bestilling. Hvis ikke, sender vi beskjed om dette.&#8221;<\/p>\n<p>For produkter kj\u00f8pt online i v\u00e5r nettbutikk (www.andshufl.com\/shop) gjelder f\u00f8lgende:<\/p>\n<p>Handelen er inng\u00e5tt s\u00e5 snart du mottar din ordrebekreftelse p\u00e5 e-post.<\/p>\n<h2>17. BETALING<\/h2>\n<p>For alle kj\u00f8p av spesialtilpassede produkter gjelder f\u00f8lgende:<\/p>\n<p>Du betaler ved \u00e5 overf\u00f8re penger til v\u00e5r konto i Sydbank. Reg.nr: 6824 Kontonr.: 0001017943 med tydelig angivelse av fakturanummer og navn.<\/p>\n<p>Din ordre settes i gang n\u00e5r du har betalt 100% av fakturaens bel\u00f8p. Hvis du ikke er klar til \u00e5 motta din ordre p\u00e5 det opprinnelig avtalte tidspunktet, er det mulighet for \u00e5 lagre den p\u00e5 v\u00e5rt lager. Merk at din ordre anses som levert dersom du \u00f8nsker \u00e5 benytte deg av denne muligheten.<\/p>\n<p>For produkter kj\u00f8pt online i v\u00e5r nettbutikk (www.andshufl.com\/shop) gjelder f\u00f8lgende:<\/p>\n<p>Du betaler med betalingskort direkte i webshoppen. Du kan betale med Dankort, Visa og MasterCard.<\/p>\n<p>Alle bel\u00f8p er i DKK\/danske kroner og inkluderer moms.<\/p>\n<p>Vi trekker pengene fra kontoen din n\u00e5r varen(e) er sendt.<\/p>\n<p>Vi bruker en godkjent betalingsserver som krypterer alle dine kortopplysninger med SSL (Secure Socket Layer)-protokoll. Det betyr at informasjonene dine er beskyttet mot uautorisert avlesning.<\/p>\n<h2>18. BRUK AV DINE PERSONLIGE OPPLYSNINGER<\/h2>\n<p>Den behandlingsansvarlige for dine opplysninger er &amp;SHUFL ApS, organisasjonsnummer CVR. nr. 35 53 23 66.<\/p>\n<p>Hos &amp;SHUFL respekterer vi dine data, og vi er forpliktet til \u00e5 beskytte dine personlige opplysninger. Derfor overholder vi ogs\u00e5 den nye EU-lovgivningens generelle databeskyttelsesforordning (GDPR).<\/p>\n<p>Vi samler kun informasjon om deg via v\u00e5r nettside, samt n\u00e5r du selv gir oss informasjon via e-post eller telefon. Dette betyr at vi kun har informasjon om deg som du selv har gitt oss. Vi bruker kun disse opplysningene til \u00e5 oppfylle avtalen med deg eller for \u00e5 sende deg informasjon som du selv har bedt om. Du kan n\u00e5r som helst melde deg av denne tjenesten ved \u00e5 sende en e-post til hello@andshufl.com og be om \u00e5 bli slettet fra v\u00e5re systemer.<\/p>\n<p>Vi lagrer informasjonen din s\u00e5 lenge du handler hos oss og i opptil 5 \u00e5r etter at du sist har hatt kontakt med oss. Dette gj\u00f8r vi for \u00e5 kunne betjene deg hvis du for eksempel \u00f8nsker \u00e5 gjenskape tidligere ordrer eller handle nye produkter senere.<\/p>\n<p>Dine opplysninger vil ikke bli delt med noen utenfor &amp;SHUFL med mindre dette er n\u00f8dvendig for \u00e5 tilby den tjenesten du selv ber om. For eksempel f\u00e5r fraktfirmaet v\u00e5rt din adresse og telefonnummer slik at de kan kontakte deg og levere bestillingen din fra oss.<\/p>\n<h2>19. AVSLAG P\u00c5 KJ\u00d8P<\/h2>\n<p>Vi forbeholder oss retten til \u00e5 avvise \u00e5 handle med deg hvis du gjentatte ganger har returnert kj\u00f8pte produkter, eller av andre vesentlige grunner ikke \u00f8nsker \u00e5 selge til deg.<\/p>\n<h2>20. GYLDIGHET<\/h2>\n<p>Disse vilk\u00e5r gjelder for kj\u00f8p foretatt etter 11. juni 2019.<\/p>\n\t\t<\/div>\n\t\t\t\t\t<\/div>\n\n\t\n<\/div>\n\t\t<\/div>\n\n\t\t\n<style>\n#section_1858327732 {\n  padding-top: 30px;\n  padding-bottom: 30px;\n}\n<\/style>\n\t<\/section>\n\t\n","protected":false},"excerpt":{"rendered":"","protected":false},"author":1,"featured_media":0,"parent":0,"menu_order":0,"comment_status":"closed","ping_status":"closed","template":"","meta":{"inline_featured_image":false,"footnotes":""},"class_list":["post-3804","page","type-page","status-publish","hentry"],"yoast_head":"<!-- This site is optimized with the Yoast SEO plugin v24.4 - https:\/\/yoast.com\/wordpress\/plugins\/seo\/ -->\n<title>handelsbetingelser<\/title>\n<meta name=\"description\" content=\"&amp;SHUFL handelsvilk\u00e5r. Vi oppfordrer deg til \u00e5 lese v\u00e5re handelsbetingelser grundig f\u00f8r du bestiller hos oss.\" \/>\n<meta name=\"robots\" content=\"index, follow, max-snippet:-1, max-image-preview:large, max-video-preview:-1\" \/>\n<link rel=\"canonical\" href=\"https:\/\/andshufl.com\/no\/handelsbetingelser\/\" \/>\n<meta property=\"og:locale\" content=\"nb_NO\" \/>\n<meta property=\"og:type\" content=\"article\" \/>\n<meta property=\"og:title\" content=\"handelsbetingelser\" \/>\n<meta property=\"og:description\" content=\"&amp;SHUFL handelsvilk\u00e5r. Vi oppfordrer deg til \u00e5 lese v\u00e5re handelsbetingelser grundig f\u00f8r du bestiller hos oss.\" \/>\n<meta property=\"og:url\" content=\"https:\/\/andshufl.com\/no\/handelsbetingelser\/\" \/>\n<meta property=\"og:site_name\" content=\"&amp;SHUFL\" \/>\n<meta property=\"article:modified_time\" content=\"2023-10-03T15:40:49+00:00\" \/>\n<meta name=\"twitter:card\" content=\"summary_large_image\" \/>\n<meta name=\"twitter:label1\" content=\"Ansl. lesetid\" \/>\n\t<meta name=\"twitter:data1\" content=\"11 minutter\" \/>\n<script type=\"application\/ld+json\" class=\"yoast-schema-graph\">{\"@context\":\"https:\/\/schema.org\",\"@graph\":[{\"@type\":\"WebPage\",\"@id\":\"https:\/\/andshufl.com\/no\/handelsbetingelser\/\",\"url\":\"https:\/\/andshufl.com\/no\/handelsbetingelser\/\",\"name\":\"handelsbetingelser\",\"isPartOf\":{\"@id\":\"https:\/\/andshufl.com\/no\/#website\"},\"datePublished\":\"2023-06-16T14:03:57+00:00\",\"dateModified\":\"2023-10-03T15:40:49+00:00\",\"description\":\"&SHUFL handelsvilk\u00e5r. Vi oppfordrer deg til \u00e5 lese v\u00e5re handelsbetingelser grundig f\u00f8r du bestiller hos oss.\",\"breadcrumb\":{\"@id\":\"https:\/\/andshufl.com\/no\/handelsbetingelser\/#breadcrumb\"},\"inLanguage\":\"nb-NO\",\"potentialAction\":[{\"@type\":\"ReadAction\",\"target\":[\"https:\/\/andshufl.com\/no\/handelsbetingelser\/\"]}]},{\"@type\":\"BreadcrumbList\",\"@id\":\"https:\/\/andshufl.com\/no\/handelsbetingelser\/#breadcrumb\",\"itemListElement\":[{\"@type\":\"ListItem\",\"position\":1,\"name\":\"Hjem\",\"item\":\"https:\/\/andshufl.com\/no\/forside\/\"},{\"@type\":\"ListItem\",\"position\":2,\"name\":\"Handelsbetingelser\"}]},{\"@type\":\"WebSite\",\"@id\":\"https:\/\/andshufl.com\/no\/#website\",\"url\":\"https:\/\/andshufl.com\/no\/\",\"name\":\"&SHUFL\",\"description\":\"\",\"publisher\":{\"@id\":\"https:\/\/andshufl.com\/no\/#organization\"},\"potentialAction\":[{\"@type\":\"SearchAction\",\"target\":{\"@type\":\"EntryPoint\",\"urlTemplate\":\"https:\/\/andshufl.com\/no\/?s={search_term_string}\"},\"query-input\":{\"@type\":\"PropertyValueSpecification\",\"valueRequired\":true,\"valueName\":\"search_term_string\"}}],\"inLanguage\":\"nb-NO\"},{\"@type\":\"Organization\",\"@id\":\"https:\/\/andshufl.com\/no\/#organization\",\"name\":\"&SHUFL\",\"url\":\"https:\/\/andshufl.com\/no\/\",\"logo\":{\"@type\":\"ImageObject\",\"inLanguage\":\"nb-NO\",\"@id\":\"https:\/\/andshufl.com\/no\/#\/schema\/logo\/image\/\",\"url\":\"https:\/\/andshufl.com\/wp-content\/uploads\/2023\/06\/SHUFL_logo.png\",\"contentUrl\":\"https:\/\/andshufl.com\/wp-content\/uploads\/2023\/06\/SHUFL_logo.png\",\"width\":614,\"height\":111,\"caption\":\"&SHUFL\"},\"image\":{\"@id\":\"https:\/\/andshufl.com\/no\/#\/schema\/logo\/image\/\"}}]}<\/script>\n<!-- \/ Yoast SEO plugin. -->","yoast_head_json":{"title":"handelsbetingelser","description":"&SHUFL handelsvilk\u00e5r. Vi oppfordrer deg til \u00e5 lese v\u00e5re handelsbetingelser grundig f\u00f8r du bestiller hos oss.","robots":{"index":"index","follow":"follow","max-snippet":"max-snippet:-1","max-image-preview":"max-image-preview:large","max-video-preview":"max-video-preview:-1"},"canonical":"https:\/\/andshufl.com\/no\/handelsbetingelser\/","og_locale":"nb_NO","og_type":"article","og_title":"handelsbetingelser","og_description":"&SHUFL handelsvilk\u00e5r. Vi oppfordrer deg til \u00e5 lese v\u00e5re handelsbetingelser grundig f\u00f8r du bestiller hos oss.","og_url":"https:\/\/andshufl.com\/no\/handelsbetingelser\/","og_site_name":"&amp;SHUFL","article_modified_time":"2023-10-03T15:40:49+00:00","twitter_card":"summary_large_image","twitter_misc":{"Ansl. lesetid":"11 minutter"},"schema":{"@context":"https:\/\/schema.org","@graph":[{"@type":"WebPage","@id":"https:\/\/andshufl.com\/no\/handelsbetingelser\/","url":"https:\/\/andshufl.com\/no\/handelsbetingelser\/","name":"handelsbetingelser","isPartOf":{"@id":"https:\/\/andshufl.com\/no\/#website"},"datePublished":"2023-06-16T14:03:57+00:00","dateModified":"2023-10-03T15:40:49+00:00","description":"&SHUFL handelsvilk\u00e5r. Vi oppfordrer deg til \u00e5 lese v\u00e5re handelsbetingelser grundig f\u00f8r du bestiller hos oss.","breadcrumb":{"@id":"https:\/\/andshufl.com\/no\/handelsbetingelser\/#breadcrumb"},"inLanguage":"nb-NO","potentialAction":[{"@type":"ReadAction","target":["https:\/\/andshufl.com\/no\/handelsbetingelser\/"]}]},{"@type":"BreadcrumbList","@id":"https:\/\/andshufl.com\/no\/handelsbetingelser\/#breadcrumb","itemListElement":[{"@type":"ListItem","position":1,"name":"Hjem","item":"https:\/\/andshufl.com\/no\/forside\/"},{"@type":"ListItem","position":2,"name":"Handelsbetingelser"}]},{"@type":"WebSite","@id":"https:\/\/andshufl.com\/no\/#website","url":"https:\/\/andshufl.com\/no\/","name":"&SHUFL","description":"","publisher":{"@id":"https:\/\/andshufl.com\/no\/#organization"},"potentialAction":[{"@type":"SearchAction","target":{"@type":"EntryPoint","urlTemplate":"https:\/\/andshufl.com\/no\/?s={search_term_string}"},"query-input":{"@type":"PropertyValueSpecification","valueRequired":true,"valueName":"search_term_string"}}],"inLanguage":"nb-NO"},{"@type":"Organization","@id":"https:\/\/andshufl.com\/no\/#organization","name":"&SHUFL","url":"https:\/\/andshufl.com\/no\/","logo":{"@type":"ImageObject","inLanguage":"nb-NO","@id":"https:\/\/andshufl.com\/no\/#\/schema\/logo\/image\/","url":"https:\/\/andshufl.com\/wp-content\/uploads\/2023\/06\/SHUFL_logo.png","contentUrl":"https:\/\/andshufl.com\/wp-content\/uploads\/2023\/06\/SHUFL_logo.png","width":614,"height":111,"caption":"&SHUFL"},"image":{"@id":"https:\/\/andshufl.com\/no\/#\/schema\/logo\/image\/"}}]}},"_links":{"self":[{"href":"https:\/\/andshufl.com\/no\/wp-json\/wp\/v2\/pages\/3804","targetHints":{"allow":["GET"]}}],"collection":[{"href":"https:\/\/andshufl.com\/no\/wp-json\/wp\/v2\/pages"}],"about":[{"href":"https:\/\/andshufl.com\/no\/wp-json\/wp\/v2\/types\/page"}],"author":[{"embeddable":true,"href":"https:\/\/andshufl.com\/no\/wp-json\/wp\/v2\/users\/1"}],"replies":[{"embeddable":true,"href":"https:\/\/andshufl.com\/no\/wp-json\/wp\/v2\/comments?post=3804"}],"version-history":[{"count":7,"href":"https:\/\/andshufl.com\/no\/wp-json\/wp\/v2\/pages\/3804\/revisions"}],"predecessor-version":[{"id":5479,"href":"https:\/\/andshufl.com\/no\/wp-json\/wp\/v2\/pages\/3804\/revisions\/5479"}],"wp:attachment":[{"href":"https:\/\/andshufl.com\/no\/wp-json\/wp\/v2\/media?parent=3804"}],"curies":[{"name":"wp","href":"https:\/\/api.w.org\/{rel}","templated":true}]}}