{"id":3986,"date":"2023-09-16T15:06:41","date_gmt":"2023-09-16T13:06:41","guid":{"rendered":"https:\/\/andshufl.com\/personvernspolicy\/"},"modified":"2023-11-21T14:21:20","modified_gmt":"2023-11-21T13:21:20","slug":"personvernspolicy","status":"publish","type":"page","link":"https:\/\/andshufl.com\/no\/personvernspolicy\/","title":{"rendered":"Personvernspolicy"},"content":{"rendered":"\n\t<section class=\"section\" id=\"section_664108174\">\n\t\t<div class=\"section-bg fill\" >\n\t\t\t\t\t\t\t\t\t\n\t\t\t\n\n\t\t<\/div>\n\n\t\t\n\n\t\t<div class=\"section-content relative\">\n\t\t\t\n<div class=\"row\"  id=\"row-363091660\">\n\n\t<div id=\"col-44852197\" class=\"col small-12 large-12\"  >\n\t\t\t\t<div class=\"col-inner\"  >\n\t\t\t\n\t\t\t\n<div id=\"CF5b09bfa74323e_1-row-7\">\n<div>\n<div>\n<h2>Personvernspolicy<\/h2>\n<\/div>\n<div>\n<h2>Introduksjon <\/h2>\n<p>N\u00e5r du bes\u00f8ker v\u00e5rt nettsted, samles det inn en rekke opplysninger om deg og din bruk av siden, som brukes til \u00e5 se blant annet hvor mange bes\u00f8kende vi har p\u00e5 v\u00e5r side, samt hvilke sider som tiltrekker mest oppmerksomhet i hvilke perioder og fra hvilke geografiske steder vi har flest bes\u00f8kende. Hvis du ikke \u00f8nsker at det samles inn opplysninger, b\u00f8r du velge bort bruk av analyseinformasjonskapsler nederst p\u00e5 denne siden. Nedenfor har vi utdypet hvilken informasjon som samles inn og deres form\u00e5l.<\/p>\n<\/div>\n<div>\n<h2>Utgiver<\/h2>\n<\/div>\n<div id=\"html-content-fld_2161594_1\" data-field=\"fld_2161594_1\">\n<div id=\"virknavn\">&amp;SHUFL ApS<\/div>\n<\/div>\n<div id=\"html-content-fld_3238194_1\" data-field=\"fld_3238194_1\">\n<div id=\"virkadd\">Frederiksholms Kanal 4B, sted<\/div>\n<\/div>\n<div>\n<div id=\"virkpost\"> <\/div>\n<\/div>\n<div id=\"html-content-fld_1949102_1\" data-field=\"fld_1949102_1\">\n<div id=\"virkcvr\">CVR: 35532366<\/div>\n<\/div>\n<div id=\"html-content-fld_1852002_1\" data-field=\"fld_1852002_1\">\n<div id=\"virktlf\">+45 33116006<\/div>\n<\/div>\n<div id=\"html-content-fld_614446_1\" data-field=\"fld_614446_1\">\n<div id=\"virkmail\">hello@andshufl.com<\/div>\n<\/div>\n<div id=\"html-content-fld_2191873_1\" data-field=\"fld_2191873_1\">\n<p>Dataansvarlig: Marie Nygaard Jensen Databehandlingsansvarlig: Marie Nygaard Jensen<\/p>\n<\/div>\n<div>\n<h2>Informasjonskapsler<\/h2>\n<p>Hjemmesiden bruker &#8220;cookies&#8221;, som er en tekstfil som lagres p\u00e5 datamaskinen din, nettbrettet eller mobilen din med det form\u00e5let \u00e5 gjenkjenne enheten din, huske innstillingene dine og utf\u00f8re statistikk og m\u00e5lrette innholdet deretter. Cookies kan ikke inneholde skadelige filer som f.eks. virus eller annet. Det er mulig \u00e5 slette eller blokkere informasjonskapsler. Se veiledningen p\u00e5 <a href=\"https:\/\/www.thagaard.org\/cookiehandtering\/\" target=\"_BLANK\" rel=\"noopener\">Thagaard.org\/cookiehandtering\/<\/a>.<\/p>\n<p>Du kan n\u00e5r som helst endre informasjonskapselinnstillingene dine her, og ogs\u00e5 se en beskrivelse av datalagringen vi bruker i informasjonskapslene v\u00e5re:<\/p>\n<\/div>\n<\/div>\n<\/div>\n\n<p><script id=\"CookieDeclaration\" src=\"https:\/\/consent.cookiebot.com\/d9320448-197b-46ca-9e5f-c2449cc05cde\/cd.js\" type=\"text\/javascript\" async=\"\"><\/script><br \/>\n\n<div id=\"CF5b09bfa74323e_1-row-7\">\n<div> <\/div>\n<p><span style=\"font-size: 23.04px; color: #333333;\">Datainnsamling<\/span><\/p>\n<div id=\"html-content-fld_893697_1\" data-field=\"fld_893697_1\">\n<h2>Personopplysninger<\/h2>\n<p>Personopplysninger er alle typer informasjon som kan knyttes til en person. N\u00e5r du benytter v\u00e5r hjemmeside, samler og behandler vi en rekke av disse informasjonene, samt n\u00e5r du benytter f\u00f8lgende: Webshopsalg, Analyseredskaper.<\/p>\n<p>Vi samler inn og behandler vanligvis f\u00f8lgende typer informasjon: En unik ID, teknisk informasjon om datamaskinen, nettbrettet eller telefonen din, IP-adressen din, geografisk plassering (land og byomr\u00e5de), samt hvilke sider du klikker p\u00e5. Dette skjer kun s\u00e5 lenge du er p\u00e5 v\u00e5rt nettsted.<\/p>\n<\/div>\n<div>\n<h3>Kontaktskjemaer<\/h3>\n<p>N\u00e5r du bruker v\u00e5re kontaktskjema-innsendingsalternativer p\u00e5 nettsiden, blir disse lagret og sendt til v\u00e5rt e-postsystem slik at vi kan besvare sp\u00f8rsm\u00e5lene dine. Kontaktformularene blir ikke brukt til markedsf\u00f8ring, p\u00e5melding til nyhetsbrev eller lignende uten at du ber om det, og dine data blir ikke videreformidlet utenfor organisasjonen, med mindre det er relevant for emnet og du har gitt fullgodkjenning.<\/p>\n<\/div>\n<div>\n<h3>Konto<\/h3>\n<p>I den grad du selv gir eksplisitt samtykke til dette, og selv skriver inn opplysningene, behandles ogs\u00e5: Navn, telefonnummer, e-post, adresse, betalingsopplysninger og annen informasjon du velger \u00e5 skrive inn. Dette vil typisk v\u00e6re i forbindelse med opprettelse av login eller i forbindelse med et kj\u00f8p.<\/p>\n<\/div>\n<div id=\"html-content-fld_116317_1\" data-field=\"fld_116317_1\">\n<h3>Analyseredskaper<\/h3>\n<p>For \u00e5 kunne gi oss den beste innsikten og sammenligningen av dataene for nettsiden v\u00e5r, bruker vi f\u00f8lgende analyseverkt\u00f8y, som tar utgangspunkt i ovennevnte anonyme data: Google Analytics, Facebook Pixels, Google Tag Manager.<\/p>\n<p>Du har til enhver tid ret til \u00e5 ikke bli inkludert i v\u00e5re analyser &#8211; dog setter vi pris p\u00e5 at du hjelper oss med \u00e5 gj\u00f8re v\u00e5r hjemmeside bedre, slik at vi kan forst\u00e5 hva og hvor vi skal fokusere v\u00e5r innsats.<\/p>\n<\/div>\n<div>\n<h2>Underdatabehandlere<\/h2>\n<h3>(Hvem vi deler dine data med) &gt;&gt;&gt; (Hvem vi deler dine data med)<\/h3>\n<\/div>\n<div id=\"html-content-fld_9552167_1\" data-field=\"fld_9552167_1\">\n<div>\n<table width=\"100%\">\n<thead>\n<tr>\n<th align=\"left\">BEHANDLER<\/th>\n<th align=\"left\">FUNKSJON<\/th>\n<th align=\"left\">LAND<\/th>\n<th align=\"left\">DATASIKKERHET UTENFOR EU<\/th>\n<th align=\"left\">DATADELING.<\/th>\n<\/tr>\n<\/thead>\n<tbody>\n<tr>\n<td align=\"left\"> <\/td>\n<td align=\"left\"> <\/td>\n<td align=\"left\"> <\/td>\n<td align=\"left\"> <\/td>\n<td align=\"left\"> <\/td>\n<\/tr>\n<tr>\n<td align=\"left\"> <\/td>\n<td align=\"left\"> <\/td>\n<td align=\"left\"> <\/td>\n<td align=\"left\"> <\/td>\n<td align=\"left\"> <\/td>\n<\/tr>\n<tr>\n<td align=\"left\">Thagaard ApS<\/td>\n<td align=\"left\">Hosting av hjemmeside<\/td>\n<td align=\"left\">EU<\/td>\n<td align=\"left\"> <\/td>\n<td align=\"left\">Webhotel filer, SQL data og backups.<\/td>\n<\/tr>\n<tr>\n<td align=\"left\">Bambora<\/td>\n<td align=\"left\">Motta online betalinger.<\/td>\n<td align=\"left\">Danmark<\/td>\n<td align=\"left\"> <\/td>\n<td align=\"left\">Transaksjons- og ordredetaljer<\/td>\n<\/tr>\n<tr>\n<td align=\"left\"> <\/td>\n<td align=\"left\"> <\/td>\n<td align=\"left\"> <\/td>\n<td align=\"left\"> <\/td>\n<td align=\"left\"> <\/td>\n<\/tr>\n<tr>\n<td align=\"left\"> <\/td>\n<td align=\"left\"> <\/td>\n<td align=\"left\"> <\/td>\n<td align=\"left\"> <\/td>\n<td align=\"left\"> <\/td>\n<\/tr>\n<\/tbody>\n<\/table>\n<\/div>\n<\/div>\n<div>\n<h2>Dataoppbevaring<\/h2>\n<\/div>\n<div>\n<h2>Sikkerhet<\/h2>\n<p>Vi har truffet tekniske og organisatoriske tiltak mot at dine opplysninger ved et uhell eller ulovlig blir slettet, offentliggjort, tapt, forringet eller kommer i uvedkommendes kjennskap, misbrukt eller p\u00e5 annen m\u00e5te behandlet i strid med lovgivningen. Ved databrudd vil alle v\u00e5re registrerte brukere bli kontaktet innen 72 timer med beskjed om hvilke data som er g\u00e5tt tapt, samt en veiledning om hva de skal gj\u00f8re med det. V\u00e5r f\u00f8rste prioritet i en slik situasjon er \u00e5 f\u00e5 stengt sikkerhetshullet for \u00e5 skape minst mulig datatap for brukerne.<\/p>\n<\/div>\n<div id=\"html-content-fld_8545130_1\" data-field=\"fld_8545130_1\">\n<h2>Databeskyttelse<\/h2>\n<p>Vi verdsetter dine data, akkurat som vi gj\u00f8r med v\u00e5re egne, s\u00e5 vi beskytter v\u00e5re (og dine) data med f\u00f8lgende initiativer, som vi alltid holder oppdatert: SSL-kryptering, firewall, sikkerhetsnettverk, to-faktor autentisering, oppl\u00e6ring av ansatte, godkjenning av passordstyrke, blokkere for passordbrudd.<\/p>\n<\/div>\n<div id=\"html-content-fld_2874683_1\" data-field=\"fld_2874683_1\">\n<h2>Dataoppbevaringslengde<\/h2>\n<p>Hvis du skriver og sender inn data til nettsiden via kontaktskjemaer, vil disse bli oppbevart p\u00e5 siden i opptil 1 \u00e5r for \u00e5 kunne henvise til tidligere avtaler og kommentarer fra disse.<\/p>\n<p>Brukere som oppretter seg p\u00e5 v\u00e5r hjemmeside kan til enhver tid se, redigere og slette sine personlige opplysninger, og derfor er det ingen begrensning p\u00e5 hvor lenge vi oppbevarer denne informasjonen.<\/p>\n<p>Nettstedets administratorer kan til enhver tid se og redigere informasjonen som brukerne har tilgjengelig i profilene sine.<\/p>\n<p>Analytiske data arkiveres i ubestemt tid for \u00e5 kunne se og f\u00f8lge v\u00e5r online vekst samt forbedre v\u00e5r aktivitet.<\/p>\n<p>V\u00e5re kundekj\u00f8psarkiver arkiveres i samsvar med gjeldende dansk lovgivning.<\/p>\n<\/div>\n<div id=\"html-content-fld_9763356_1\" data-field=\"fld_9763356_1\">\n<h2>Databruddprosedyrer<\/h2>\n<p>Vi benytter oss av en oppdatert firewall, som til enhver tid gir oss beskjed hvis v\u00e5r sikkerhet har blitt brutt, enten via brudd i firewallen eller et passordbrudd &#8211; slik blir vi varslet s\u00e5 raskt som mulig, etterfulgt av at vi kan h\u00e5ndtere situasjonen. Derudover avgir v\u00e5r firewallukentlige oppdateringer om forhindrede fors\u00f8k p\u00e5 \u00e5 angripe v\u00e5r sikkerhet, samt alarm ved \u00f8kt fors\u00f8ksaktivitet, slik at vi til enhver tid er informert om mulige angrep mot v\u00e5re (og deres) data.<\/p>\n<\/div>\n<div>\n<h2>Datarettigheder<\/h2>\n<h3>Eksport og sletting av data.<\/h3>\n<p>Du har rett til innsyn i den dataen vi oppbevarer om deg. Du kan be om \u00e5 f\u00e5 eksportert en fil med de personlige dataene vi har liggende, inkludert all data du har gitt oss. Du kan ogs\u00e5 be om at vi sletter all personlig data. Dette inkluderer ingen form for data som vi er forpliktet til \u00e5 lagre av administrative, lovlige eller sikkerhetsgrunner.<\/p>\n<p>Kontakt den behandlingsansvarlige via e-post eller telefon, angitt \u00f8verst p\u00e5 denne siden.<\/p>\n<\/div>\n<\/div>\n<div id=\"CF5b09bfa74323e_1-row-8\"> <\/div>\n\t\t<\/div>\n\t\t\t\t\t<\/div>\n\n\t\n<\/div>\n\t\t<\/div>\n\n\t\t\n<style>\n#section_664108174 {\n  padding-top: 30px;\n  padding-bottom: 30px;\n}\n<\/style>\n\t<\/section>\n\t\n","protected":false},"excerpt":{"rendered":"","protected":false},"author":1,"featured_media":0,"parent":0,"menu_order":0,"comment_status":"closed","ping_status":"closed","template":"","meta":{"inline_featured_image":false,"footnotes":""},"class_list":["post-3986","page","type-page","status-publish","hentry"],"yoast_head":"<!-- This site is optimized with the Yoast SEO plugin v24.4 - https:\/\/yoast.com\/wordpress\/plugins\/seo\/ -->\n<title>Personvernspolicy - &amp;SHUFL<\/title>\n<meta name=\"robots\" content=\"index, follow, max-snippet:-1, max-image-preview:large, max-video-preview:-1\" \/>\n<link rel=\"canonical\" href=\"https:\/\/andshufl.com\/no\/personvernspolicy\/\" \/>\n<meta property=\"og:locale\" content=\"nb_NO\" \/>\n<meta property=\"og:type\" content=\"article\" \/>\n<meta property=\"og:title\" content=\"Personvernspolicy - &amp;SHUFL\" \/>\n<meta property=\"og:url\" content=\"https:\/\/andshufl.com\/no\/personvernspolicy\/\" \/>\n<meta property=\"og:site_name\" content=\"&amp;SHUFL\" \/>\n<meta property=\"article:modified_time\" content=\"2023-11-21T13:21:20+00:00\" \/>\n<meta name=\"twitter:card\" content=\"summary_large_image\" \/>\n<meta name=\"twitter:label1\" content=\"Ansl. lesetid\" \/>\n\t<meta name=\"twitter:data1\" content=\"5 minutter\" \/>\n<script type=\"application\/ld+json\" class=\"yoast-schema-graph\">{\"@context\":\"https:\/\/schema.org\",\"@graph\":[{\"@type\":\"WebPage\",\"@id\":\"https:\/\/andshufl.com\/no\/personvernspolicy\/\",\"url\":\"https:\/\/andshufl.com\/no\/personvernspolicy\/\",\"name\":\"Personvernspolicy - &amp;SHUFL\",\"isPartOf\":{\"@id\":\"https:\/\/andshufl.com\/no\/#website\"},\"datePublished\":\"2023-09-16T13:06:41+00:00\",\"dateModified\":\"2023-11-21T13:21:20+00:00\",\"breadcrumb\":{\"@id\":\"https:\/\/andshufl.com\/no\/personvernspolicy\/#breadcrumb\"},\"inLanguage\":\"nb-NO\",\"potentialAction\":[{\"@type\":\"ReadAction\",\"target\":[\"https:\/\/andshufl.com\/no\/personvernspolicy\/\"]}]},{\"@type\":\"BreadcrumbList\",\"@id\":\"https:\/\/andshufl.com\/no\/personvernspolicy\/#breadcrumb\",\"itemListElement\":[{\"@type\":\"ListItem\",\"position\":1,\"name\":\"Hjem\",\"item\":\"https:\/\/andshufl.com\/no\/forside\/\"},{\"@type\":\"ListItem\",\"position\":2,\"name\":\"Personvernspolicy\"}]},{\"@type\":\"WebSite\",\"@id\":\"https:\/\/andshufl.com\/no\/#website\",\"url\":\"https:\/\/andshufl.com\/no\/\",\"name\":\"&SHUFL\",\"description\":\"\",\"publisher\":{\"@id\":\"https:\/\/andshufl.com\/no\/#organization\"},\"potentialAction\":[{\"@type\":\"SearchAction\",\"target\":{\"@type\":\"EntryPoint\",\"urlTemplate\":\"https:\/\/andshufl.com\/no\/?s={search_term_string}\"},\"query-input\":{\"@type\":\"PropertyValueSpecification\",\"valueRequired\":true,\"valueName\":\"search_term_string\"}}],\"inLanguage\":\"nb-NO\"},{\"@type\":\"Organization\",\"@id\":\"https:\/\/andshufl.com\/no\/#organization\",\"name\":\"&SHUFL\",\"url\":\"https:\/\/andshufl.com\/no\/\",\"logo\":{\"@type\":\"ImageObject\",\"inLanguage\":\"nb-NO\",\"@id\":\"https:\/\/andshufl.com\/no\/#\/schema\/logo\/image\/\",\"url\":\"https:\/\/andshufl.com\/wp-content\/uploads\/2023\/06\/SHUFL_logo.png\",\"contentUrl\":\"https:\/\/andshufl.com\/wp-content\/uploads\/2023\/06\/SHUFL_logo.png\",\"width\":614,\"height\":111,\"caption\":\"&SHUFL\"},\"image\":{\"@id\":\"https:\/\/andshufl.com\/no\/#\/schema\/logo\/image\/\"}}]}<\/script>\n<!-- \/ Yoast SEO plugin. -->","yoast_head_json":{"title":"Personvernspolicy - &amp;SHUFL","robots":{"index":"index","follow":"follow","max-snippet":"max-snippet:-1","max-image-preview":"max-image-preview:large","max-video-preview":"max-video-preview:-1"},"canonical":"https:\/\/andshufl.com\/no\/personvernspolicy\/","og_locale":"nb_NO","og_type":"article","og_title":"Personvernspolicy - &amp;SHUFL","og_url":"https:\/\/andshufl.com\/no\/personvernspolicy\/","og_site_name":"&amp;SHUFL","article_modified_time":"2023-11-21T13:21:20+00:00","twitter_card":"summary_large_image","twitter_misc":{"Ansl. lesetid":"5 minutter"},"schema":{"@context":"https:\/\/schema.org","@graph":[{"@type":"WebPage","@id":"https:\/\/andshufl.com\/no\/personvernspolicy\/","url":"https:\/\/andshufl.com\/no\/personvernspolicy\/","name":"Personvernspolicy - &amp;SHUFL","isPartOf":{"@id":"https:\/\/andshufl.com\/no\/#website"},"datePublished":"2023-09-16T13:06:41+00:00","dateModified":"2023-11-21T13:21:20+00:00","breadcrumb":{"@id":"https:\/\/andshufl.com\/no\/personvernspolicy\/#breadcrumb"},"inLanguage":"nb-NO","potentialAction":[{"@type":"ReadAction","target":["https:\/\/andshufl.com\/no\/personvernspolicy\/"]}]},{"@type":"BreadcrumbList","@id":"https:\/\/andshufl.com\/no\/personvernspolicy\/#breadcrumb","itemListElement":[{"@type":"ListItem","position":1,"name":"Hjem","item":"https:\/\/andshufl.com\/no\/forside\/"},{"@type":"ListItem","position":2,"name":"Personvernspolicy"}]},{"@type":"WebSite","@id":"https:\/\/andshufl.com\/no\/#website","url":"https:\/\/andshufl.com\/no\/","name":"&SHUFL","description":"","publisher":{"@id":"https:\/\/andshufl.com\/no\/#organization"},"potentialAction":[{"@type":"SearchAction","target":{"@type":"EntryPoint","urlTemplate":"https:\/\/andshufl.com\/no\/?s={search_term_string}"},"query-input":{"@type":"PropertyValueSpecification","valueRequired":true,"valueName":"search_term_string"}}],"inLanguage":"nb-NO"},{"@type":"Organization","@id":"https:\/\/andshufl.com\/no\/#organization","name":"&SHUFL","url":"https:\/\/andshufl.com\/no\/","logo":{"@type":"ImageObject","inLanguage":"nb-NO","@id":"https:\/\/andshufl.com\/no\/#\/schema\/logo\/image\/","url":"https:\/\/andshufl.com\/wp-content\/uploads\/2023\/06\/SHUFL_logo.png","contentUrl":"https:\/\/andshufl.com\/wp-content\/uploads\/2023\/06\/SHUFL_logo.png","width":614,"height":111,"caption":"&SHUFL"},"image":{"@id":"https:\/\/andshufl.com\/no\/#\/schema\/logo\/image\/"}}]}},"_links":{"self":[{"href":"https:\/\/andshufl.com\/no\/wp-json\/wp\/v2\/pages\/3986","targetHints":{"allow":["GET"]}}],"collection":[{"href":"https:\/\/andshufl.com\/no\/wp-json\/wp\/v2\/pages"}],"about":[{"href":"https:\/\/andshufl.com\/no\/wp-json\/wp\/v2\/types\/page"}],"author":[{"embeddable":true,"href":"https:\/\/andshufl.com\/no\/wp-json\/wp\/v2\/users\/1"}],"replies":[{"embeddable":true,"href":"https:\/\/andshufl.com\/no\/wp-json\/wp\/v2\/comments?post=3986"}],"version-history":[{"count":7,"href":"https:\/\/andshufl.com\/no\/wp-json\/wp\/v2\/pages\/3986\/revisions"}],"predecessor-version":[{"id":6177,"href":"https:\/\/andshufl.com\/no\/wp-json\/wp\/v2\/pages\/3986\/revisions\/6177"}],"wp:attachment":[{"href":"https:\/\/andshufl.com\/no\/wp-json\/wp\/v2\/media?parent=3986"}],"curies":[{"name":"wp","href":"https:\/\/api.w.org\/{rel}","templated":true}]}}