{"id":3993,"date":"2023-06-30T14:27:23","date_gmt":"2023-06-30T12:27:23","guid":{"rendered":"https:\/\/andshufl.com\/levering-og-montering\/"},"modified":"2024-04-24T13:56:33","modified_gmt":"2024-04-24T11:56:33","slug":"levering-og-montering","status":"publish","type":"page","link":"https:\/\/andshufl.com\/no\/levering-og-montering\/","title":{"rendered":"Levering og montering."},"content":{"rendered":"\n\t<section class=\"section\" id=\"section_1463836186\">\n\t\t<div class=\"section-bg fill\" >\n\t\t\t\t\t\t\t\t\t\n\t\t\t\n\n\t\t<\/div>\n\n\t\t\n\n\t\t<div class=\"section-content relative\">\n\t\t\t\n\n  <div class=\"banner has-hover has-parallax\" id=\"banner-1222107149\">\n          <div class=\"banner-inner fill\">\n        <div class=\"banner-bg fill\" data-parallax=\"-4\" data-parallax-container=\".banner\" data-parallax-background>\n            <img loading=\"lazy\" decoding=\"async\" width=\"1254\" height=\"675\" src=\"https:\/\/andshufl.com\/wp-content\/uploads\/2024\/01\/Skabelon_bredformat_website_ny.jpg\" class=\"bg attachment-original size-original\" alt=\"Montering av &amp;SHUFL-kj\u00f8kken\" \/>                                    \n                    <\/div>\n\t\t\n        <div class=\"banner-layers container\">\n            <div class=\"fill banner-link\"><\/div>            \n   <div id=\"text-box-1695857703\" class=\"text-box banner-layer x50 md-x50 lg-x50 y50 md-y50 lg-y50 res-text\">\n                                <div class=\"text-box-content text dark\">\n              \n              <div class=\"text-inner text-center\">\n                  \n\t<div id=\"text-3990046159\" class=\"text\">\n\t\t\n<h1 class=\"uppercase\">Levering og montering.<\/h1>\n\t\t\n<style>\n#text-3990046159 {\n  font-size: 1rem;\n}\n@media (min-width:550px) {\n  #text-3990046159 {\n    font-size: 1.5rem;\n  }\n}\n<\/style>\n\t<\/div>\n\t\n              <\/div>\n           <\/div>\n                            \n<style>\n#text-box-1695857703 {\n  width: 90%;\n}\n#text-box-1695857703 .text-box-content {\n  font-size: 100%;\n}\n<\/style>\n    <\/div>\n \n        <\/div>\n      <\/div>\n\n            \n<style>\n#banner-1222107149 {\n  padding-top: 200px;\n}\n#banner-1222107149 .banner-bg img {\n  object-position: 67% 75%;\n}\n@media (min-width:550px) {\n  #banner-1222107149 {\n    padding-top: 300px;\n  }\n}\n@media (min-width:850px) {\n  #banner-1222107149 {\n    padding-top: 400px;\n  }\n}\n<\/style>\n  <\/div>\n\n\n\t\t<\/div>\n\n\t\t\n<style>\n#section_1463836186 {\n  padding-top: 0px;\n  padding-bottom: 0px;\n}\n<\/style>\n\t<\/section>\n\t\n\n\t<section class=\"section\" id=\"section_1323327523\">\n\t\t<div class=\"section-bg fill\" >\n\t\t\t\t\t\t\t\t\t\n\t\t\t\n\n\t\t<\/div>\n\n\t\t\n\n\t\t<div class=\"section-content relative\">\n\t\t\t\n<div class=\"row\"  id=\"row-1991297663\">\n\n\t<div id=\"col-1999344520\" class=\"col small-12 large-12\"  >\n\t\t\t\t<div class=\"col-inner\"  >\n\t\t\t\n\t\t\t\n\t<div id=\"gap-1278122467\" class=\"gap-element clearfix\" style=\"display:block; height:auto;\">\n\t\t\n<style>\n#gap-1278122467 {\n  padding-top: 30px;\n}\n<\/style>\n\t<\/div>\n\t\n<h2 class=\"uppercase\">Levering av din &amp;SHUFL ordre<\/h2>\n<h3>VIKTIG VED MOTTAK<\/h3>\n<p>N\u00e5r du mottar leveringen din fra oss, ber vi deg sjekke umiddelbart, mens sj\u00e5f\u00f8ren er der, at det ikke er synlige skader p\u00e5 emballasjen.<\/p>\n<p>Er det skader p\u00e5 emballasjen, ber vi deg motta ordren med forbehold og skrive dette p\u00e5 kvitteringen til sj\u00e5f\u00f8ren. I motsatt fall kan vi ikke holdes ansvarlige for fraktskader. Ligeledes ber vi deg om \u00e5 dokumentere skaden p\u00e5 emballasjen med bilde, f\u00f8r du pakker ut bestillingen din.<\/p>\n<p>Er det skader b\u00e5de p\u00e5 emballasjen og p\u00e5 varen inni, ber vi deg sende oss en e-post p\u00e5 hello@andshufl.com med bilde av skaden p\u00e5 emballasje og vare, slik at vi kan starte produksjon av den skadde varen p\u00e5 nytt og fremme krav mot fraktselskapet. Hvis du markerer p\u00e5 din ordre\/faktura hva som skal gjenskapes, og ogs\u00e5 sender med et bilde av det, kan vi raskt sette i gang med det.<\/p>\n<\/p>\n<h3>VIKTIG VED INNHENTING<\/h3>\n<p>L\u00f8fting og innb\u00e6ring av bordplater og sidebekledninger skal alltid skje med platen st\u00e5ende oppreist p\u00e5 h\u00f8ykant. Plater skal aldri transporteres eller b\u00e6res liggende. V\u00e6r veldig forsiktig n\u00e5r du setter tingene fra deg, da hj\u00f8rner og kanter er skj\u00f8re.<\/p>\n<h3>INNENFOR 24 TIMER<\/h3>\n<p>Vi vil be deg om \u00e5 sjekke at alle deler av din order er levert i henhold til fakturaen. Dette ber vi deg gj\u00f8re innen 24 timer, og umiddelbart maile oss hvis det mangler noe.<\/p>\n<p>Du kan samtidig danne deg et overblikk over din levering. Det kan v\u00e6re mange deler, og vi anbefaler derfor at du deler opp leveringen din i fronter, sidekledninger, sokler, bordplater osv. P\u00e5 denne m\u00e5ten er det enkelt \u00e5 se hva du har f\u00e5tt levert og hvor det h\u00f8rer til. Hvis det er din mont\u00f8r som mottar, vil vi anbefale at du deler dette tipset med mont\u00f8ren.<\/p>\n<a href=\"https:\/\/andshufl.com\/no\/kontakt\/\" class=\"button secondary is-outline\" >\n\t\t<span>KONTAKT OSS<\/span>\n\t<\/a>\n\n\t\t<\/div>\n\t\t\t\t\t<\/div>\n\n\t\n\n\t<div id=\"col-1794165070\" class=\"col small-12 large-12\"  >\n\t\t\t\t<div class=\"col-inner\"  >\n\t\t\t\n\t\t\t\n\t<div id=\"gap-1606220206\" class=\"gap-element clearfix\" style=\"display:block; height:auto;\">\n\t\t\n<style>\n#gap-1606220206 {\n  padding-top: 30px;\n}\n<\/style>\n\t<\/div>\n\t\n<h2 class=\"uppercase\">Montering av kj\u00f8kken og garderobe<\/h2>\n<h3>MONTERING<\/h3>\n<p>Hvis du har f\u00e5tt utarbeidet en &amp;SHUFL tegning, anbefaler vi at den brukes som utgangspunkt for monteringen. V\u00e6r oppmerksom p\u00e5 eventuelle notater eller spesialinstruksjoner.<\/p>\n<p>Vi anbefaler at du bruker en dyktig og erfaren mont\u00f8r til arbeidet, og at du deler din &amp;SHUFL-tegning, ordre samt dokumentet &#8220;tips til montering&#8221; med mont\u00f8ren.<\/p>\n<p>Hvis du \u00f8nsker \u00e5 montere elementene dine f\u00f8r du f\u00e5r levert din &amp;SHUFL ordre, m\u00e5 du v\u00e6re oppmerksom p\u00e5 at det m\u00e5 v\u00e6re plass til at eventuelle sidepaneler mellom h\u00f8yskap og underskap kan monteres etterp\u00e5.<\/p>\n<h3>MONTERINGSASSISTANSE<\/h3>\n<p>I K\u00f8benhavnsomr\u00e5det har vi et nettverk av dyktige mont\u00f8rer vi kan anbefale. Ring eller skriv til oss for \u00e5 h\u00f8re mer. V\u00e6r oppmerksom p\u00e5 at det kan v\u00e6re en del ventetid, slik at du b\u00f8r kontakte oss og dem i god tid.<\/p>\n<p>Velger du \u00e5 h\u00e5ndtere monteringsoppgaven selv, og oppst\u00e5r det utfordringer underveis, er du eller din mont\u00f8r alltid velkommen til \u00e5 kontakte oss.<\/p>\n<h3>IKEA DELE<\/h3>\n<p>For montering av IKEAs deler anbefaler vi at du f\u00f8lger IKEAs monteringsveiledning.<\/p>\n<h3>DETALJERING<\/h3>\n<p>Hos &amp;SHUFL legger vi stor vekt p\u00e5 detaljene, slik at du f\u00e5r det vakreste mulige resultatet.<\/p>\n<p>For \u00e5 hjelpe deg og din mont\u00f8r har vi samlet noen av de vesentligste detaljene, triksene og tipsene for \u00e5 sette opp din &amp;SHUFL-bestilling.<\/p>\n\t<div id=\"gap-1273253238\" class=\"gap-element clearfix\" style=\"display:block; height:auto;\">\n\t\t\n<style>\n#gap-1273253238 {\n  padding-top: 30px;\n}\n<\/style>\n\t<\/div>\n\t\n<a href=\"https:\/\/andshufl.com\/wp-content\/uploads\/2024\/04\/SHUFL_Koekken-montering_2024.pdf\" target=\"_blank\" class=\"button secondary is-outline\" rel=\"noopener\" >\n\t\t<span>KJ\u00d8KKEN MONTERING<\/span>\n\t<\/a>\n\n<a href=\"https:\/\/andshufl.com\/wp-content\/uploads\/2024\/04\/SHUFL_Garderobe_-montering_2024.pdf\" target=\"_blank\" class=\"button secondary is-outline\" rel=\"noopener\" >\n\t\t<span>GARDEROBE MONTERING<\/span>\n\t<\/a>\n\n<a href=\"https:\/\/andshufl.com\/wp-content\/uploads\/2024\/04\/SHUFL_Traeskuffer_montering_2024.pdf\" target=\"_blank\" class=\"button secondary is-outline\" rel=\"noopener\" >\n\t\t<span>TRESKUFFER MONTERING<\/span>\n\t<\/a>\n\n\t\t<\/div>\n\t\t\t\t\t<\/div>\n\n\t\n<\/div>\n\t\t<\/div>\n\n\t\t\n<style>\n#section_1323327523 {\n  padding-top: 60px;\n  padding-bottom: 60px;\n}\n<\/style>\n\t<\/section>\n\t\n","protected":false},"excerpt":{"rendered":"","protected":false},"author":1,"featured_media":0,"parent":0,"menu_order":0,"comment_status":"closed","ping_status":"closed","template":"","meta":{"inline_featured_image":false,"footnotes":""},"class_list":["post-3993","page","type-page","status-publish","hentry"],"yoast_head":"<!-- This site is optimized with the Yoast SEO plugin v24.4 - https:\/\/yoast.com\/wordpress\/plugins\/seo\/ -->\n<title>Levering og montering av ditt nye &amp;SHUFL kj\u00f8kken eller garderobe<\/title>\n<meta name=\"description\" content=\"Hjelp til montering, her finner du v\u00e5re monteringsguider samt gode tips for \u00e5 motta bestillingen din og finne riktig kj\u00f8kkenmont\u00f8r.\" \/>\n<meta name=\"robots\" content=\"index, follow, max-snippet:-1, max-image-preview:large, max-video-preview:-1\" \/>\n<link rel=\"canonical\" href=\"https:\/\/andshufl.com\/no\/levering-og-montering\/\" \/>\n<meta property=\"og:locale\" content=\"nb_NO\" \/>\n<meta property=\"og:type\" content=\"article\" \/>\n<meta property=\"og:title\" content=\"Levering og montering av ditt nye &amp;SHUFL kj\u00f8kken eller garderobe\" \/>\n<meta property=\"og:description\" content=\"Hjelp til montering, her finner du v\u00e5re monteringsguider samt gode tips for \u00e5 motta bestillingen din og finne riktig kj\u00f8kkenmont\u00f8r.\" \/>\n<meta property=\"og:url\" content=\"https:\/\/andshufl.com\/no\/levering-og-montering\/\" \/>\n<meta property=\"og:site_name\" content=\"&amp;SHUFL\" \/>\n<meta property=\"article:modified_time\" content=\"2024-04-24T11:56:33+00:00\" \/>\n<meta name=\"twitter:card\" content=\"summary_large_image\" \/>\n<meta name=\"twitter:label1\" content=\"Ansl. lesetid\" \/>\n\t<meta name=\"twitter:data1\" content=\"3 minutter\" \/>\n<script type=\"application\/ld+json\" class=\"yoast-schema-graph\">{\"@context\":\"https:\/\/schema.org\",\"@graph\":[{\"@type\":\"WebPage\",\"@id\":\"https:\/\/andshufl.com\/no\/levering-og-montering\/\",\"url\":\"https:\/\/andshufl.com\/no\/levering-og-montering\/\",\"name\":\"Levering og montering av ditt nye &SHUFL kj\u00f8kken eller garderobe\",\"isPartOf\":{\"@id\":\"https:\/\/andshufl.com\/no\/#website\"},\"datePublished\":\"2023-06-30T12:27:23+00:00\",\"dateModified\":\"2024-04-24T11:56:33+00:00\",\"description\":\"Hjelp til montering, her finner du v\u00e5re monteringsguider samt gode tips for \u00e5 motta bestillingen din og finne riktig kj\u00f8kkenmont\u00f8r.\",\"breadcrumb\":{\"@id\":\"https:\/\/andshufl.com\/no\/levering-og-montering\/#breadcrumb\"},\"inLanguage\":\"nb-NO\",\"potentialAction\":[{\"@type\":\"ReadAction\",\"target\":[\"https:\/\/andshufl.com\/no\/levering-og-montering\/\"]}]},{\"@type\":\"BreadcrumbList\",\"@id\":\"https:\/\/andshufl.com\/no\/levering-og-montering\/#breadcrumb\",\"itemListElement\":[{\"@type\":\"ListItem\",\"position\":1,\"name\":\"Hjem\",\"item\":\"https:\/\/andshufl.com\/no\/forside\/\"},{\"@type\":\"ListItem\",\"position\":2,\"name\":\"Levering og montering.\"}]},{\"@type\":\"WebSite\",\"@id\":\"https:\/\/andshufl.com\/no\/#website\",\"url\":\"https:\/\/andshufl.com\/no\/\",\"name\":\"&SHUFL\",\"description\":\"\",\"publisher\":{\"@id\":\"https:\/\/andshufl.com\/no\/#organization\"},\"potentialAction\":[{\"@type\":\"SearchAction\",\"target\":{\"@type\":\"EntryPoint\",\"urlTemplate\":\"https:\/\/andshufl.com\/no\/?s={search_term_string}\"},\"query-input\":{\"@type\":\"PropertyValueSpecification\",\"valueRequired\":true,\"valueName\":\"search_term_string\"}}],\"inLanguage\":\"nb-NO\"},{\"@type\":\"Organization\",\"@id\":\"https:\/\/andshufl.com\/no\/#organization\",\"name\":\"&SHUFL\",\"url\":\"https:\/\/andshufl.com\/no\/\",\"logo\":{\"@type\":\"ImageObject\",\"inLanguage\":\"nb-NO\",\"@id\":\"https:\/\/andshufl.com\/no\/#\/schema\/logo\/image\/\",\"url\":\"https:\/\/andshufl.com\/wp-content\/uploads\/2023\/06\/SHUFL_logo.png\",\"contentUrl\":\"https:\/\/andshufl.com\/wp-content\/uploads\/2023\/06\/SHUFL_logo.png\",\"width\":614,\"height\":111,\"caption\":\"&SHUFL\"},\"image\":{\"@id\":\"https:\/\/andshufl.com\/no\/#\/schema\/logo\/image\/\"}}]}<\/script>\n<!-- \/ Yoast SEO plugin. -->","yoast_head_json":{"title":"Levering og montering av ditt nye &SHUFL kj\u00f8kken eller garderobe","description":"Hjelp til montering, her finner du v\u00e5re monteringsguider samt gode tips for \u00e5 motta bestillingen din og finne riktig kj\u00f8kkenmont\u00f8r.","robots":{"index":"index","follow":"follow","max-snippet":"max-snippet:-1","max-image-preview":"max-image-preview:large","max-video-preview":"max-video-preview:-1"},"canonical":"https:\/\/andshufl.com\/no\/levering-og-montering\/","og_locale":"nb_NO","og_type":"article","og_title":"Levering og montering av ditt nye &SHUFL kj\u00f8kken eller garderobe","og_description":"Hjelp til montering, her finner du v\u00e5re monteringsguider samt gode tips for \u00e5 motta bestillingen din og finne riktig kj\u00f8kkenmont\u00f8r.","og_url":"https:\/\/andshufl.com\/no\/levering-og-montering\/","og_site_name":"&amp;SHUFL","article_modified_time":"2024-04-24T11:56:33+00:00","twitter_card":"summary_large_image","twitter_misc":{"Ansl. lesetid":"3 minutter"},"schema":{"@context":"https:\/\/schema.org","@graph":[{"@type":"WebPage","@id":"https:\/\/andshufl.com\/no\/levering-og-montering\/","url":"https:\/\/andshufl.com\/no\/levering-og-montering\/","name":"Levering og montering av ditt nye &SHUFL kj\u00f8kken eller garderobe","isPartOf":{"@id":"https:\/\/andshufl.com\/no\/#website"},"datePublished":"2023-06-30T12:27:23+00:00","dateModified":"2024-04-24T11:56:33+00:00","description":"Hjelp til montering, her finner du v\u00e5re monteringsguider samt gode tips for \u00e5 motta bestillingen din og finne riktig kj\u00f8kkenmont\u00f8r.","breadcrumb":{"@id":"https:\/\/andshufl.com\/no\/levering-og-montering\/#breadcrumb"},"inLanguage":"nb-NO","potentialAction":[{"@type":"ReadAction","target":["https:\/\/andshufl.com\/no\/levering-og-montering\/"]}]},{"@type":"BreadcrumbList","@id":"https:\/\/andshufl.com\/no\/levering-og-montering\/#breadcrumb","itemListElement":[{"@type":"ListItem","position":1,"name":"Hjem","item":"https:\/\/andshufl.com\/no\/forside\/"},{"@type":"ListItem","position":2,"name":"Levering og montering."}]},{"@type":"WebSite","@id":"https:\/\/andshufl.com\/no\/#website","url":"https:\/\/andshufl.com\/no\/","name":"&SHUFL","description":"","publisher":{"@id":"https:\/\/andshufl.com\/no\/#organization"},"potentialAction":[{"@type":"SearchAction","target":{"@type":"EntryPoint","urlTemplate":"https:\/\/andshufl.com\/no\/?s={search_term_string}"},"query-input":{"@type":"PropertyValueSpecification","valueRequired":true,"valueName":"search_term_string"}}],"inLanguage":"nb-NO"},{"@type":"Organization","@id":"https:\/\/andshufl.com\/no\/#organization","name":"&SHUFL","url":"https:\/\/andshufl.com\/no\/","logo":{"@type":"ImageObject","inLanguage":"nb-NO","@id":"https:\/\/andshufl.com\/no\/#\/schema\/logo\/image\/","url":"https:\/\/andshufl.com\/wp-content\/uploads\/2023\/06\/SHUFL_logo.png","contentUrl":"https:\/\/andshufl.com\/wp-content\/uploads\/2023\/06\/SHUFL_logo.png","width":614,"height":111,"caption":"&SHUFL"},"image":{"@id":"https:\/\/andshufl.com\/no\/#\/schema\/logo\/image\/"}}]}},"_links":{"self":[{"href":"https:\/\/andshufl.com\/no\/wp-json\/wp\/v2\/pages\/3993","targetHints":{"allow":["GET"]}}],"collection":[{"href":"https:\/\/andshufl.com\/no\/wp-json\/wp\/v2\/pages"}],"about":[{"href":"https:\/\/andshufl.com\/no\/wp-json\/wp\/v2\/types\/page"}],"author":[{"embeddable":true,"href":"https:\/\/andshufl.com\/no\/wp-json\/wp\/v2\/users\/1"}],"replies":[{"embeddable":true,"href":"https:\/\/andshufl.com\/no\/wp-json\/wp\/v2\/comments?post=3993"}],"version-history":[{"count":18,"href":"https:\/\/andshufl.com\/no\/wp-json\/wp\/v2\/pages\/3993\/revisions"}],"predecessor-version":[{"id":7609,"href":"https:\/\/andshufl.com\/no\/wp-json\/wp\/v2\/pages\/3993\/revisions\/7609"}],"wp:attachment":[{"href":"https:\/\/andshufl.com\/no\/wp-json\/wp\/v2\/media?parent=3993"}],"curies":[{"name":"wp","href":"https:\/\/api.w.org\/{rel}","templated":true}]}}