{"id":7506,"date":"2024-04-18T13:56:36","date_gmt":"2024-04-18T11:56:36","guid":{"rendered":"https:\/\/andshufl.com\/?page_id=7506"},"modified":"2024-05-02T17:16:30","modified_gmt":"2024-05-02T15:16:30","slug":"om-oss-2","status":"publish","type":"page","link":"https:\/\/andshufl.com\/no\/om-oss-2\/","title":{"rendered":"Jobbannonse"},"content":{"rendered":"\n\t<section class=\"section\" id=\"section_287333282\">\n\t\t<div class=\"section-bg fill\" >\n\t\t\t\t\t\t\t\t\t\n\t\t\t\n\n\t\t<\/div>\n\n\t\t\n\n\t\t<div class=\"section-content relative\">\n\t\t\t\n\n  <div class=\"banner has-hover has-parallax\" id=\"banner-1086701901\">\n          <div class=\"banner-inner fill\">\n        <div class=\"banner-bg fill\" data-parallax=\"-4\" data-parallax-container=\".banner\" data-parallax-background>\n            <img loading=\"lazy\" decoding=\"async\" width=\"2048\" height=\"833\" src=\"https:\/\/andshufl.com\/wp-content\/uploads\/2024\/04\/SHUFL-koekken-fronter-ikeahack-oak_02-1.jpg\" class=\"bg attachment-original size-original\" alt=\"Kj\u00f8kken i eik-kolleksjoner\" \/>                        <div class=\"overlay\"><\/div>            \n                    <\/div>\n\t\t\n        <div class=\"banner-layers container\">\n            <div class=\"fill banner-link\"><\/div>            \n   <div id=\"text-box-202808782\" class=\"text-box banner-layer x50 md-x50 lg-x50 y50 md-y50 lg-y50 res-text\">\n                                <div class=\"text-box-content text dark\">\n              \n              <div class=\"text-inner text-center\">\n                  \n\t<div id=\"text-141159914\" class=\"text\">\n\t\t\n<h1 class=\"uppercase\">ledige stillinger<\/h1>\n\t\t\n<style>\n#text-141159914 {\n  font-size: 1rem;\n}\n@media (min-width:550px) {\n  #text-141159914 {\n    font-size: 1.5rem;\n  }\n}\n<\/style>\n\t<\/div>\n\t\n              <\/div>\n           <\/div>\n                            \n<style>\n#text-box-202808782 {\n  width: 90%;\n}\n#text-box-202808782 .text-box-content {\n  font-size: 100%;\n}\n<\/style>\n    <\/div>\n \n        <\/div>\n      <\/div>\n\n            \n<style>\n#banner-1086701901 {\n  padding-top: 400px;\n}\n#banner-1086701901 .overlay {\n  background-color: rgba(0, 0, 0, 0.3);\n}\n#banner-1086701901 .banner-bg img {\n  object-position: 24% 16%;\n}\n@media (min-width:550px) {\n  #banner-1086701901 {\n    padding-top: 500px;\n  }\n}\n@media (min-width:850px) {\n  #banner-1086701901 {\n    padding-top: 600px;\n  }\n}\n<\/style>\n  <\/div>\n\n\n\t\t<\/div>\n\n\t\t\n<style>\n#section_287333282 {\n  padding-top: 0px;\n  padding-bottom: 0px;\n}\n<\/style>\n\t<\/section>\n\t\n\n\t<section class=\"section\" id=\"section_1424866301\">\n\t\t<div class=\"section-bg fill\" >\n\t\t\t\t\t\t\t\t\t\n\t\t\t\n\n\t\t<\/div>\n\n\t\t\n\n\t\t<div class=\"section-content relative\">\n\t\t\t\n<div class=\"row\"  id=\"row-1778206751\">\n\n\t<div id=\"col-1047783544\" class=\"col small-12 large-12\"  >\n\t\t\t\t<div class=\"col-inner text-left\"  >\n\t\t\t\n\t\t\t\n\t<div id=\"gap-1160494627\" class=\"gap-element clearfix\" style=\"display:block; height:auto;\">\n\t\t\n<style>\n#gap-1160494627 {\n  padding-top: 30px;\n}\n<\/style>\n\t<\/div>\n\t\n\t<div id=\"text-1207338114\" class=\"text\">\n\t\t\n<h2 class=\"uppercase\">Ambisi\u00f8s selger med fokus p\u00e5 kj\u00f8kken, sans for innredning og lidenskap for b\u00e6rekraftighet<\/h2>\n<p class=\"uppercase\">\n<p><span style=\"font-weight: 400;\">N\u00e5 trenger vi flere ildsjeler til v\u00e5rt team av dyktige, hyggelige og engasjerte kolleger. &amp;SHUFL er en av Danmarks mest innovative kj\u00f8kkenbedrifter. Siden vi som de f\u00f8rste introduserte IKEA-hacking for 10 \u00e5r siden, har vi v\u00e6rt pionerer innen nytenkning i bransjen og opplevd stor ettersp\u00f8rsel etter v\u00e5re snekkerproduserte kj\u00f8kken-, baderoms- og garderobel\u00f8sninger, som kan tilpasses den enkelte kundes \u00f8nsker og dr\u00f8mmer. Vi brenner for \u00e5 skape vakre og b\u00e6rekraftige l\u00f8sninger, og for \u00e5 jobbe i et selskap der det er plass til alle, og der arbeidsmilj\u00f8et er i toppklasse. <\/span><\/p>\n<p><span style=\"font-weight: 400;\">Vi s\u00f8ker b\u00e5de reisende selgere og selgere til v\u00e5rt showroom i K\u00f8benhavn &#8211; eller en kombinasjon av begge deler. <\/span><\/p>\n<p><b>Dine prim\u00e6re oppgaver vil v\u00e6re:<\/b><\/p>\n<ul>\n<li style=\"font-weight: 400;\" aria-level=\"1\"><span style=\"font-weight: 400;\">salg, kundem\u00f8ter og kundedialog<\/span><\/li>\n<li style=\"font-weight: 400;\" aria-level=\"1\"><span style=\"font-weight: 400;\">design av kj\u00f8kken-, bad- og garderobel\u00f8sninger <\/span><\/li>\n<li style=\"font-weight: 400;\" aria-level=\"1\"><span style=\"font-weight: 400;\">utarbeidelse av tilbud<\/span><\/li>\n<li style=\"font-weight: 400;\" aria-level=\"1\"><span style=\"font-weight: 400;\">m\u00e5ling av eksisterende kj\u00f8kken (reisende selger)<\/span><\/li>\n<\/ul>\n<p><b>Din profil:<\/b><\/p>\n<ul>\n<li style=\"font-weight: 400;\" aria-level=\"1\"><span style=\"font-weight: 400;\">Du brenner for \u00e5 selge og kan dokumentere din salgserfaring.<\/span><\/li>\n<li style=\"font-weight: 400;\" aria-level=\"1\"><span style=\"font-weight: 400;\">Du har stor erfaring med tegning av individuelle l\u00f8sninger.<\/span><\/li>\n<li style=\"font-weight: 400;\" aria-level=\"1\"><span style=\"font-weight: 400;\">Du har erfaring fra kj\u00f8kkenbransjen eller fra design- og interi\u00f8rbransjen, hvor du ogs\u00e5 har tegnet og solgt kj\u00f8kken.<\/span><\/li>\n<li style=\"font-weight: 400;\" aria-level=\"1\"><span style=\"font-weight: 400;\">Du er empatisk og flink til \u00e5 sette deg inn i kundenes situasjon. Du elsker \u00e5 gi god service og kundeadvisering, og kan effektivt finne og lukke den helt riktige l\u00f8sningen for kunden.<\/span><\/li>\n<li style=\"font-weight: 400;\" aria-level=\"1\"><span style=\"font-weight: 400;\">Du er god med tall og rask til \u00e5 sette deg inn i nye systemer.<\/span><\/li>\n<li style=\"font-weight: 400;\" aria-level=\"1\"><span style=\"font-weight: 400;\">Du er flink til \u00e5 kommunisere: du snakker og skriver feilfritt dansk og er sterk i skrift og tale p\u00e5 engelsk. Har du kjennskap til det norske eller svenske markedet og snakker et av de aktuelle spr\u00e5kene, er det en fordel.<\/span><\/li>\n<li style=\"font-weight: 400;\" aria-level=\"1\"><span style=\"font-weight: 400;\">Du tar ansvar og jobber selvstendig og strukturert. <\/span><\/li>\n<li style=\"font-weight: 400;\" aria-level=\"1\"><span style=\"font-weight: 400;\">Du har lyst til \u00e5 bidra med gode ideer og v\u00e6re med p\u00e5 \u00e5 skape en god arbeidsplass for deg selv og kollegene dine.<\/span><\/li>\n<li style=\"font-weight: 400;\" aria-level=\"1\"><span style=\"font-weight: 400;\">Du er innstilt p\u00e5 \u00e5 jobbe 1-2 sene ettermiddager i uken og 1-2 helgedager i m\u00e5neden.<\/span><\/li>\n<\/ul>\n<p><b>Vi tilbyr:<\/b><\/p>\n<p><span style=\"font-weight: 400;\">En stilling p\u00e5 32-37 timer og en attraktiv l\u00f8nn som gjenspeiler dine resultater. <\/span><\/p>\n<p><span style=\"font-weight: 400;\">Du f\u00e5r en variert arbeidsdag og blir en del av et travelt og kreativt milj\u00f8 med god stemning og hyggelige kolleger, hvor service, design, estetikk og b\u00e6rekraft er i fokus. <\/span><\/p>\n<p><span style=\"font-weight: 400;\">Vi er et selskap hvor det er kort vei fra id\u00e9 til handling, og vi \u00f8nsker og verdsetter initiativ og gode innspill.<\/span><\/p>\n<p><span style=\"font-weight: 400;\">Vi har kontor og showroom i indre by i K\u00f8benhavn, hvor du vil jobbe fra eller ha utgangspunktet ditt som kj\u00f8rende selger.<\/span><\/p>\n<p><span style=\"font-weight: 400;\">Ansettelse s\u00e5 snart som mulig. Vi holder samtaler fortl\u00f8pende. Derfor \u00f8nsker vi \u00e5 motta s\u00f8knaden din raskt, senest innen 6. mai 2024.<\/span><\/p>\n<p><span style=\"font-weight: 400;\"> <\/span><\/p>\n<p><span style=\"font-weight: 400;\">Hvis du har sp\u00f8rsm\u00e5l, er du velkommen til \u00e5 sende en e-post til oss p\u00e5 <a href=\"mailto:job@andshufl.com\">job@andshufl.com<\/a>. S\u00f8knaden, som skal inneholde en kort motivasjon og en utfyllende CV inkludert dokumentert salgserfaring, skal ogs\u00e5 sendes hit. <\/span><\/p>\n<\/p>\n<p><span style=\"font-weight: 400;\">Vi ser frem til \u00e5 h\u00f8re fra deg!<\/span><\/p>\n\t\t\n<style>\n#text-1207338114 {\n  text-align: left;\n}\n<\/style>\n\t<\/div>\n\t\n\t\t<\/div>\n\t\t\t\t\t<\/div>\n\n\t\n<\/div>\n\t\t<\/div>\n\n\t\t\n<style>\n#section_1424866301 {\n  padding-top: 30px;\n  padding-bottom: 30px;\n}\n<\/style>\n\t<\/section>\n\t\n<span class=\"scroll-to\" data-label=\"Scroll to: #nyheder\" data-bullet=\"false\" data-link=\"#nyheder\" data-title=\"Nyheder\"><a name=\"nyheder\"><\/a><\/span>\n\n\n\t<section class=\"section has-parallax\" id=\"section_1446991043\">\n\t\t<div class=\"section-bg fill\" data-parallax-container=\".section\" data-parallax-background data-parallax=\"-8\">\n\t\t\t<img loading=\"lazy\" decoding=\"async\" width=\"2560\" height=\"1709\" src=\"https:\/\/andshufl.com\/wp-content\/uploads\/2024\/04\/SHUFL-MEETING_SHOWROOM_06.jpg\" class=\"bg attachment-original size-original\" alt=\"Kj\u00f8kken fra &amp;SHUFL\" \/>\t\t\t\t\t\t<div class=\"section-bg-overlay absolute fill\"><\/div>\n\t\t\t\n\n\t\t<\/div>\n\n\t\t\n\n\t\t<div class=\"section-content relative\">\n\t\t\t\n<div class=\"row\"  id=\"row-325336758\">\n\n\t<div id=\"col-1814044912\" class=\"col small-12 large-12\"  >\n\t\t\t\t<div class=\"col-inner dark\"  >\n\t\t\t\n\t\t\t\n\t<div id=\"text-440102863\" class=\"text\">\n\t\t\n<p class=\"uppercase\">NYTENKENDE OG B\u00c6REKRAFTIGE KJ\u00d8KKENL\u00d8SNINGER<\/p>\n\t\t\n<style>\n#text-440102863 {\n  font-size: 2rem;\n}\n<\/style>\n\t<\/div>\n\t\n<a href=\"https:\/\/andshufl.com\/no\/om-oss\/\" class=\"button primary\" >\n\t\t<span>LES MER OM OSS<\/span>\n\t<\/a>\n\n\t\t<\/div>\n\t\t\t\t\t<\/div>\n\n\t\n<\/div>\n\t\t<\/div>\n\n\t\t\n<style>\n#section_1446991043 {\n  padding-top: 60px;\n  padding-bottom: 60px;\n}\n#section_1446991043 .section-bg-overlay {\n  background-color: rgba(0, 0, 0, 0.3);\n}\n#section_1446991043 .section-bg img {\n  object-position: 58% 64%;\n}\n@media (min-width:550px) {\n  #section_1446991043 {\n    padding-top: 90px;\n    padding-bottom: 90px;\n  }\n}\n@media (min-width:850px) {\n  #section_1446991043 {\n    padding-top: 120px;\n    padding-bottom: 120px;\n  }\n}\n<\/style>\n\t<\/section>\n\t\n","protected":false},"excerpt":{"rendered":"","protected":false},"author":2,"featured_media":0,"parent":0,"menu_order":0,"comment_status":"closed","ping_status":"closed","template":"","meta":{"inline_featured_image":false,"footnotes":""},"class_list":["post-7506","page","type-page","status-publish","hentry"],"yoast_head":"<!-- This site is optimized with the Yoast SEO plugin v24.4 - https:\/\/yoast.com\/wordpress\/plugins\/seo\/ -->\n<title>&amp;SHUFL I Om oss. V\u00e5r historie og visjoner.<\/title>\n<meta name=\"description\" content=\"Hvem er &amp;SHUFL? Vi skaper banebrytende og ansvarlige kj\u00f8kkenl\u00f8sninger. Stiftet i 2013 med en visjon om \u00e5 skape danske designerkj\u00f8kken.\" \/>\n<meta name=\"robots\" content=\"index, follow, max-snippet:-1, max-image-preview:large, max-video-preview:-1\" \/>\n<link rel=\"canonical\" href=\"https:\/\/andshufl.com\/no\/om-oss-2\/\" \/>\n<meta property=\"og:locale\" content=\"nb_NO\" \/>\n<meta property=\"og:type\" content=\"article\" \/>\n<meta property=\"og:title\" content=\"&amp;SHUFL I Om oss. V\u00e5r historie og visjoner.\" \/>\n<meta property=\"og:description\" content=\"Hvem er &amp;SHUFL? Vi skaper banebrytende og ansvarlige kj\u00f8kkenl\u00f8sninger. Stiftet i 2013 med en visjon om \u00e5 skape danske designerkj\u00f8kken.\" \/>\n<meta property=\"og:url\" content=\"https:\/\/andshufl.com\/no\/om-oss-2\/\" \/>\n<meta property=\"og:site_name\" content=\"&amp;SHUFL\" \/>\n<meta property=\"article:modified_time\" content=\"2024-05-02T15:16:30+00:00\" \/>\n<meta name=\"twitter:card\" content=\"summary_large_image\" \/>\n<meta name=\"twitter:label1\" content=\"Ansl. lesetid\" \/>\n\t<meta name=\"twitter:data1\" content=\"11 minutter\" \/>\n<script type=\"application\/ld+json\" class=\"yoast-schema-graph\">{\"@context\":\"https:\/\/schema.org\",\"@graph\":[{\"@type\":\"WebPage\",\"@id\":\"https:\/\/andshufl.com\/no\/om-oss-2\/\",\"url\":\"https:\/\/andshufl.com\/no\/om-oss-2\/\",\"name\":\"&SHUFL I Om oss. V\u00e5r historie og visjoner.\",\"isPartOf\":{\"@id\":\"https:\/\/andshufl.com\/no\/#website\"},\"datePublished\":\"2024-04-18T11:56:36+00:00\",\"dateModified\":\"2024-05-02T15:16:30+00:00\",\"description\":\"Hvem er &SHUFL? Vi skaper banebrytende og ansvarlige kj\u00f8kkenl\u00f8sninger. Stiftet i 2013 med en visjon om \u00e5 skape danske designerkj\u00f8kken.\",\"breadcrumb\":{\"@id\":\"https:\/\/andshufl.com\/no\/om-oss-2\/#breadcrumb\"},\"inLanguage\":\"nb-NO\",\"potentialAction\":[{\"@type\":\"ReadAction\",\"target\":[\"https:\/\/andshufl.com\/no\/om-oss-2\/\"]}]},{\"@type\":\"BreadcrumbList\",\"@id\":\"https:\/\/andshufl.com\/no\/om-oss-2\/#breadcrumb\",\"itemListElement\":[{\"@type\":\"ListItem\",\"position\":1,\"name\":\"Hjem\",\"item\":\"https:\/\/andshufl.com\/no\/forside\/\"},{\"@type\":\"ListItem\",\"position\":2,\"name\":\"Jobbannonse\"}]},{\"@type\":\"WebSite\",\"@id\":\"https:\/\/andshufl.com\/no\/#website\",\"url\":\"https:\/\/andshufl.com\/no\/\",\"name\":\"&SHUFL\",\"description\":\"\",\"publisher\":{\"@id\":\"https:\/\/andshufl.com\/no\/#organization\"},\"potentialAction\":[{\"@type\":\"SearchAction\",\"target\":{\"@type\":\"EntryPoint\",\"urlTemplate\":\"https:\/\/andshufl.com\/no\/?s={search_term_string}\"},\"query-input\":{\"@type\":\"PropertyValueSpecification\",\"valueRequired\":true,\"valueName\":\"search_term_string\"}}],\"inLanguage\":\"nb-NO\"},{\"@type\":\"Organization\",\"@id\":\"https:\/\/andshufl.com\/no\/#organization\",\"name\":\"&SHUFL\",\"url\":\"https:\/\/andshufl.com\/no\/\",\"logo\":{\"@type\":\"ImageObject\",\"inLanguage\":\"nb-NO\",\"@id\":\"https:\/\/andshufl.com\/no\/#\/schema\/logo\/image\/\",\"url\":\"https:\/\/andshufl.com\/wp-content\/uploads\/2023\/06\/SHUFL_logo.png\",\"contentUrl\":\"https:\/\/andshufl.com\/wp-content\/uploads\/2023\/06\/SHUFL_logo.png\",\"width\":614,\"height\":111,\"caption\":\"&SHUFL\"},\"image\":{\"@id\":\"https:\/\/andshufl.com\/no\/#\/schema\/logo\/image\/\"}}]}<\/script>\n<!-- \/ Yoast SEO plugin. -->","yoast_head_json":{"title":"&SHUFL I Om oss. V\u00e5r historie og visjoner.","description":"Hvem er &SHUFL? Vi skaper banebrytende og ansvarlige kj\u00f8kkenl\u00f8sninger. Stiftet i 2013 med en visjon om \u00e5 skape danske designerkj\u00f8kken.","robots":{"index":"index","follow":"follow","max-snippet":"max-snippet:-1","max-image-preview":"max-image-preview:large","max-video-preview":"max-video-preview:-1"},"canonical":"https:\/\/andshufl.com\/no\/om-oss-2\/","og_locale":"nb_NO","og_type":"article","og_title":"&SHUFL I Om oss. V\u00e5r historie og visjoner.","og_description":"Hvem er &SHUFL? Vi skaper banebrytende og ansvarlige kj\u00f8kkenl\u00f8sninger. Stiftet i 2013 med en visjon om \u00e5 skape danske designerkj\u00f8kken.","og_url":"https:\/\/andshufl.com\/no\/om-oss-2\/","og_site_name":"&amp;SHUFL","article_modified_time":"2024-05-02T15:16:30+00:00","twitter_card":"summary_large_image","twitter_misc":{"Ansl. lesetid":"11 minutter"},"schema":{"@context":"https:\/\/schema.org","@graph":[{"@type":"WebPage","@id":"https:\/\/andshufl.com\/no\/om-oss-2\/","url":"https:\/\/andshufl.com\/no\/om-oss-2\/","name":"&SHUFL I Om oss. V\u00e5r historie og visjoner.","isPartOf":{"@id":"https:\/\/andshufl.com\/no\/#website"},"datePublished":"2024-04-18T11:56:36+00:00","dateModified":"2024-05-02T15:16:30+00:00","description":"Hvem er &SHUFL? Vi skaper banebrytende og ansvarlige kj\u00f8kkenl\u00f8sninger. Stiftet i 2013 med en visjon om \u00e5 skape danske designerkj\u00f8kken.","breadcrumb":{"@id":"https:\/\/andshufl.com\/no\/om-oss-2\/#breadcrumb"},"inLanguage":"nb-NO","potentialAction":[{"@type":"ReadAction","target":["https:\/\/andshufl.com\/no\/om-oss-2\/"]}]},{"@type":"BreadcrumbList","@id":"https:\/\/andshufl.com\/no\/om-oss-2\/#breadcrumb","itemListElement":[{"@type":"ListItem","position":1,"name":"Hjem","item":"https:\/\/andshufl.com\/no\/forside\/"},{"@type":"ListItem","position":2,"name":"Jobbannonse"}]},{"@type":"WebSite","@id":"https:\/\/andshufl.com\/no\/#website","url":"https:\/\/andshufl.com\/no\/","name":"&SHUFL","description":"","publisher":{"@id":"https:\/\/andshufl.com\/no\/#organization"},"potentialAction":[{"@type":"SearchAction","target":{"@type":"EntryPoint","urlTemplate":"https:\/\/andshufl.com\/no\/?s={search_term_string}"},"query-input":{"@type":"PropertyValueSpecification","valueRequired":true,"valueName":"search_term_string"}}],"inLanguage":"nb-NO"},{"@type":"Organization","@id":"https:\/\/andshufl.com\/no\/#organization","name":"&SHUFL","url":"https:\/\/andshufl.com\/no\/","logo":{"@type":"ImageObject","inLanguage":"nb-NO","@id":"https:\/\/andshufl.com\/no\/#\/schema\/logo\/image\/","url":"https:\/\/andshufl.com\/wp-content\/uploads\/2023\/06\/SHUFL_logo.png","contentUrl":"https:\/\/andshufl.com\/wp-content\/uploads\/2023\/06\/SHUFL_logo.png","width":614,"height":111,"caption":"&SHUFL"},"image":{"@id":"https:\/\/andshufl.com\/no\/#\/schema\/logo\/image\/"}}]}},"_links":{"self":[{"href":"https:\/\/andshufl.com\/no\/wp-json\/wp\/v2\/pages\/7506","targetHints":{"allow":["GET"]}}],"collection":[{"href":"https:\/\/andshufl.com\/no\/wp-json\/wp\/v2\/pages"}],"about":[{"href":"https:\/\/andshufl.com\/no\/wp-json\/wp\/v2\/types\/page"}],"author":[{"embeddable":true,"href":"https:\/\/andshufl.com\/no\/wp-json\/wp\/v2\/users\/2"}],"replies":[{"embeddable":true,"href":"https:\/\/andshufl.com\/no\/wp-json\/wp\/v2\/comments?post=7506"}],"version-history":[{"count":11,"href":"https:\/\/andshufl.com\/no\/wp-json\/wp\/v2\/pages\/7506\/revisions"}],"predecessor-version":[{"id":7828,"href":"https:\/\/andshufl.com\/no\/wp-json\/wp\/v2\/pages\/7506\/revisions\/7828"}],"wp:attachment":[{"href":"https:\/\/andshufl.com\/no\/wp-json\/wp\/v2\/media?parent=7506"}],"curies":[{"name":"wp","href":"https:\/\/api.w.org\/{rel}","templated":true}]}}