{"id":2105,"date":"2023-06-19T14:23:17","date_gmt":"2023-06-19T12:23:17","guid":{"rendered":"https:\/\/andshufl.com\/vare\/proevesett-i-tre\/"},"modified":"2023-11-21T15:08:31","modified_gmt":"2023-11-21T14:08:31","slug":"woodsamples","status":"publish","type":"product","link":"https:\/\/andshufl.com\/no\/vare\/woodsamples\/","title":{"rendered":"Wood sample-s\u00e6t"},"content":{"rendered":"<h2><strong>Wood sample-s\u00e6t<\/strong><\/h2>\n<p>3 fargepr\u00f8ver (8 x 6 cm): Eik, r\u00f8kt eik og alm.<\/p>\n<p>Fullt pr\u00f8vesett med alle tre treslagene i &amp;SHUFLs tresamling; tresamlingen. Den best\u00e5r av tre tresorter: alm, eik og r\u00f8kt eik. Treverket er n\u00f8ye utvalgt for \u00e5 sikre best mulig kvalitet og et vakkert utseende. Resultatet er et produkt med sterke r\u00f8tter i dansk design som f\u00f8les like eksklusivt som det ser ut. Det er ideelt \u00e5 kombinere tresorten med en av &amp;SHUFLs andre kolleksjoner. Et kj\u00f8kken med fronter i tre kan for eksempel se vakkert ut med sider og benkeplater i linoleum.<\/p>\n<p><span style=\"font-size: inherit;\">Om kolleksjonen: Alle produktene i kolleksjonen har trefin\u00e9r p\u00e5 for- og bakside, en solid svart MDF-kjerne og matsorte kanter. Og som alle &amp;SHUFL-produkter er de selvf\u00f8lgelig produsert i Danmark.<\/span><\/p>\n<p>Les mere her om <a href=\"https:\/\/andshufl.com\/no\/kjoekken\/kolleksjoner\/wood\/\"><strong>&amp;SHUFLs wood kollektion<\/strong><\/a>.<\/p>\n<p>&nbsp;<\/p>\n<div>\n<hr \/>\n<\/div>\n<div><\/div>\n<h5><strong>Frakt<\/strong>: Gratis<\/h5>\n<h5><strong>Leveringstid<\/strong>: 1-4 virkedager<\/h5>\n<h5><strong>Bemerk<\/strong>: Vi refunderer kostnadene ved kj\u00f8p av varepr\u00f8ver n\u00e5r du kj\u00f8per kj\u00f8kken, garderober og lignende. &#8211; Du trenger bare \u00e5 gj\u00f8re oss oppmerksomme p\u00e5 det.<\/h5>\n<p>Vi sender deg en tekstmelding n\u00e5r pr\u00f8vepakken din er sendt. Som et utgangspunkt sender vi fargepr\u00f8ver til postkassen din.<\/p>\n","protected":false},"excerpt":{"rendered":"<p>Wood sample-s\u00e6t 3 fargepr\u00f8ver (8 x 6 cm): Eik, r\u00f8kt eik og alm. Fullt pr\u00f8vesett med alle tre treslagene i &amp;SHUFLs tresamling; tresamlingen. Den best\u00e5r av tre tresorter: alm, eik og r\u00f8kt eik. Treverket er n\u00f8ye utvalgt for \u00e5 sikre best mulig kvalitet og et vakkert utseende. Resultatet er et produkt med sterke r\u00f8tter i [&#8230;]\n","protected":false},"featured_media":11302,"comment_status":"closed","ping_status":"closed","template":"","meta":{"inline_featured_image":false},"product_cat":[42],"product_tag":[],"class_list":["post-2105","product","type-product","status-publish","has-post-thumbnail","hentry","product_cat-fargeproever","product_shipping_class-farvesamples"],"yoast_head":"<!-- This site is optimized with the Yoast SEO plugin v24.4 - https:\/\/yoast.com\/wordpress\/plugins\/seo\/ -->\n<title>Wood sample-s\u00e6t - &amp;SHUFL<\/title>\n<meta name=\"robots\" content=\"index, follow, max-snippet:-1, max-image-preview:large, max-video-preview:-1\" \/>\n<link rel=\"canonical\" href=\"https:\/\/andshufl.com\/no\/vare\/woodsamples\/\" \/>\n<meta property=\"og:locale\" content=\"nb_NO\" \/>\n<meta property=\"og:type\" content=\"article\" \/>\n<meta property=\"og:title\" content=\"Wood sample-s\u00e6t - &amp;SHUFL\" \/>\n<meta property=\"og:description\" content=\"Wood sample-s\u00e6t 3 fargepr\u00f8ver (8 x 6 cm): Eik, r\u00f8kt eik og alm. Fullt pr\u00f8vesett med alle tre treslagene i &amp;SHUFLs tresamling; tresamlingen. Den best\u00e5r av tre tresorter: alm, eik og r\u00f8kt eik. Treverket er n\u00f8ye utvalgt for \u00e5 sikre best mulig kvalitet og et vakkert utseende. Resultatet er et produkt med sterke r\u00f8tter i [...]\" \/>\n<meta property=\"og:url\" content=\"https:\/\/andshufl.com\/no\/vare\/woodsamples\/\" \/>\n<meta property=\"og:site_name\" content=\"&amp;SHUFL\" \/>\n<meta property=\"article:modified_time\" content=\"2023-11-21T14:08:31+00:00\" \/>\n<meta property=\"og:image\" content=\"https:\/\/andshufl.com\/wp-content\/uploads\/2023\/06\/SHUFL_Farveproever_Linoleum_3-1.jpg\" \/>\n\t<meta property=\"og:image:width\" content=\"1733\" \/>\n\t<meta property=\"og:image:height\" content=\"1733\" \/>\n\t<meta property=\"og:image:type\" content=\"image\/jpeg\" \/>\n<meta name=\"twitter:card\" content=\"summary_large_image\" \/>\n<meta name=\"twitter:label1\" content=\"Ansl. lesetid\" \/>\n\t<meta name=\"twitter:data1\" content=\"1 minutt\" \/>\n<script type=\"application\/ld+json\" class=\"yoast-schema-graph\">{\"@context\":\"https:\/\/schema.org\",\"@graph\":[{\"@type\":\"WebPage\",\"@id\":\"https:\/\/andshufl.com\/no\/vare\/woodsamples\/\",\"url\":\"https:\/\/andshufl.com\/no\/vare\/woodsamples\/\",\"name\":\"Wood sample-s\u00e6t - &amp;SHUFL\",\"isPartOf\":{\"@id\":\"https:\/\/andshufl.com\/no\/#website\"},\"primaryImageOfPage\":{\"@id\":\"https:\/\/andshufl.com\/no\/vare\/woodsamples\/#primaryimage\"},\"image\":{\"@id\":\"https:\/\/andshufl.com\/no\/vare\/woodsamples\/#primaryimage\"},\"thumbnailUrl\":\"https:\/\/andshufl.com\/wp-content\/uploads\/2023\/06\/FARVEPROEVER_TONED_WOOD_01.jpg\",\"datePublished\":\"2023-06-19T12:23:17+00:00\",\"dateModified\":\"2023-11-21T14:08:31+00:00\",\"breadcrumb\":{\"@id\":\"https:\/\/andshufl.com\/no\/vare\/woodsamples\/#breadcrumb\"},\"inLanguage\":\"nb-NO\",\"potentialAction\":[{\"@type\":\"ReadAction\",\"target\":[\"https:\/\/andshufl.com\/no\/vare\/woodsamples\/\"]}]},{\"@type\":\"ImageObject\",\"inLanguage\":\"nb-NO\",\"@id\":\"https:\/\/andshufl.com\/no\/vare\/woodsamples\/#primaryimage\",\"url\":\"https:\/\/andshufl.com\/wp-content\/uploads\/2023\/06\/FARVEPROEVER_TONED_WOOD_01.jpg\",\"contentUrl\":\"https:\/\/andshufl.com\/wp-content\/uploads\/2023\/06\/FARVEPROEVER_TONED_WOOD_01.jpg\",\"width\":1828,\"height\":1688,\"caption\":\"Farvepr\u00f8ver p\u00e5 k\u00f8kken i trae\"},{\"@type\":\"BreadcrumbList\",\"@id\":\"https:\/\/andshufl.com\/no\/vare\/woodsamples\/#breadcrumb\",\"itemListElement\":[{\"@type\":\"ListItem\",\"position\":1,\"name\":\"Hjem\",\"item\":\"https:\/\/andshufl.com\/no\/forside\/\"},{\"@type\":\"ListItem\",\"position\":2,\"name\":\"Shop\",\"item\":\"https:\/\/andshufl.com\/no\/shop\/\"},{\"@type\":\"ListItem\",\"position\":3,\"name\":\"Wood sample-s\u00e6t\"}]},{\"@type\":\"WebSite\",\"@id\":\"https:\/\/andshufl.com\/no\/#website\",\"url\":\"https:\/\/andshufl.com\/no\/\",\"name\":\"&SHUFL\",\"description\":\"\",\"publisher\":{\"@id\":\"https:\/\/andshufl.com\/no\/#organization\"},\"potentialAction\":[{\"@type\":\"SearchAction\",\"target\":{\"@type\":\"EntryPoint\",\"urlTemplate\":\"https:\/\/andshufl.com\/no\/?s={search_term_string}\"},\"query-input\":{\"@type\":\"PropertyValueSpecification\",\"valueRequired\":true,\"valueName\":\"search_term_string\"}}],\"inLanguage\":\"nb-NO\"},{\"@type\":\"Organization\",\"@id\":\"https:\/\/andshufl.com\/no\/#organization\",\"name\":\"&SHUFL\",\"url\":\"https:\/\/andshufl.com\/no\/\",\"logo\":{\"@type\":\"ImageObject\",\"inLanguage\":\"nb-NO\",\"@id\":\"https:\/\/andshufl.com\/no\/#\/schema\/logo\/image\/\",\"url\":\"https:\/\/andshufl.com\/wp-content\/uploads\/2023\/06\/SHUFL_logo.png\",\"contentUrl\":\"https:\/\/andshufl.com\/wp-content\/uploads\/2023\/06\/SHUFL_logo.png\",\"width\":614,\"height\":111,\"caption\":\"&SHUFL\"},\"image\":{\"@id\":\"https:\/\/andshufl.com\/no\/#\/schema\/logo\/image\/\"}}]}<\/script>\n<!-- \/ Yoast SEO plugin. -->","yoast_head_json":{"title":"Wood sample-s\u00e6t - &amp;SHUFL","robots":{"index":"index","follow":"follow","max-snippet":"max-snippet:-1","max-image-preview":"max-image-preview:large","max-video-preview":"max-video-preview:-1"},"canonical":"https:\/\/andshufl.com\/no\/vare\/woodsamples\/","og_locale":"nb_NO","og_type":"article","og_title":"Wood sample-s\u00e6t - &amp;SHUFL","og_description":"Wood sample-s\u00e6t 3 fargepr\u00f8ver (8 x 6 cm): Eik, r\u00f8kt eik og alm. Fullt pr\u00f8vesett med alle tre treslagene i &amp;SHUFLs tresamling; tresamlingen. Den best\u00e5r av tre tresorter: alm, eik og r\u00f8kt eik. Treverket er n\u00f8ye utvalgt for \u00e5 sikre best mulig kvalitet og et vakkert utseende. Resultatet er et produkt med sterke r\u00f8tter i [...]","og_url":"https:\/\/andshufl.com\/no\/vare\/woodsamples\/","og_site_name":"&amp;SHUFL","article_modified_time":"2023-11-21T14:08:31+00:00","og_image":[{"width":1733,"height":1733,"url":"https:\/\/andshufl.com\/wp-content\/uploads\/2023\/06\/SHUFL_Farveproever_Linoleum_3-1.jpg","type":"image\/jpeg"}],"twitter_card":"summary_large_image","twitter_misc":{"Ansl. lesetid":"1 minutt"},"schema":{"@context":"https:\/\/schema.org","@graph":[{"@type":"WebPage","@id":"https:\/\/andshufl.com\/no\/vare\/woodsamples\/","url":"https:\/\/andshufl.com\/no\/vare\/woodsamples\/","name":"Wood sample-s\u00e6t - &amp;SHUFL","isPartOf":{"@id":"https:\/\/andshufl.com\/no\/#website"},"primaryImageOfPage":{"@id":"https:\/\/andshufl.com\/no\/vare\/woodsamples\/#primaryimage"},"image":{"@id":"https:\/\/andshufl.com\/no\/vare\/woodsamples\/#primaryimage"},"thumbnailUrl":"https:\/\/andshufl.com\/wp-content\/uploads\/2023\/06\/FARVEPROEVER_TONED_WOOD_01.jpg","datePublished":"2023-06-19T12:23:17+00:00","dateModified":"2023-11-21T14:08:31+00:00","breadcrumb":{"@id":"https:\/\/andshufl.com\/no\/vare\/woodsamples\/#breadcrumb"},"inLanguage":"nb-NO","potentialAction":[{"@type":"ReadAction","target":["https:\/\/andshufl.com\/no\/vare\/woodsamples\/"]}]},{"@type":"ImageObject","inLanguage":"nb-NO","@id":"https:\/\/andshufl.com\/no\/vare\/woodsamples\/#primaryimage","url":"https:\/\/andshufl.com\/wp-content\/uploads\/2023\/06\/FARVEPROEVER_TONED_WOOD_01.jpg","contentUrl":"https:\/\/andshufl.com\/wp-content\/uploads\/2023\/06\/FARVEPROEVER_TONED_WOOD_01.jpg","width":1828,"height":1688,"caption":"Farvepr\u00f8ver p\u00e5 k\u00f8kken i trae"},{"@type":"BreadcrumbList","@id":"https:\/\/andshufl.com\/no\/vare\/woodsamples\/#breadcrumb","itemListElement":[{"@type":"ListItem","position":1,"name":"Hjem","item":"https:\/\/andshufl.com\/no\/forside\/"},{"@type":"ListItem","position":2,"name":"Shop","item":"https:\/\/andshufl.com\/no\/shop\/"},{"@type":"ListItem","position":3,"name":"Wood sample-s\u00e6t"}]},{"@type":"WebSite","@id":"https:\/\/andshufl.com\/no\/#website","url":"https:\/\/andshufl.com\/no\/","name":"&SHUFL","description":"","publisher":{"@id":"https:\/\/andshufl.com\/no\/#organization"},"potentialAction":[{"@type":"SearchAction","target":{"@type":"EntryPoint","urlTemplate":"https:\/\/andshufl.com\/no\/?s={search_term_string}"},"query-input":{"@type":"PropertyValueSpecification","valueRequired":true,"valueName":"search_term_string"}}],"inLanguage":"nb-NO"},{"@type":"Organization","@id":"https:\/\/andshufl.com\/no\/#organization","name":"&SHUFL","url":"https:\/\/andshufl.com\/no\/","logo":{"@type":"ImageObject","inLanguage":"nb-NO","@id":"https:\/\/andshufl.com\/no\/#\/schema\/logo\/image\/","url":"https:\/\/andshufl.com\/wp-content\/uploads\/2023\/06\/SHUFL_logo.png","contentUrl":"https:\/\/andshufl.com\/wp-content\/uploads\/2023\/06\/SHUFL_logo.png","width":614,"height":111,"caption":"&SHUFL"},"image":{"@id":"https:\/\/andshufl.com\/no\/#\/schema\/logo\/image\/"}}]}},"_links":{"self":[{"href":"https:\/\/andshufl.com\/no\/wp-json\/wp\/v2\/product\/2105","targetHints":{"allow":["GET"]}}],"collection":[{"href":"https:\/\/andshufl.com\/no\/wp-json\/wp\/v2\/product"}],"about":[{"href":"https:\/\/andshufl.com\/no\/wp-json\/wp\/v2\/types\/product"}],"replies":[{"embeddable":true,"href":"https:\/\/andshufl.com\/no\/wp-json\/wp\/v2\/comments?post=2105"}],"wp:featuredmedia":[{"embeddable":true,"href":"https:\/\/andshufl.com\/no\/wp-json\/wp\/v2\/media\/11302"}],"wp:attachment":[{"href":"https:\/\/andshufl.com\/no\/wp-json\/wp\/v2\/media?parent=2105"}],"wp:term":[{"taxonomy":"product_cat","embeddable":true,"href":"https:\/\/andshufl.com\/no\/wp-json\/wp\/v2\/product_cat?post=2105"},{"taxonomy":"product_tag","embeddable":true,"href":"https:\/\/andshufl.com\/no\/wp-json\/wp\/v2\/product_tag?post=2105"}],"curies":[{"name":"wp","href":"https:\/\/api.w.org\/{rel}","templated":true}]}}