{"id":2121,"date":"2023-06-19T14:23:17","date_gmt":"2023-06-19T12:23:17","guid":{"rendered":"https:\/\/andshufl.com\/vare\/raw-pleiesett\/"},"modified":"2023-06-19T14:23:17","modified_gmt":"2023-06-19T12:23:17","slug":"raw-pleiesett","status":"publish","type":"product","link":"https:\/\/andshufl.com\/no\/vare\/raw-pleiesett\/","title":{"rendered":"Raw pleiesett"},"content":{"rendered":"<h2><strong>Raw pleiesett<\/strong><\/h2>\n<p>Pleie- og vedlikeholdssett for raw\/valchromat. Settet inneholder 500 ml. Guardian Bio-Oil, en lofri klut, en svamp og en vedlikeholdsveiledning. Guardian Bio-Oil brukes til oljing av raw-kolleksjonen. Oljen har en vannavvisende effekt og beskytter mot utt\u00f8rking. Guardian Bio-Oil er basert p\u00e5 de reneste oljer og inneholder ikke l\u00f8semidler; Guardian Bio-Oil er testet av Teknologisk Institut og har f\u00e5tt tildelt &#8220;Indeklimam\u00e6rket&#8221;. Les v\u00e5r veiledning til hvordan du vedlikeholder r\u00e5 produkter her: <strong><a href=\"\/wp-content\/uploads\/2023\/07\/Raw-vedligholdelsesvejledning-version-1.0.pdf\" target=\"_blank\" rel=\"noopener noreferrer\">Raw vedligeholdelsesvejledning.<\/a><\/strong><\/p>\n<div>\n<hr>\n<\/div>\n<div><\/div>\n<h5><strong>Frakt<\/strong>: 45 DKK<\/h5>\n<h5><strong>Leveringstid<\/strong>: 1-4 virkedager<\/h5>\n<h5><strong>Returrett<\/strong>: 14 dagers full returrett i ubrutt stand<\/h5>\n<p>Vi sender deg en tekstmelding med n\u00f8yaktig informasjon om leveringen av pakken din. Som regel sender vi pakken til den DAO-pakkeshop som ligger n\u00e6rmest deg.<\/p>\n","protected":false},"excerpt":{"rendered":"<p>Raw pleiesett Pleie- og vedlikeholdssett for raw\/valchromat. Settet inneholder 500 ml. Guardian Bio-Oil, en lofri klut, en svamp og en vedlikeholdsveiledning. Guardian Bio-Oil brukes til oljing av raw-kolleksjonen. Oljen har en vannavvisende effekt og beskytter mot utt\u00f8rking. Guardian Bio-Oil er basert p\u00e5 de reneste oljer og inneholder ikke l\u00f8semidler; Guardian Bio-Oil er testet av Teknologisk [&#8230;]\n","protected":false},"featured_media":2122,"comment_status":"closed","ping_status":"closed","template":"","meta":{"inline_featured_image":false},"product_cat":[45],"product_tag":[],"class_list":["post-2121","product","type-product","status-publish","has-post-thumbnail","hentry","product_cat-pleiesett","product_shipping_class-plejesaet"],"yoast_head":"<!-- This site is optimized with the Yoast SEO plugin v24.4 - https:\/\/yoast.com\/wordpress\/plugins\/seo\/ -->\n<title>Raw pleiesett - &amp;SHUFL<\/title>\n<meta name=\"robots\" content=\"index, follow, max-snippet:-1, max-image-preview:large, max-video-preview:-1\" \/>\n<link rel=\"canonical\" href=\"https:\/\/andshufl.com\/no\/vare\/raw-pleiesett\/\" \/>\n<meta property=\"og:locale\" content=\"nb_NO\" \/>\n<meta property=\"og:type\" content=\"article\" \/>\n<meta property=\"og:title\" content=\"Raw pleiesett - &amp;SHUFL\" \/>\n<meta property=\"og:description\" content=\"Raw pleiesett Pleie- og vedlikeholdssett for raw\/valchromat. Settet inneholder 500 ml. Guardian Bio-Oil, en lofri klut, en svamp og en vedlikeholdsveiledning. Guardian Bio-Oil brukes til oljing av raw-kolleksjonen. Oljen har en vannavvisende effekt og beskytter mot utt\u00f8rking. Guardian Bio-Oil er basert p\u00e5 de reneste oljer og inneholder ikke l\u00f8semidler; Guardian Bio-Oil er testet av Teknologisk [...]\" \/>\n<meta property=\"og:url\" content=\"https:\/\/andshufl.com\/no\/vare\/raw-pleiesett\/\" \/>\n<meta property=\"og:site_name\" content=\"&amp;SHUFL\" \/>\n<meta property=\"og:image\" content=\"https:\/\/andshufl.com\/wp-content\/uploads\/2023\/06\/SHUFL-andshufl-designerkoekken-raw-bioolie-pleje-produkt-carekit-pleje-rengoering.B_small-1.jpg\" \/>\n\t<meta property=\"og:image:width\" content=\"1000\" \/>\n\t<meta property=\"og:image:height\" content=\"750\" \/>\n\t<meta property=\"og:image:type\" content=\"image\/jpeg\" \/>\n<meta name=\"twitter:card\" content=\"summary_large_image\" \/>\n<meta name=\"twitter:label1\" content=\"Ansl. lesetid\" \/>\n\t<meta name=\"twitter:data1\" content=\"1 minutt\" \/>\n<script type=\"application\/ld+json\" class=\"yoast-schema-graph\">{\"@context\":\"https:\/\/schema.org\",\"@graph\":[{\"@type\":\"WebPage\",\"@id\":\"https:\/\/andshufl.com\/no\/vare\/raw-pleiesett\/\",\"url\":\"https:\/\/andshufl.com\/no\/vare\/raw-pleiesett\/\",\"name\":\"Raw pleiesett - &amp;SHUFL\",\"isPartOf\":{\"@id\":\"https:\/\/andshufl.com\/no\/#website\"},\"primaryImageOfPage\":{\"@id\":\"https:\/\/andshufl.com\/no\/vare\/raw-pleiesett\/#primaryimage\"},\"image\":{\"@id\":\"https:\/\/andshufl.com\/no\/vare\/raw-pleiesett\/#primaryimage\"},\"thumbnailUrl\":\"https:\/\/andshufl.com\/wp-content\/uploads\/2023\/06\/SHUFL-andshufl-designerkoekken-raw-bioolie-pleje-produkt-carekit-pleje-rengoering.B_small-1.jpg\",\"datePublished\":\"2023-06-19T12:23:17+00:00\",\"breadcrumb\":{\"@id\":\"https:\/\/andshufl.com\/no\/vare\/raw-pleiesett\/#breadcrumb\"},\"inLanguage\":\"nb-NO\",\"potentialAction\":[{\"@type\":\"ReadAction\",\"target\":[\"https:\/\/andshufl.com\/no\/vare\/raw-pleiesett\/\"]}]},{\"@type\":\"ImageObject\",\"inLanguage\":\"nb-NO\",\"@id\":\"https:\/\/andshufl.com\/no\/vare\/raw-pleiesett\/#primaryimage\",\"url\":\"https:\/\/andshufl.com\/wp-content\/uploads\/2023\/06\/SHUFL-andshufl-designerkoekken-raw-bioolie-pleje-produkt-carekit-pleje-rengoering.B_small-1.jpg\",\"contentUrl\":\"https:\/\/andshufl.com\/wp-content\/uploads\/2023\/06\/SHUFL-andshufl-designerkoekken-raw-bioolie-pleje-produkt-carekit-pleje-rengoering.B_small-1.jpg\",\"width\":1000,\"height\":750},{\"@type\":\"BreadcrumbList\",\"@id\":\"https:\/\/andshufl.com\/no\/vare\/raw-pleiesett\/#breadcrumb\",\"itemListElement\":[{\"@type\":\"ListItem\",\"position\":1,\"name\":\"Hjem\",\"item\":\"https:\/\/andshufl.com\/no\/forside\/\"},{\"@type\":\"ListItem\",\"position\":2,\"name\":\"Shop\",\"item\":\"https:\/\/andshufl.com\/no\/shop\/\"},{\"@type\":\"ListItem\",\"position\":3,\"name\":\"Raw pleiesett\"}]},{\"@type\":\"WebSite\",\"@id\":\"https:\/\/andshufl.com\/no\/#website\",\"url\":\"https:\/\/andshufl.com\/no\/\",\"name\":\"&SHUFL\",\"description\":\"\",\"publisher\":{\"@id\":\"https:\/\/andshufl.com\/no\/#organization\"},\"potentialAction\":[{\"@type\":\"SearchAction\",\"target\":{\"@type\":\"EntryPoint\",\"urlTemplate\":\"https:\/\/andshufl.com\/no\/?s={search_term_string}\"},\"query-input\":{\"@type\":\"PropertyValueSpecification\",\"valueRequired\":true,\"valueName\":\"search_term_string\"}}],\"inLanguage\":\"nb-NO\"},{\"@type\":\"Organization\",\"@id\":\"https:\/\/andshufl.com\/no\/#organization\",\"name\":\"&SHUFL\",\"url\":\"https:\/\/andshufl.com\/no\/\",\"logo\":{\"@type\":\"ImageObject\",\"inLanguage\":\"nb-NO\",\"@id\":\"https:\/\/andshufl.com\/no\/#\/schema\/logo\/image\/\",\"url\":\"https:\/\/andshufl.com\/wp-content\/uploads\/2023\/06\/SHUFL_logo.png\",\"contentUrl\":\"https:\/\/andshufl.com\/wp-content\/uploads\/2023\/06\/SHUFL_logo.png\",\"width\":614,\"height\":111,\"caption\":\"&SHUFL\"},\"image\":{\"@id\":\"https:\/\/andshufl.com\/no\/#\/schema\/logo\/image\/\"}}]}<\/script>\n<!-- \/ Yoast SEO plugin. -->","yoast_head_json":{"title":"Raw pleiesett - &amp;SHUFL","robots":{"index":"index","follow":"follow","max-snippet":"max-snippet:-1","max-image-preview":"max-image-preview:large","max-video-preview":"max-video-preview:-1"},"canonical":"https:\/\/andshufl.com\/no\/vare\/raw-pleiesett\/","og_locale":"nb_NO","og_type":"article","og_title":"Raw pleiesett - &amp;SHUFL","og_description":"Raw pleiesett Pleie- og vedlikeholdssett for raw\/valchromat. Settet inneholder 500 ml. Guardian Bio-Oil, en lofri klut, en svamp og en vedlikeholdsveiledning. Guardian Bio-Oil brukes til oljing av raw-kolleksjonen. Oljen har en vannavvisende effekt og beskytter mot utt\u00f8rking. Guardian Bio-Oil er basert p\u00e5 de reneste oljer og inneholder ikke l\u00f8semidler; Guardian Bio-Oil er testet av Teknologisk [...]","og_url":"https:\/\/andshufl.com\/no\/vare\/raw-pleiesett\/","og_site_name":"&amp;SHUFL","og_image":[{"width":1000,"height":750,"url":"https:\/\/andshufl.com\/wp-content\/uploads\/2023\/06\/SHUFL-andshufl-designerkoekken-raw-bioolie-pleje-produkt-carekit-pleje-rengoering.B_small-1.jpg","type":"image\/jpeg"}],"twitter_card":"summary_large_image","twitter_misc":{"Ansl. lesetid":"1 minutt"},"schema":{"@context":"https:\/\/schema.org","@graph":[{"@type":"WebPage","@id":"https:\/\/andshufl.com\/no\/vare\/raw-pleiesett\/","url":"https:\/\/andshufl.com\/no\/vare\/raw-pleiesett\/","name":"Raw pleiesett - &amp;SHUFL","isPartOf":{"@id":"https:\/\/andshufl.com\/no\/#website"},"primaryImageOfPage":{"@id":"https:\/\/andshufl.com\/no\/vare\/raw-pleiesett\/#primaryimage"},"image":{"@id":"https:\/\/andshufl.com\/no\/vare\/raw-pleiesett\/#primaryimage"},"thumbnailUrl":"https:\/\/andshufl.com\/wp-content\/uploads\/2023\/06\/SHUFL-andshufl-designerkoekken-raw-bioolie-pleje-produkt-carekit-pleje-rengoering.B_small-1.jpg","datePublished":"2023-06-19T12:23:17+00:00","breadcrumb":{"@id":"https:\/\/andshufl.com\/no\/vare\/raw-pleiesett\/#breadcrumb"},"inLanguage":"nb-NO","potentialAction":[{"@type":"ReadAction","target":["https:\/\/andshufl.com\/no\/vare\/raw-pleiesett\/"]}]},{"@type":"ImageObject","inLanguage":"nb-NO","@id":"https:\/\/andshufl.com\/no\/vare\/raw-pleiesett\/#primaryimage","url":"https:\/\/andshufl.com\/wp-content\/uploads\/2023\/06\/SHUFL-andshufl-designerkoekken-raw-bioolie-pleje-produkt-carekit-pleje-rengoering.B_small-1.jpg","contentUrl":"https:\/\/andshufl.com\/wp-content\/uploads\/2023\/06\/SHUFL-andshufl-designerkoekken-raw-bioolie-pleje-produkt-carekit-pleje-rengoering.B_small-1.jpg","width":1000,"height":750},{"@type":"BreadcrumbList","@id":"https:\/\/andshufl.com\/no\/vare\/raw-pleiesett\/#breadcrumb","itemListElement":[{"@type":"ListItem","position":1,"name":"Hjem","item":"https:\/\/andshufl.com\/no\/forside\/"},{"@type":"ListItem","position":2,"name":"Shop","item":"https:\/\/andshufl.com\/no\/shop\/"},{"@type":"ListItem","position":3,"name":"Raw pleiesett"}]},{"@type":"WebSite","@id":"https:\/\/andshufl.com\/no\/#website","url":"https:\/\/andshufl.com\/no\/","name":"&SHUFL","description":"","publisher":{"@id":"https:\/\/andshufl.com\/no\/#organization"},"potentialAction":[{"@type":"SearchAction","target":{"@type":"EntryPoint","urlTemplate":"https:\/\/andshufl.com\/no\/?s={search_term_string}"},"query-input":{"@type":"PropertyValueSpecification","valueRequired":true,"valueName":"search_term_string"}}],"inLanguage":"nb-NO"},{"@type":"Organization","@id":"https:\/\/andshufl.com\/no\/#organization","name":"&SHUFL","url":"https:\/\/andshufl.com\/no\/","logo":{"@type":"ImageObject","inLanguage":"nb-NO","@id":"https:\/\/andshufl.com\/no\/#\/schema\/logo\/image\/","url":"https:\/\/andshufl.com\/wp-content\/uploads\/2023\/06\/SHUFL_logo.png","contentUrl":"https:\/\/andshufl.com\/wp-content\/uploads\/2023\/06\/SHUFL_logo.png","width":614,"height":111,"caption":"&SHUFL"},"image":{"@id":"https:\/\/andshufl.com\/no\/#\/schema\/logo\/image\/"}}]}},"_links":{"self":[{"href":"https:\/\/andshufl.com\/no\/wp-json\/wp\/v2\/product\/2121","targetHints":{"allow":["GET"]}}],"collection":[{"href":"https:\/\/andshufl.com\/no\/wp-json\/wp\/v2\/product"}],"about":[{"href":"https:\/\/andshufl.com\/no\/wp-json\/wp\/v2\/types\/product"}],"replies":[{"embeddable":true,"href":"https:\/\/andshufl.com\/no\/wp-json\/wp\/v2\/comments?post=2121"}],"wp:featuredmedia":[{"embeddable":true,"href":"https:\/\/andshufl.com\/no\/wp-json\/wp\/v2\/media\/2122"}],"wp:attachment":[{"href":"https:\/\/andshufl.com\/no\/wp-json\/wp\/v2\/media?parent=2121"}],"wp:term":[{"taxonomy":"product_cat","embeddable":true,"href":"https:\/\/andshufl.com\/no\/wp-json\/wp\/v2\/product_cat?post=2121"},{"taxonomy":"product_tag","embeddable":true,"href":"https:\/\/andshufl.com\/no\/wp-json\/wp\/v2\/product_tag?post=2121"}],"curies":[{"name":"wp","href":"https:\/\/api.w.org\/{rel}","templated":true}]}}