{"id":3479,"date":"2023-06-19T14:23:18","date_gmt":"2023-06-19T12:23:18","guid":{"rendered":"https:\/\/andshufl.com\/vare\/kjerneproeveproevesett\/"},"modified":"2023-11-21T15:06:49","modified_gmt":"2023-11-21T14:06:49","slug":"core-sample-saet","status":"publish","type":"product","link":"https:\/\/andshufl.com\/no\/vare\/core-sample-saet\/","title":{"rendered":"Core sample-s\u00e6t"},"content":{"rendered":"<h2><strong>Core sample-s\u00e6t<\/strong><\/h2>\n<p>3 stk fargepr\u00f8ver (8 x 6 cm)<\/p>\n<p>Core-kolleksjonen finnes i tre vakre nyanser. Golden Leaves, Grey Clay og Dark Soil. Med dette fargepr\u00f8ve-settet f\u00e5r du alle tre nyanser og kan dermed pr\u00f8ve dem hjemme f\u00f8r du bestemmer deg.<\/p>\n<p>Om kollektionen: Core er laget av 90% resirkulert tre fra danske gjenvinningsstasjoner, som er samlet inn, malt ned og gjenvunnet til nytt materiale. De forskellige kv\u00e6rnede tr\u00e6typer af alt fra \u00e6deltr\u00e6 til fyr og eg giver en smuk og naturlig variation i overfladen, som vi har valgt at fremh\u00e6ve ved at tone den i tre forskellige nuancer, s\u00e5 strukturerne stadig er synlige.<\/p>\n<p>Les mer om <strong><a href=\"https:\/\/andshufl.com\/no\/kjoekken\/kolleksjoner\/raw\/\">&amp;SHUFLs core-kolleksjon her<\/a><\/strong>.<\/p>\n<div>\n<hr \/>\n<\/div>\n<div><\/div>\n<p><strong>Frakt<\/strong>: Gratis<\/p>\n<p><strong>Leveringstid<\/strong>: 1-4 hverdager<\/p>\n<p><strong>Bemerk<\/strong>: Vi refunderer kostnadene ved kj\u00f8p av varepr\u00f8ver n\u00e5r du kj\u00f8per kj\u00f8kken, garderober og lignende. &#8211; Du trenger bare \u00e5 gj\u00f8re oss oppmerksomme p\u00e5 det.<\/p>\n<p>Vi sender deg en tekstmelding n\u00e5r pr\u00f8vepakken din er sendt. Som utgangspunkt sender vi pr\u00f8ver hjem til din postkasse.<\/p>\n","protected":false},"excerpt":{"rendered":"<p>3 stk fargepr\u00f8ver (8 x 6 cm)<\/p>\n","protected":false},"featured_media":10183,"comment_status":"closed","ping_status":"closed","template":"","meta":{"inline_featured_image":false},"product_cat":[42],"product_tag":[],"class_list":["post-3479","product","type-product","status-publish","has-post-thumbnail","hentry","product_cat-fargeproever","product_shipping_class-farvesamples"],"yoast_head":"<!-- This site is optimized with the Yoast SEO plugin v24.4 - https:\/\/yoast.com\/wordpress\/plugins\/seo\/ -->\n<title>Core sample-s\u00e6t - &amp;SHUFL<\/title>\n<meta name=\"robots\" content=\"index, follow, max-snippet:-1, max-image-preview:large, max-video-preview:-1\" \/>\n<link rel=\"canonical\" href=\"https:\/\/andshufl.com\/no\/vare\/core-sample-saet\/\" \/>\n<meta property=\"og:locale\" content=\"nb_NO\" \/>\n<meta property=\"og:type\" content=\"article\" \/>\n<meta property=\"og:title\" content=\"Core sample-s\u00e6t - &amp;SHUFL\" \/>\n<meta property=\"og:description\" content=\"3 stk fargepr\u00f8ver (8 x 6 cm)\" \/>\n<meta property=\"og:url\" content=\"https:\/\/andshufl.com\/no\/vare\/core-sample-saet\/\" \/>\n<meta property=\"og:site_name\" content=\"&amp;SHUFL\" \/>\n<meta property=\"article:modified_time\" content=\"2023-11-21T14:06:49+00:00\" \/>\n<meta property=\"og:image\" content=\"https:\/\/andshufl.com\/wp-content\/uploads\/2023\/06\/AND_SHUFL_core_samples_02.jpg\" \/>\n\t<meta property=\"og:image:width\" content=\"1219\" \/>\n\t<meta property=\"og:image:height\" content=\"914\" \/>\n\t<meta property=\"og:image:type\" content=\"image\/jpeg\" \/>\n<meta name=\"twitter:card\" content=\"summary_large_image\" \/>\n<meta name=\"twitter:label1\" content=\"Ansl. lesetid\" \/>\n\t<meta name=\"twitter:data1\" content=\"1 minutt\" \/>\n<script type=\"application\/ld+json\" class=\"yoast-schema-graph\">{\"@context\":\"https:\/\/schema.org\",\"@graph\":[{\"@type\":\"WebPage\",\"@id\":\"https:\/\/andshufl.com\/no\/vare\/core-sample-saet\/\",\"url\":\"https:\/\/andshufl.com\/no\/vare\/core-sample-saet\/\",\"name\":\"Core sample-s\u00e6t - &amp;SHUFL\",\"isPartOf\":{\"@id\":\"https:\/\/andshufl.com\/no\/#website\"},\"primaryImageOfPage\":{\"@id\":\"https:\/\/andshufl.com\/no\/vare\/core-sample-saet\/#primaryimage\"},\"image\":{\"@id\":\"https:\/\/andshufl.com\/no\/vare\/core-sample-saet\/#primaryimage\"},\"thumbnailUrl\":\"https:\/\/andshufl.com\/wp-content\/uploads\/2023\/06\/SHUFL_Farveproever_Core_2.jpg\",\"datePublished\":\"2023-06-19T12:23:18+00:00\",\"dateModified\":\"2023-11-21T14:06:49+00:00\",\"breadcrumb\":{\"@id\":\"https:\/\/andshufl.com\/no\/vare\/core-sample-saet\/#breadcrumb\"},\"inLanguage\":\"nb-NO\",\"potentialAction\":[{\"@type\":\"ReadAction\",\"target\":[\"https:\/\/andshufl.com\/no\/vare\/core-sample-saet\/\"]}]},{\"@type\":\"ImageObject\",\"inLanguage\":\"nb-NO\",\"@id\":\"https:\/\/andshufl.com\/no\/vare\/core-sample-saet\/#primaryimage\",\"url\":\"https:\/\/andshufl.com\/wp-content\/uploads\/2023\/06\/SHUFL_Farveproever_Core_2.jpg\",\"contentUrl\":\"https:\/\/andshufl.com\/wp-content\/uploads\/2023\/06\/SHUFL_Farveproever_Core_2.jpg\",\"width\":2560,\"height\":2560,\"caption\":\"farvepr\u00f8ver\"},{\"@type\":\"BreadcrumbList\",\"@id\":\"https:\/\/andshufl.com\/no\/vare\/core-sample-saet\/#breadcrumb\",\"itemListElement\":[{\"@type\":\"ListItem\",\"position\":1,\"name\":\"Hjem\",\"item\":\"https:\/\/andshufl.com\/no\/forside\/\"},{\"@type\":\"ListItem\",\"position\":2,\"name\":\"Shop\",\"item\":\"https:\/\/andshufl.com\/no\/shop\/\"},{\"@type\":\"ListItem\",\"position\":3,\"name\":\"Core sample-s\u00e6t\"}]},{\"@type\":\"WebSite\",\"@id\":\"https:\/\/andshufl.com\/no\/#website\",\"url\":\"https:\/\/andshufl.com\/no\/\",\"name\":\"&SHUFL\",\"description\":\"\",\"publisher\":{\"@id\":\"https:\/\/andshufl.com\/no\/#organization\"},\"potentialAction\":[{\"@type\":\"SearchAction\",\"target\":{\"@type\":\"EntryPoint\",\"urlTemplate\":\"https:\/\/andshufl.com\/no\/?s={search_term_string}\"},\"query-input\":{\"@type\":\"PropertyValueSpecification\",\"valueRequired\":true,\"valueName\":\"search_term_string\"}}],\"inLanguage\":\"nb-NO\"},{\"@type\":\"Organization\",\"@id\":\"https:\/\/andshufl.com\/no\/#organization\",\"name\":\"&SHUFL\",\"url\":\"https:\/\/andshufl.com\/no\/\",\"logo\":{\"@type\":\"ImageObject\",\"inLanguage\":\"nb-NO\",\"@id\":\"https:\/\/andshufl.com\/no\/#\/schema\/logo\/image\/\",\"url\":\"https:\/\/andshufl.com\/wp-content\/uploads\/2023\/06\/SHUFL_logo.png\",\"contentUrl\":\"https:\/\/andshufl.com\/wp-content\/uploads\/2023\/06\/SHUFL_logo.png\",\"width\":614,\"height\":111,\"caption\":\"&SHUFL\"},\"image\":{\"@id\":\"https:\/\/andshufl.com\/no\/#\/schema\/logo\/image\/\"}}]}<\/script>\n<!-- \/ Yoast SEO plugin. -->","yoast_head_json":{"title":"Core sample-s\u00e6t - &amp;SHUFL","robots":{"index":"index","follow":"follow","max-snippet":"max-snippet:-1","max-image-preview":"max-image-preview:large","max-video-preview":"max-video-preview:-1"},"canonical":"https:\/\/andshufl.com\/no\/vare\/core-sample-saet\/","og_locale":"nb_NO","og_type":"article","og_title":"Core sample-s\u00e6t - &amp;SHUFL","og_description":"3 stk fargepr\u00f8ver (8 x 6 cm)","og_url":"https:\/\/andshufl.com\/no\/vare\/core-sample-saet\/","og_site_name":"&amp;SHUFL","article_modified_time":"2023-11-21T14:06:49+00:00","og_image":[{"width":1219,"height":914,"url":"https:\/\/andshufl.com\/wp-content\/uploads\/2023\/06\/AND_SHUFL_core_samples_02.jpg","type":"image\/jpeg"}],"twitter_card":"summary_large_image","twitter_misc":{"Ansl. lesetid":"1 minutt"},"schema":{"@context":"https:\/\/schema.org","@graph":[{"@type":"WebPage","@id":"https:\/\/andshufl.com\/no\/vare\/core-sample-saet\/","url":"https:\/\/andshufl.com\/no\/vare\/core-sample-saet\/","name":"Core sample-s\u00e6t - &amp;SHUFL","isPartOf":{"@id":"https:\/\/andshufl.com\/no\/#website"},"primaryImageOfPage":{"@id":"https:\/\/andshufl.com\/no\/vare\/core-sample-saet\/#primaryimage"},"image":{"@id":"https:\/\/andshufl.com\/no\/vare\/core-sample-saet\/#primaryimage"},"thumbnailUrl":"https:\/\/andshufl.com\/wp-content\/uploads\/2023\/06\/SHUFL_Farveproever_Core_2.jpg","datePublished":"2023-06-19T12:23:18+00:00","dateModified":"2023-11-21T14:06:49+00:00","breadcrumb":{"@id":"https:\/\/andshufl.com\/no\/vare\/core-sample-saet\/#breadcrumb"},"inLanguage":"nb-NO","potentialAction":[{"@type":"ReadAction","target":["https:\/\/andshufl.com\/no\/vare\/core-sample-saet\/"]}]},{"@type":"ImageObject","inLanguage":"nb-NO","@id":"https:\/\/andshufl.com\/no\/vare\/core-sample-saet\/#primaryimage","url":"https:\/\/andshufl.com\/wp-content\/uploads\/2023\/06\/SHUFL_Farveproever_Core_2.jpg","contentUrl":"https:\/\/andshufl.com\/wp-content\/uploads\/2023\/06\/SHUFL_Farveproever_Core_2.jpg","width":2560,"height":2560,"caption":"farvepr\u00f8ver"},{"@type":"BreadcrumbList","@id":"https:\/\/andshufl.com\/no\/vare\/core-sample-saet\/#breadcrumb","itemListElement":[{"@type":"ListItem","position":1,"name":"Hjem","item":"https:\/\/andshufl.com\/no\/forside\/"},{"@type":"ListItem","position":2,"name":"Shop","item":"https:\/\/andshufl.com\/no\/shop\/"},{"@type":"ListItem","position":3,"name":"Core sample-s\u00e6t"}]},{"@type":"WebSite","@id":"https:\/\/andshufl.com\/no\/#website","url":"https:\/\/andshufl.com\/no\/","name":"&SHUFL","description":"","publisher":{"@id":"https:\/\/andshufl.com\/no\/#organization"},"potentialAction":[{"@type":"SearchAction","target":{"@type":"EntryPoint","urlTemplate":"https:\/\/andshufl.com\/no\/?s={search_term_string}"},"query-input":{"@type":"PropertyValueSpecification","valueRequired":true,"valueName":"search_term_string"}}],"inLanguage":"nb-NO"},{"@type":"Organization","@id":"https:\/\/andshufl.com\/no\/#organization","name":"&SHUFL","url":"https:\/\/andshufl.com\/no\/","logo":{"@type":"ImageObject","inLanguage":"nb-NO","@id":"https:\/\/andshufl.com\/no\/#\/schema\/logo\/image\/","url":"https:\/\/andshufl.com\/wp-content\/uploads\/2023\/06\/SHUFL_logo.png","contentUrl":"https:\/\/andshufl.com\/wp-content\/uploads\/2023\/06\/SHUFL_logo.png","width":614,"height":111,"caption":"&SHUFL"},"image":{"@id":"https:\/\/andshufl.com\/no\/#\/schema\/logo\/image\/"}}]}},"_links":{"self":[{"href":"https:\/\/andshufl.com\/no\/wp-json\/wp\/v2\/product\/3479","targetHints":{"allow":["GET"]}}],"collection":[{"href":"https:\/\/andshufl.com\/no\/wp-json\/wp\/v2\/product"}],"about":[{"href":"https:\/\/andshufl.com\/no\/wp-json\/wp\/v2\/types\/product"}],"replies":[{"embeddable":true,"href":"https:\/\/andshufl.com\/no\/wp-json\/wp\/v2\/comments?post=3479"}],"wp:featuredmedia":[{"embeddable":true,"href":"https:\/\/andshufl.com\/no\/wp-json\/wp\/v2\/media\/10183"}],"wp:attachment":[{"href":"https:\/\/andshufl.com\/no\/wp-json\/wp\/v2\/media?parent=3479"}],"wp:term":[{"taxonomy":"product_cat","embeddable":true,"href":"https:\/\/andshufl.com\/no\/wp-json\/wp\/v2\/product_cat?post=3479"},{"taxonomy":"product_tag","embeddable":true,"href":"https:\/\/andshufl.com\/no\/wp-json\/wp\/v2\/product_tag?post=3479"}],"curies":[{"name":"wp","href":"https:\/\/api.w.org\/{rel}","templated":true}]}}