{"id":3495,"date":"2023-06-19T14:23:17","date_gmt":"2023-06-19T12:23:17","guid":{"rendered":"https:\/\/andshufl.com\/vare\/laminat-plejesaet\/"},"modified":"2023-06-19T14:23:17","modified_gmt":"2023-06-19T12:23:17","slug":"laminat-plejesaet","status":"publish","type":"product","link":"https:\/\/andshufl.com\/no\/vare\/laminat-plejesaet\/","title":{"rendered":"Laminat plejes\u00e6t"},"content":{"rendered":"<h2><strong>Laminat plejes\u00e6t<\/strong><\/h2>\n<p>Pleje- og vedligeholdelsess\u00e6t til laminat. Settet inneholder 500 ml. Guardian laminatrent, en fnugfri klud, en svamp og en vedligeholdelsesvejledning. Guardian Laminatrens anvendes til reng\u00f8ring og opfriskning af laminatoverflader, hvor det renser overfladen samt tilf\u00f8rer en beskyttende hinde. Guardian Laminatrens er af milj\u00f8- og sikkerhedshensyn fremstillet med kulsyre som drivmiddel. L\u00e6s vores vejledning til hvordan du vedligeholder laminat her: <strong><a href=\"\/wp-content\/uploads\/2023\/07\/Laminat-vedligholdelsesvejledning-version-1.0.pdf\" target=\"_blank\" rel=\"noopener noreferrer\">Laminat vedligeholdelsesvejledning<\/a>.<\/strong><\/p>\n<div>\n<hr>\n<\/div>\n<div><\/div>\n<h5><strong>Frakt<\/strong>: 45 DKK<\/h5>\n<h5><strong>Leveringstid<\/strong>: 1-4 hverdager<\/h5>\n<h5><strong>Returrett<\/strong>: 14 dagers full returrett i ubrutt stand<\/h5>\n<p>Vi vil sende deg en SMS med n\u00f8yaktig informasjon om levering av pakken din. Som utgangspunkt sender vi pakken til den n\u00e6rmeste DAO-pakkeshop n\u00e6r deg.<\/p>\n","protected":false},"excerpt":{"rendered":"<p>Laminat plejes\u00e6t Pleje- og vedligeholdelsess\u00e6t til laminat. Settet inneholder 500 ml. Guardian laminatrent, en fnugfri klud, en svamp og en vedligeholdelsesvejledning. Guardian Laminatrens anvendes til reng\u00f8ring og opfriskning af laminatoverflader, hvor det renser overfladen samt tilf\u00f8rer en beskyttende hinde. Guardian Laminatrens er af milj\u00f8- og sikkerhedshensyn fremstillet med kulsyre som drivmiddel. L\u00e6s vores vejledning til [&#8230;]\n","protected":false},"featured_media":9993,"comment_status":"closed","ping_status":"closed","template":"","meta":{"inline_featured_image":false},"product_cat":[45],"product_tag":[],"class_list":["post-3495","product","type-product","status-publish","has-post-thumbnail","hentry","product_cat-pleiesett","product_shipping_class-plejesaet"],"yoast_head":"<!-- This site is optimized with the Yoast SEO plugin v24.4 - https:\/\/yoast.com\/wordpress\/plugins\/seo\/ -->\n<title>Laminat plejes\u00e6t - &amp;SHUFL<\/title>\n<meta name=\"robots\" content=\"index, follow, max-snippet:-1, max-image-preview:large, max-video-preview:-1\" \/>\n<link rel=\"canonical\" href=\"https:\/\/andshufl.com\/no\/vare\/laminat-plejesaet\/\" \/>\n<meta property=\"og:locale\" content=\"nb_NO\" \/>\n<meta property=\"og:type\" content=\"article\" \/>\n<meta property=\"og:title\" content=\"Laminat plejes\u00e6t - &amp;SHUFL\" \/>\n<meta property=\"og:description\" content=\"Laminat plejes\u00e6t Pleje- og vedligeholdelsess\u00e6t til laminat. Settet inneholder 500 ml. Guardian laminatrent, en fnugfri klud, en svamp og en vedligeholdelsesvejledning. Guardian Laminatrens anvendes til reng\u00f8ring og opfriskning af laminatoverflader, hvor det renser overfladen samt tilf\u00f8rer en beskyttende hinde. Guardian Laminatrens er af milj\u00f8- og sikkerhedshensyn fremstillet med kulsyre som drivmiddel. L\u00e6s vores vejledning til [...]\" \/>\n<meta property=\"og:url\" content=\"https:\/\/andshufl.com\/no\/vare\/laminat-plejesaet\/\" \/>\n<meta property=\"og:site_name\" content=\"&amp;SHUFL\" \/>\n<meta property=\"og:image\" content=\"https:\/\/andshufl.com\/wp-content\/uploads\/2023\/06\/SHUFL_Plejesaet_Linoleum_3.jpg\" \/>\n\t<meta property=\"og:image:width\" content=\"2560\" \/>\n\t<meta property=\"og:image:height\" content=\"2560\" \/>\n\t<meta property=\"og:image:type\" content=\"image\/jpeg\" \/>\n<meta name=\"twitter:card\" content=\"summary_large_image\" \/>\n<meta name=\"twitter:label1\" content=\"Ansl. lesetid\" \/>\n\t<meta name=\"twitter:data1\" content=\"1 minutt\" \/>\n<script type=\"application\/ld+json\" class=\"yoast-schema-graph\">{\"@context\":\"https:\/\/schema.org\",\"@graph\":[{\"@type\":\"WebPage\",\"@id\":\"https:\/\/andshufl.com\/no\/vare\/laminat-plejesaet\/\",\"url\":\"https:\/\/andshufl.com\/no\/vare\/laminat-plejesaet\/\",\"name\":\"Laminat plejes\u00e6t - &amp;SHUFL\",\"isPartOf\":{\"@id\":\"https:\/\/andshufl.com\/no\/#website\"},\"primaryImageOfPage\":{\"@id\":\"https:\/\/andshufl.com\/no\/vare\/laminat-plejesaet\/#primaryimage\"},\"image\":{\"@id\":\"https:\/\/andshufl.com\/no\/vare\/laminat-plejesaet\/#primaryimage\"},\"thumbnailUrl\":\"https:\/\/andshufl.com\/wp-content\/uploads\/2023\/06\/SHUFL_Plejesaet_Linoleum_3.jpg\",\"datePublished\":\"2023-06-19T12:23:17+00:00\",\"breadcrumb\":{\"@id\":\"https:\/\/andshufl.com\/no\/vare\/laminat-plejesaet\/#breadcrumb\"},\"inLanguage\":\"nb-NO\",\"potentialAction\":[{\"@type\":\"ReadAction\",\"target\":[\"https:\/\/andshufl.com\/no\/vare\/laminat-plejesaet\/\"]}]},{\"@type\":\"ImageObject\",\"inLanguage\":\"nb-NO\",\"@id\":\"https:\/\/andshufl.com\/no\/vare\/laminat-plejesaet\/#primaryimage\",\"url\":\"https:\/\/andshufl.com\/wp-content\/uploads\/2023\/06\/SHUFL_Plejesaet_Linoleum_3.jpg\",\"contentUrl\":\"https:\/\/andshufl.com\/wp-content\/uploads\/2023\/06\/SHUFL_Plejesaet_Linoleum_3.jpg\",\"width\":2560,\"height\":2560,\"caption\":\"Plejes\u00e6t laminat\"},{\"@type\":\"BreadcrumbList\",\"@id\":\"https:\/\/andshufl.com\/no\/vare\/laminat-plejesaet\/#breadcrumb\",\"itemListElement\":[{\"@type\":\"ListItem\",\"position\":1,\"name\":\"Hjem\",\"item\":\"https:\/\/andshufl.com\/no\/forside\/\"},{\"@type\":\"ListItem\",\"position\":2,\"name\":\"Shop\",\"item\":\"https:\/\/andshufl.com\/no\/shop\/\"},{\"@type\":\"ListItem\",\"position\":3,\"name\":\"Laminat plejes\u00e6t\"}]},{\"@type\":\"WebSite\",\"@id\":\"https:\/\/andshufl.com\/no\/#website\",\"url\":\"https:\/\/andshufl.com\/no\/\",\"name\":\"&SHUFL\",\"description\":\"\",\"publisher\":{\"@id\":\"https:\/\/andshufl.com\/no\/#organization\"},\"potentialAction\":[{\"@type\":\"SearchAction\",\"target\":{\"@type\":\"EntryPoint\",\"urlTemplate\":\"https:\/\/andshufl.com\/no\/?s={search_term_string}\"},\"query-input\":{\"@type\":\"PropertyValueSpecification\",\"valueRequired\":true,\"valueName\":\"search_term_string\"}}],\"inLanguage\":\"nb-NO\"},{\"@type\":\"Organization\",\"@id\":\"https:\/\/andshufl.com\/no\/#organization\",\"name\":\"&SHUFL\",\"url\":\"https:\/\/andshufl.com\/no\/\",\"logo\":{\"@type\":\"ImageObject\",\"inLanguage\":\"nb-NO\",\"@id\":\"https:\/\/andshufl.com\/no\/#\/schema\/logo\/image\/\",\"url\":\"https:\/\/andshufl.com\/wp-content\/uploads\/2023\/06\/SHUFL_logo.png\",\"contentUrl\":\"https:\/\/andshufl.com\/wp-content\/uploads\/2023\/06\/SHUFL_logo.png\",\"width\":614,\"height\":111,\"caption\":\"&SHUFL\"},\"image\":{\"@id\":\"https:\/\/andshufl.com\/no\/#\/schema\/logo\/image\/\"}}]}<\/script>\n<!-- \/ Yoast SEO plugin. -->","yoast_head_json":{"title":"Laminat plejes\u00e6t - &amp;SHUFL","robots":{"index":"index","follow":"follow","max-snippet":"max-snippet:-1","max-image-preview":"max-image-preview:large","max-video-preview":"max-video-preview:-1"},"canonical":"https:\/\/andshufl.com\/no\/vare\/laminat-plejesaet\/","og_locale":"nb_NO","og_type":"article","og_title":"Laminat plejes\u00e6t - &amp;SHUFL","og_description":"Laminat plejes\u00e6t Pleje- og vedligeholdelsess\u00e6t til laminat. Settet inneholder 500 ml. Guardian laminatrent, en fnugfri klud, en svamp og en vedligeholdelsesvejledning. Guardian Laminatrens anvendes til reng\u00f8ring og opfriskning af laminatoverflader, hvor det renser overfladen samt tilf\u00f8rer en beskyttende hinde. Guardian Laminatrens er af milj\u00f8- og sikkerhedshensyn fremstillet med kulsyre som drivmiddel. L\u00e6s vores vejledning til [...]","og_url":"https:\/\/andshufl.com\/no\/vare\/laminat-plejesaet\/","og_site_name":"&amp;SHUFL","og_image":[{"width":2560,"height":2560,"url":"https:\/\/andshufl.com\/wp-content\/uploads\/2023\/06\/SHUFL_Plejesaet_Linoleum_3.jpg","type":"image\/jpeg"}],"twitter_card":"summary_large_image","twitter_misc":{"Ansl. lesetid":"1 minutt"},"schema":{"@context":"https:\/\/schema.org","@graph":[{"@type":"WebPage","@id":"https:\/\/andshufl.com\/no\/vare\/laminat-plejesaet\/","url":"https:\/\/andshufl.com\/no\/vare\/laminat-plejesaet\/","name":"Laminat plejes\u00e6t - &amp;SHUFL","isPartOf":{"@id":"https:\/\/andshufl.com\/no\/#website"},"primaryImageOfPage":{"@id":"https:\/\/andshufl.com\/no\/vare\/laminat-plejesaet\/#primaryimage"},"image":{"@id":"https:\/\/andshufl.com\/no\/vare\/laminat-plejesaet\/#primaryimage"},"thumbnailUrl":"https:\/\/andshufl.com\/wp-content\/uploads\/2023\/06\/SHUFL_Plejesaet_Linoleum_3.jpg","datePublished":"2023-06-19T12:23:17+00:00","breadcrumb":{"@id":"https:\/\/andshufl.com\/no\/vare\/laminat-plejesaet\/#breadcrumb"},"inLanguage":"nb-NO","potentialAction":[{"@type":"ReadAction","target":["https:\/\/andshufl.com\/no\/vare\/laminat-plejesaet\/"]}]},{"@type":"ImageObject","inLanguage":"nb-NO","@id":"https:\/\/andshufl.com\/no\/vare\/laminat-plejesaet\/#primaryimage","url":"https:\/\/andshufl.com\/wp-content\/uploads\/2023\/06\/SHUFL_Plejesaet_Linoleum_3.jpg","contentUrl":"https:\/\/andshufl.com\/wp-content\/uploads\/2023\/06\/SHUFL_Plejesaet_Linoleum_3.jpg","width":2560,"height":2560,"caption":"Plejes\u00e6t laminat"},{"@type":"BreadcrumbList","@id":"https:\/\/andshufl.com\/no\/vare\/laminat-plejesaet\/#breadcrumb","itemListElement":[{"@type":"ListItem","position":1,"name":"Hjem","item":"https:\/\/andshufl.com\/no\/forside\/"},{"@type":"ListItem","position":2,"name":"Shop","item":"https:\/\/andshufl.com\/no\/shop\/"},{"@type":"ListItem","position":3,"name":"Laminat plejes\u00e6t"}]},{"@type":"WebSite","@id":"https:\/\/andshufl.com\/no\/#website","url":"https:\/\/andshufl.com\/no\/","name":"&SHUFL","description":"","publisher":{"@id":"https:\/\/andshufl.com\/no\/#organization"},"potentialAction":[{"@type":"SearchAction","target":{"@type":"EntryPoint","urlTemplate":"https:\/\/andshufl.com\/no\/?s={search_term_string}"},"query-input":{"@type":"PropertyValueSpecification","valueRequired":true,"valueName":"search_term_string"}}],"inLanguage":"nb-NO"},{"@type":"Organization","@id":"https:\/\/andshufl.com\/no\/#organization","name":"&SHUFL","url":"https:\/\/andshufl.com\/no\/","logo":{"@type":"ImageObject","inLanguage":"nb-NO","@id":"https:\/\/andshufl.com\/no\/#\/schema\/logo\/image\/","url":"https:\/\/andshufl.com\/wp-content\/uploads\/2023\/06\/SHUFL_logo.png","contentUrl":"https:\/\/andshufl.com\/wp-content\/uploads\/2023\/06\/SHUFL_logo.png","width":614,"height":111,"caption":"&SHUFL"},"image":{"@id":"https:\/\/andshufl.com\/no\/#\/schema\/logo\/image\/"}}]}},"_links":{"self":[{"href":"https:\/\/andshufl.com\/no\/wp-json\/wp\/v2\/product\/3495","targetHints":{"allow":["GET"]}}],"collection":[{"href":"https:\/\/andshufl.com\/no\/wp-json\/wp\/v2\/product"}],"about":[{"href":"https:\/\/andshufl.com\/no\/wp-json\/wp\/v2\/types\/product"}],"replies":[{"embeddable":true,"href":"https:\/\/andshufl.com\/no\/wp-json\/wp\/v2\/comments?post=3495"}],"wp:featuredmedia":[{"embeddable":true,"href":"https:\/\/andshufl.com\/no\/wp-json\/wp\/v2\/media\/9993"}],"wp:attachment":[{"href":"https:\/\/andshufl.com\/no\/wp-json\/wp\/v2\/media?parent=3495"}],"wp:term":[{"taxonomy":"product_cat","embeddable":true,"href":"https:\/\/andshufl.com\/no\/wp-json\/wp\/v2\/product_cat?post=3495"},{"taxonomy":"product_tag","embeddable":true,"href":"https:\/\/andshufl.com\/no\/wp-json\/wp\/v2\/product_tag?post=3495"}],"curies":[{"name":"wp","href":"https:\/\/api.w.org\/{rel}","templated":true}]}}