{"id":3498,"date":"2023-06-19T14:23:17","date_gmt":"2023-06-19T12:23:17","guid":{"rendered":"https:\/\/andshufl.com\/vare\/linoleumspleje\/"},"modified":"2023-11-29T09:33:14","modified_gmt":"2023-11-29T08:33:14","slug":"linoleumspleje","status":"publish","type":"product","link":"https:\/\/andshufl.com\/no\/vare\/linoleumspleje\/","title":{"rendered":"Linoleumspleje"},"content":{"rendered":"<h2><strong>Linoleumspleje<\/strong><\/h2>\n<p>Pleje- og vedligeholdelsess\u00e6t til linoleum. Settet inneholder 500 ml. Guardian Linoleum S\u00e6be, en svamp og en vedligeholdelsesvejledning. S\u00e6ben er specielt udviklet til b\u00e5de at rense og beskytte linoleumsoverflader. Linoleum er et naturprodukt, der kr\u00e6ver regelm\u00e6ssig pleje for at bevare sine naturlige egenskaber. Guardian Linoleum S\u00e6be er testet af Teknologisk Institut og tildelt \u201dIndeklimam\u00e6rket\u201d. L\u00e6s vores vejledning til hvordan du vedligeholder linoleum her: <strong><a href=\"\/wp-content\/uploads\/2023\/07\/Linoleum-Vedligholdelsesvejledning-Version-1.0.pdf\" target=\"_blank\" rel=\"noopener noreferrer\">Linoleum vedligeholdelsesvejledning<\/a><\/strong>.<\/p>\n<div>\n<hr \/>\n<\/div>\n<div><\/div>\n<h5><strong>Frakt<\/strong>: 45 DKK<\/h5>\n<h5><strong>Leveringstid<\/strong>: 1-4 hverdager<\/h5>\n<h5><strong>Returrett<\/strong>: 14 dagers full returrett i ubrutt stand<\/h5>\n<p>Vi vil sende deg en SMS med n\u00f8yaktig informasjon om levering av pakken din. Som utgangspunkt sender vi pakken til den n\u00e6rmeste DAO-pakkeshop n\u00e6r deg.<\/p>\n","protected":false},"excerpt":{"rendered":"<p>Linoleumspleje Pleje- og vedligeholdelsess\u00e6t til linoleum. Settet inneholder 500 ml. Guardian Linoleum S\u00e6be, en svamp og en vedligeholdelsesvejledning. S\u00e6ben er specielt udviklet til b\u00e5de at rense og beskytte linoleumsoverflader. Linoleum er et naturprodukt, der kr\u00e6ver regelm\u00e6ssig pleje for at bevare sine naturlige egenskaber. Guardian Linoleum S\u00e6be er testet af Teknologisk Institut og tildelt \u201dIndeklimam\u00e6rket\u201d. L\u00e6s [&#8230;]\n","protected":false},"featured_media":9996,"comment_status":"closed","ping_status":"closed","template":"","meta":{"inline_featured_image":false},"product_cat":[45],"product_tag":[],"class_list":["post-3498","product","type-product","status-publish","has-post-thumbnail","hentry","product_cat-pleiesett","product_shipping_class-plejesaet"],"yoast_head":"<!-- This site is optimized with the Yoast SEO plugin v24.4 - https:\/\/yoast.com\/wordpress\/plugins\/seo\/ -->\n<title>Linoleumspleie for benkeplater og kj\u00f8kkenfronter.<\/title>\n<meta name=\"description\" content=\"Vedlikeholdssett for linoleum. Settet inneholder 500 ml Guardian Linoleum Soap, en svamp og en vedlikeholdsguide. Linoleumspleie for benkeplater og fronter.\" \/>\n<meta name=\"robots\" content=\"index, follow, max-snippet:-1, max-image-preview:large, max-video-preview:-1\" \/>\n<link rel=\"canonical\" href=\"https:\/\/andshufl.com\/no\/vare\/linoleumspleje\/\" \/>\n<meta property=\"og:locale\" content=\"nb_NO\" \/>\n<meta property=\"og:type\" content=\"article\" \/>\n<meta property=\"og:title\" content=\"Linoleumspleie for benkeplater og kj\u00f8kkenfronter.\" \/>\n<meta property=\"og:description\" content=\"Vedlikeholdssett for linoleum. Settet inneholder 500 ml Guardian Linoleum Soap, en svamp og en vedlikeholdsguide. Linoleumspleie for benkeplater og fronter.\" \/>\n<meta property=\"og:url\" content=\"https:\/\/andshufl.com\/no\/vare\/linoleumspleje\/\" \/>\n<meta property=\"og:site_name\" content=\"&amp;SHUFL\" \/>\n<meta property=\"article:modified_time\" content=\"2023-11-29T08:33:14+00:00\" \/>\n<meta property=\"og:image\" content=\"https:\/\/andshufl.com\/wp-content\/uploads\/2023\/06\/SHUFL-andshufl-designerkoekken-linoleum-pleje-produkt-carekit-linoleum-rengoering.NEW_-1-scaled.jpg\" \/>\n\t<meta property=\"og:image:width\" content=\"2560\" \/>\n\t<meta property=\"og:image:height\" content=\"1920\" \/>\n\t<meta property=\"og:image:type\" content=\"image\/jpeg\" \/>\n<meta name=\"twitter:card\" content=\"summary_large_image\" \/>\n<meta name=\"twitter:label1\" content=\"Ansl. lesetid\" \/>\n\t<meta name=\"twitter:data1\" content=\"1 minutt\" \/>\n<script type=\"application\/ld+json\" class=\"yoast-schema-graph\">{\"@context\":\"https:\/\/schema.org\",\"@graph\":[{\"@type\":\"WebPage\",\"@id\":\"https:\/\/andshufl.com\/no\/vare\/linoleumspleje\/\",\"url\":\"https:\/\/andshufl.com\/no\/vare\/linoleumspleje\/\",\"name\":\"Linoleumspleie for benkeplater og kj\u00f8kkenfronter.\",\"isPartOf\":{\"@id\":\"https:\/\/andshufl.com\/no\/#website\"},\"primaryImageOfPage\":{\"@id\":\"https:\/\/andshufl.com\/no\/vare\/linoleumspleje\/#primaryimage\"},\"image\":{\"@id\":\"https:\/\/andshufl.com\/no\/vare\/linoleumspleje\/#primaryimage\"},\"thumbnailUrl\":\"https:\/\/andshufl.com\/wp-content\/uploads\/2023\/06\/SHUFL_Plejesaet_Linoleum_1.jpg\",\"datePublished\":\"2023-06-19T12:23:17+00:00\",\"dateModified\":\"2023-11-29T08:33:14+00:00\",\"description\":\"Vedlikeholdssett for linoleum. Settet inneholder 500 ml Guardian Linoleum Soap, en svamp og en vedlikeholdsguide. Linoleumspleie for benkeplater og fronter.\",\"breadcrumb\":{\"@id\":\"https:\/\/andshufl.com\/no\/vare\/linoleumspleje\/#breadcrumb\"},\"inLanguage\":\"nb-NO\",\"potentialAction\":[{\"@type\":\"ReadAction\",\"target\":[\"https:\/\/andshufl.com\/no\/vare\/linoleumspleje\/\"]}]},{\"@type\":\"ImageObject\",\"inLanguage\":\"nb-NO\",\"@id\":\"https:\/\/andshufl.com\/no\/vare\/linoleumspleje\/#primaryimage\",\"url\":\"https:\/\/andshufl.com\/wp-content\/uploads\/2023\/06\/SHUFL_Plejesaet_Linoleum_1.jpg\",\"contentUrl\":\"https:\/\/andshufl.com\/wp-content\/uploads\/2023\/06\/SHUFL_Plejesaet_Linoleum_1.jpg\",\"width\":2560,\"height\":2560,\"caption\":\"Linoleumspleje\"},{\"@type\":\"BreadcrumbList\",\"@id\":\"https:\/\/andshufl.com\/no\/vare\/linoleumspleje\/#breadcrumb\",\"itemListElement\":[{\"@type\":\"ListItem\",\"position\":1,\"name\":\"Hjem\",\"item\":\"https:\/\/andshufl.com\/no\/forside\/\"},{\"@type\":\"ListItem\",\"position\":2,\"name\":\"Shop\",\"item\":\"https:\/\/andshufl.com\/no\/shop\/\"},{\"@type\":\"ListItem\",\"position\":3,\"name\":\"Linoleumspleje\"}]},{\"@type\":\"WebSite\",\"@id\":\"https:\/\/andshufl.com\/no\/#website\",\"url\":\"https:\/\/andshufl.com\/no\/\",\"name\":\"&SHUFL\",\"description\":\"\",\"publisher\":{\"@id\":\"https:\/\/andshufl.com\/no\/#organization\"},\"potentialAction\":[{\"@type\":\"SearchAction\",\"target\":{\"@type\":\"EntryPoint\",\"urlTemplate\":\"https:\/\/andshufl.com\/no\/?s={search_term_string}\"},\"query-input\":{\"@type\":\"PropertyValueSpecification\",\"valueRequired\":true,\"valueName\":\"search_term_string\"}}],\"inLanguage\":\"nb-NO\"},{\"@type\":\"Organization\",\"@id\":\"https:\/\/andshufl.com\/no\/#organization\",\"name\":\"&SHUFL\",\"url\":\"https:\/\/andshufl.com\/no\/\",\"logo\":{\"@type\":\"ImageObject\",\"inLanguage\":\"nb-NO\",\"@id\":\"https:\/\/andshufl.com\/no\/#\/schema\/logo\/image\/\",\"url\":\"https:\/\/andshufl.com\/wp-content\/uploads\/2023\/06\/SHUFL_logo.png\",\"contentUrl\":\"https:\/\/andshufl.com\/wp-content\/uploads\/2023\/06\/SHUFL_logo.png\",\"width\":614,\"height\":111,\"caption\":\"&SHUFL\"},\"image\":{\"@id\":\"https:\/\/andshufl.com\/no\/#\/schema\/logo\/image\/\"}}]}<\/script>\n<!-- \/ Yoast SEO plugin. -->","yoast_head_json":{"title":"Linoleumspleie for benkeplater og kj\u00f8kkenfronter.","description":"Vedlikeholdssett for linoleum. Settet inneholder 500 ml Guardian Linoleum Soap, en svamp og en vedlikeholdsguide. Linoleumspleie for benkeplater og fronter.","robots":{"index":"index","follow":"follow","max-snippet":"max-snippet:-1","max-image-preview":"max-image-preview:large","max-video-preview":"max-video-preview:-1"},"canonical":"https:\/\/andshufl.com\/no\/vare\/linoleumspleje\/","og_locale":"nb_NO","og_type":"article","og_title":"Linoleumspleie for benkeplater og kj\u00f8kkenfronter.","og_description":"Vedlikeholdssett for linoleum. Settet inneholder 500 ml Guardian Linoleum Soap, en svamp og en vedlikeholdsguide. Linoleumspleie for benkeplater og fronter.","og_url":"https:\/\/andshufl.com\/no\/vare\/linoleumspleje\/","og_site_name":"&amp;SHUFL","article_modified_time":"2023-11-29T08:33:14+00:00","og_image":[{"width":2560,"height":1920,"url":"https:\/\/andshufl.com\/wp-content\/uploads\/2023\/06\/SHUFL-andshufl-designerkoekken-linoleum-pleje-produkt-carekit-linoleum-rengoering.NEW_-1-scaled.jpg","type":"image\/jpeg"}],"twitter_card":"summary_large_image","twitter_misc":{"Ansl. lesetid":"1 minutt"},"schema":{"@context":"https:\/\/schema.org","@graph":[{"@type":"WebPage","@id":"https:\/\/andshufl.com\/no\/vare\/linoleumspleje\/","url":"https:\/\/andshufl.com\/no\/vare\/linoleumspleje\/","name":"Linoleumspleie for benkeplater og kj\u00f8kkenfronter.","isPartOf":{"@id":"https:\/\/andshufl.com\/no\/#website"},"primaryImageOfPage":{"@id":"https:\/\/andshufl.com\/no\/vare\/linoleumspleje\/#primaryimage"},"image":{"@id":"https:\/\/andshufl.com\/no\/vare\/linoleumspleje\/#primaryimage"},"thumbnailUrl":"https:\/\/andshufl.com\/wp-content\/uploads\/2023\/06\/SHUFL_Plejesaet_Linoleum_1.jpg","datePublished":"2023-06-19T12:23:17+00:00","dateModified":"2023-11-29T08:33:14+00:00","description":"Vedlikeholdssett for linoleum. Settet inneholder 500 ml Guardian Linoleum Soap, en svamp og en vedlikeholdsguide. Linoleumspleie for benkeplater og fronter.","breadcrumb":{"@id":"https:\/\/andshufl.com\/no\/vare\/linoleumspleje\/#breadcrumb"},"inLanguage":"nb-NO","potentialAction":[{"@type":"ReadAction","target":["https:\/\/andshufl.com\/no\/vare\/linoleumspleje\/"]}]},{"@type":"ImageObject","inLanguage":"nb-NO","@id":"https:\/\/andshufl.com\/no\/vare\/linoleumspleje\/#primaryimage","url":"https:\/\/andshufl.com\/wp-content\/uploads\/2023\/06\/SHUFL_Plejesaet_Linoleum_1.jpg","contentUrl":"https:\/\/andshufl.com\/wp-content\/uploads\/2023\/06\/SHUFL_Plejesaet_Linoleum_1.jpg","width":2560,"height":2560,"caption":"Linoleumspleje"},{"@type":"BreadcrumbList","@id":"https:\/\/andshufl.com\/no\/vare\/linoleumspleje\/#breadcrumb","itemListElement":[{"@type":"ListItem","position":1,"name":"Hjem","item":"https:\/\/andshufl.com\/no\/forside\/"},{"@type":"ListItem","position":2,"name":"Shop","item":"https:\/\/andshufl.com\/no\/shop\/"},{"@type":"ListItem","position":3,"name":"Linoleumspleje"}]},{"@type":"WebSite","@id":"https:\/\/andshufl.com\/no\/#website","url":"https:\/\/andshufl.com\/no\/","name":"&SHUFL","description":"","publisher":{"@id":"https:\/\/andshufl.com\/no\/#organization"},"potentialAction":[{"@type":"SearchAction","target":{"@type":"EntryPoint","urlTemplate":"https:\/\/andshufl.com\/no\/?s={search_term_string}"},"query-input":{"@type":"PropertyValueSpecification","valueRequired":true,"valueName":"search_term_string"}}],"inLanguage":"nb-NO"},{"@type":"Organization","@id":"https:\/\/andshufl.com\/no\/#organization","name":"&SHUFL","url":"https:\/\/andshufl.com\/no\/","logo":{"@type":"ImageObject","inLanguage":"nb-NO","@id":"https:\/\/andshufl.com\/no\/#\/schema\/logo\/image\/","url":"https:\/\/andshufl.com\/wp-content\/uploads\/2023\/06\/SHUFL_logo.png","contentUrl":"https:\/\/andshufl.com\/wp-content\/uploads\/2023\/06\/SHUFL_logo.png","width":614,"height":111,"caption":"&SHUFL"},"image":{"@id":"https:\/\/andshufl.com\/no\/#\/schema\/logo\/image\/"}}]}},"_links":{"self":[{"href":"https:\/\/andshufl.com\/no\/wp-json\/wp\/v2\/product\/3498","targetHints":{"allow":["GET"]}}],"collection":[{"href":"https:\/\/andshufl.com\/no\/wp-json\/wp\/v2\/product"}],"about":[{"href":"https:\/\/andshufl.com\/no\/wp-json\/wp\/v2\/types\/product"}],"replies":[{"embeddable":true,"href":"https:\/\/andshufl.com\/no\/wp-json\/wp\/v2\/comments?post=3498"}],"wp:featuredmedia":[{"embeddable":true,"href":"https:\/\/andshufl.com\/no\/wp-json\/wp\/v2\/media\/9996"}],"wp:attachment":[{"href":"https:\/\/andshufl.com\/no\/wp-json\/wp\/v2\/media?parent=3498"}],"wp:term":[{"taxonomy":"product_cat","embeddable":true,"href":"https:\/\/andshufl.com\/no\/wp-json\/wp\/v2\/product_cat?post=3498"},{"taxonomy":"product_tag","embeddable":true,"href":"https:\/\/andshufl.com\/no\/wp-json\/wp\/v2\/product_tag?post=3498"}],"curies":[{"name":"wp","href":"https:\/\/api.w.org\/{rel}","templated":true}]}}