{"id":3502,"date":"2023-06-19T14:23:17","date_gmt":"2023-06-19T12:23:17","guid":{"rendered":"https:\/\/andshufl.com\/vare\/laminat-sample-saet\/"},"modified":"2025-02-26T14:47:23","modified_gmt":"2025-02-26T13:47:23","slug":"laminat-sample-saet","status":"publish","type":"product","link":"https:\/\/andshufl.com\/no\/vare\/laminat-sample-saet\/","title":{"rendered":"Laminat sample-s\u00e6t"},"content":{"rendered":"<h2><strong>Laminat sample-s\u00e6t<\/strong><\/h2>\n<p>24 stk farvesamples (8 x 6 cm)<\/p>\n<p>Farve sample-s\u00e6t med 24 farver fra &amp;SHUFLs laminatkollektion. Farvepaletten er n\u00f8je udvalgt til at kunne holde i mange \u00e5r. Farverne er matte med lav refleksion, og materialet er slidst\u00e6rkt og modstandsdygtigt overfor bakterier. Laminat er stort set vedligeholdelsesfrit og kan til daglig bare reng\u00f8res med vand og evt. lidt s\u00e6be. S\u00e5 bliver det ikke nemmere.<\/p>\n<p><span style=\"font-size: inherit;\">Vores k\u00f8kkenfronter i laminat produceres p\u00e5 danske snedkerier og er opbygget, s\u00e5 du f\u00e5r farve b\u00e5de p\u00e5 for- og bagsiden af fronten. S\u00e5ledes er der noget smukt at kigge p\u00e5, n\u00e5r du \u00e5bner skuffen eller skabet.\u00a0<\/span><\/p>\n<p>L\u00e6s mere her om <strong><a href=\"https:\/\/andshufl.com\/no\/kjoekken\/kolleksjoner\/laminat\/\">&amp;SHUFLs laminat kollektion<\/a><\/strong>.<\/p>\n<div>\n<hr \/>\n<\/div>\n<div><\/div>\n<h5><strong>Frakt<\/strong>: Fra 50 DKK<\/h5>\n<h5><strong>Leveringstid<\/strong>: 1-4 hverdager<\/h5>\n<h5><strong>Bemerk<\/strong>: Vi refunderer kostnadene ved kj\u00f8p av varepr\u00f8ver n\u00e5r du kj\u00f8per kj\u00f8kken, garderober og lignende. &#8211; Du trenger bare \u00e5 gj\u00f8re oss oppmerksomme p\u00e5 det.<\/h5>\n<p>Vi sender deg en tekstmelding n\u00e5r pr\u00f8vepakken din er sendt. Som utgangspunkt sender vi pr\u00f8ver hjem til din postkasse.<\/p>\n","protected":false},"excerpt":{"rendered":"<p>24 stk farvesamples (8 x 6 cm)<\/p>\n","protected":false},"featured_media":9980,"comment_status":"closed","ping_status":"closed","template":"","meta":{"inline_featured_image":false},"product_cat":[42],"product_tag":[],"class_list":["post-3502","product","type-product","status-publish","has-post-thumbnail","hentry","product_cat-fargeproever","product_shipping_class-farvesamples"],"yoast_head":"<!-- This site is optimized with the Yoast SEO plugin v24.4 - https:\/\/yoast.com\/wordpress\/plugins\/seo\/ -->\n<title>laminat fargepr\u00f8ver<\/title>\n<meta name=\"description\" content=\"Laminat fargepr\u00f8ver fra &amp;SHUFL. Nyt kj\u00f8kken fra &amp;SHUFL. Afpr\u00f8v farverne derhjemme og find den helt rigtige farve til dit nye k\u00f8kken.\" \/>\n<meta name=\"robots\" content=\"index, follow, max-snippet:-1, max-image-preview:large, max-video-preview:-1\" \/>\n<link rel=\"canonical\" href=\"https:\/\/andshufl.com\/no\/vare\/laminat-sample-saet\/\" \/>\n<meta property=\"og:locale\" content=\"nb_NO\" \/>\n<meta property=\"og:type\" content=\"article\" \/>\n<meta property=\"og:title\" content=\"laminat fargepr\u00f8ver\" \/>\n<meta property=\"og:description\" content=\"Laminat fargepr\u00f8ver fra &amp;SHUFL. Nyt kj\u00f8kken fra &amp;SHUFL. Afpr\u00f8v farverne derhjemme og find den helt rigtige farve til dit nye k\u00f8kken.\" \/>\n<meta property=\"og:url\" content=\"https:\/\/andshufl.com\/no\/vare\/laminat-sample-saet\/\" \/>\n<meta property=\"og:site_name\" content=\"&amp;SHUFL\" \/>\n<meta property=\"article:modified_time\" content=\"2025-02-26T13:47:23+00:00\" \/>\n<meta property=\"og:image\" content=\"https:\/\/andshufl.com\/wp-content\/uploads\/2023\/06\/SHUFL_Farveproever_Laminat_1.jpg\" \/>\n\t<meta property=\"og:image:width\" content=\"2560\" \/>\n\t<meta property=\"og:image:height\" content=\"2560\" \/>\n\t<meta property=\"og:image:type\" content=\"image\/jpeg\" \/>\n<meta name=\"twitter:card\" content=\"summary_large_image\" \/>\n<meta name=\"twitter:label1\" content=\"Ansl. lesetid\" \/>\n\t<meta name=\"twitter:data1\" content=\"2 minutter\" \/>\n<script type=\"application\/ld+json\" class=\"yoast-schema-graph\">{\"@context\":\"https:\/\/schema.org\",\"@graph\":[{\"@type\":\"WebPage\",\"@id\":\"https:\/\/andshufl.com\/no\/vare\/laminat-sample-saet\/\",\"url\":\"https:\/\/andshufl.com\/no\/vare\/laminat-sample-saet\/\",\"name\":\"laminat fargepr\u00f8ver\",\"isPartOf\":{\"@id\":\"https:\/\/andshufl.com\/no\/#website\"},\"primaryImageOfPage\":{\"@id\":\"https:\/\/andshufl.com\/no\/vare\/laminat-sample-saet\/#primaryimage\"},\"image\":{\"@id\":\"https:\/\/andshufl.com\/no\/vare\/laminat-sample-saet\/#primaryimage\"},\"thumbnailUrl\":\"https:\/\/andshufl.com\/wp-content\/uploads\/2023\/06\/SHUFL_Farveproever_Laminat_1.jpg\",\"datePublished\":\"2023-06-19T12:23:17+00:00\",\"dateModified\":\"2025-02-26T13:47:23+00:00\",\"description\":\"Laminat fargepr\u00f8ver fra &SHUFL. Nyt kj\u00f8kken fra &SHUFL. Afpr\u00f8v farverne derhjemme og find den helt rigtige farve til dit nye k\u00f8kken.\",\"breadcrumb\":{\"@id\":\"https:\/\/andshufl.com\/no\/vare\/laminat-sample-saet\/#breadcrumb\"},\"inLanguage\":\"nb-NO\",\"potentialAction\":[{\"@type\":\"ReadAction\",\"target\":[\"https:\/\/andshufl.com\/no\/vare\/laminat-sample-saet\/\"]}]},{\"@type\":\"ImageObject\",\"inLanguage\":\"nb-NO\",\"@id\":\"https:\/\/andshufl.com\/no\/vare\/laminat-sample-saet\/#primaryimage\",\"url\":\"https:\/\/andshufl.com\/wp-content\/uploads\/2023\/06\/SHUFL_Farveproever_Laminat_1.jpg\",\"contentUrl\":\"https:\/\/andshufl.com\/wp-content\/uploads\/2023\/06\/SHUFL_Farveproever_Laminat_1.jpg\",\"width\":2560,\"height\":2560,\"caption\":\"Farvepr\u00f8ver laminat\"},{\"@type\":\"BreadcrumbList\",\"@id\":\"https:\/\/andshufl.com\/no\/vare\/laminat-sample-saet\/#breadcrumb\",\"itemListElement\":[{\"@type\":\"ListItem\",\"position\":1,\"name\":\"Hjem\",\"item\":\"https:\/\/andshufl.com\/no\/forside\/\"},{\"@type\":\"ListItem\",\"position\":2,\"name\":\"Shop\",\"item\":\"https:\/\/andshufl.com\/no\/shop\/\"},{\"@type\":\"ListItem\",\"position\":3,\"name\":\"Laminat sample-s\u00e6t\"}]},{\"@type\":\"WebSite\",\"@id\":\"https:\/\/andshufl.com\/no\/#website\",\"url\":\"https:\/\/andshufl.com\/no\/\",\"name\":\"&SHUFL\",\"description\":\"\",\"publisher\":{\"@id\":\"https:\/\/andshufl.com\/no\/#organization\"},\"potentialAction\":[{\"@type\":\"SearchAction\",\"target\":{\"@type\":\"EntryPoint\",\"urlTemplate\":\"https:\/\/andshufl.com\/no\/?s={search_term_string}\"},\"query-input\":{\"@type\":\"PropertyValueSpecification\",\"valueRequired\":true,\"valueName\":\"search_term_string\"}}],\"inLanguage\":\"nb-NO\"},{\"@type\":\"Organization\",\"@id\":\"https:\/\/andshufl.com\/no\/#organization\",\"name\":\"&SHUFL\",\"url\":\"https:\/\/andshufl.com\/no\/\",\"logo\":{\"@type\":\"ImageObject\",\"inLanguage\":\"nb-NO\",\"@id\":\"https:\/\/andshufl.com\/no\/#\/schema\/logo\/image\/\",\"url\":\"https:\/\/andshufl.com\/wp-content\/uploads\/2023\/06\/SHUFL_logo.png\",\"contentUrl\":\"https:\/\/andshufl.com\/wp-content\/uploads\/2023\/06\/SHUFL_logo.png\",\"width\":614,\"height\":111,\"caption\":\"&SHUFL\"},\"image\":{\"@id\":\"https:\/\/andshufl.com\/no\/#\/schema\/logo\/image\/\"}}]}<\/script>\n<!-- \/ Yoast SEO plugin. -->","yoast_head_json":{"title":"laminat fargepr\u00f8ver","description":"Laminat fargepr\u00f8ver fra &SHUFL. Nyt kj\u00f8kken fra &SHUFL. Afpr\u00f8v farverne derhjemme og find den helt rigtige farve til dit nye k\u00f8kken.","robots":{"index":"index","follow":"follow","max-snippet":"max-snippet:-1","max-image-preview":"max-image-preview:large","max-video-preview":"max-video-preview:-1"},"canonical":"https:\/\/andshufl.com\/no\/vare\/laminat-sample-saet\/","og_locale":"nb_NO","og_type":"article","og_title":"laminat fargepr\u00f8ver","og_description":"Laminat fargepr\u00f8ver fra &SHUFL. Nyt kj\u00f8kken fra &SHUFL. Afpr\u00f8v farverne derhjemme og find den helt rigtige farve til dit nye k\u00f8kken.","og_url":"https:\/\/andshufl.com\/no\/vare\/laminat-sample-saet\/","og_site_name":"&amp;SHUFL","article_modified_time":"2025-02-26T13:47:23+00:00","og_image":[{"width":2560,"height":2560,"url":"https:\/\/andshufl.com\/wp-content\/uploads\/2023\/06\/SHUFL_Farveproever_Laminat_1.jpg","type":"image\/jpeg"}],"twitter_card":"summary_large_image","twitter_misc":{"Ansl. lesetid":"2 minutter"},"schema":{"@context":"https:\/\/schema.org","@graph":[{"@type":"WebPage","@id":"https:\/\/andshufl.com\/no\/vare\/laminat-sample-saet\/","url":"https:\/\/andshufl.com\/no\/vare\/laminat-sample-saet\/","name":"laminat fargepr\u00f8ver","isPartOf":{"@id":"https:\/\/andshufl.com\/no\/#website"},"primaryImageOfPage":{"@id":"https:\/\/andshufl.com\/no\/vare\/laminat-sample-saet\/#primaryimage"},"image":{"@id":"https:\/\/andshufl.com\/no\/vare\/laminat-sample-saet\/#primaryimage"},"thumbnailUrl":"https:\/\/andshufl.com\/wp-content\/uploads\/2023\/06\/SHUFL_Farveproever_Laminat_1.jpg","datePublished":"2023-06-19T12:23:17+00:00","dateModified":"2025-02-26T13:47:23+00:00","description":"Laminat fargepr\u00f8ver fra &SHUFL. Nyt kj\u00f8kken fra &SHUFL. Afpr\u00f8v farverne derhjemme og find den helt rigtige farve til dit nye k\u00f8kken.","breadcrumb":{"@id":"https:\/\/andshufl.com\/no\/vare\/laminat-sample-saet\/#breadcrumb"},"inLanguage":"nb-NO","potentialAction":[{"@type":"ReadAction","target":["https:\/\/andshufl.com\/no\/vare\/laminat-sample-saet\/"]}]},{"@type":"ImageObject","inLanguage":"nb-NO","@id":"https:\/\/andshufl.com\/no\/vare\/laminat-sample-saet\/#primaryimage","url":"https:\/\/andshufl.com\/wp-content\/uploads\/2023\/06\/SHUFL_Farveproever_Laminat_1.jpg","contentUrl":"https:\/\/andshufl.com\/wp-content\/uploads\/2023\/06\/SHUFL_Farveproever_Laminat_1.jpg","width":2560,"height":2560,"caption":"Farvepr\u00f8ver laminat"},{"@type":"BreadcrumbList","@id":"https:\/\/andshufl.com\/no\/vare\/laminat-sample-saet\/#breadcrumb","itemListElement":[{"@type":"ListItem","position":1,"name":"Hjem","item":"https:\/\/andshufl.com\/no\/forside\/"},{"@type":"ListItem","position":2,"name":"Shop","item":"https:\/\/andshufl.com\/no\/shop\/"},{"@type":"ListItem","position":3,"name":"Laminat sample-s\u00e6t"}]},{"@type":"WebSite","@id":"https:\/\/andshufl.com\/no\/#website","url":"https:\/\/andshufl.com\/no\/","name":"&SHUFL","description":"","publisher":{"@id":"https:\/\/andshufl.com\/no\/#organization"},"potentialAction":[{"@type":"SearchAction","target":{"@type":"EntryPoint","urlTemplate":"https:\/\/andshufl.com\/no\/?s={search_term_string}"},"query-input":{"@type":"PropertyValueSpecification","valueRequired":true,"valueName":"search_term_string"}}],"inLanguage":"nb-NO"},{"@type":"Organization","@id":"https:\/\/andshufl.com\/no\/#organization","name":"&SHUFL","url":"https:\/\/andshufl.com\/no\/","logo":{"@type":"ImageObject","inLanguage":"nb-NO","@id":"https:\/\/andshufl.com\/no\/#\/schema\/logo\/image\/","url":"https:\/\/andshufl.com\/wp-content\/uploads\/2023\/06\/SHUFL_logo.png","contentUrl":"https:\/\/andshufl.com\/wp-content\/uploads\/2023\/06\/SHUFL_logo.png","width":614,"height":111,"caption":"&SHUFL"},"image":{"@id":"https:\/\/andshufl.com\/no\/#\/schema\/logo\/image\/"}}]}},"_links":{"self":[{"href":"https:\/\/andshufl.com\/no\/wp-json\/wp\/v2\/product\/3502","targetHints":{"allow":["GET"]}}],"collection":[{"href":"https:\/\/andshufl.com\/no\/wp-json\/wp\/v2\/product"}],"about":[{"href":"https:\/\/andshufl.com\/no\/wp-json\/wp\/v2\/types\/product"}],"replies":[{"embeddable":true,"href":"https:\/\/andshufl.com\/no\/wp-json\/wp\/v2\/comments?post=3502"}],"wp:featuredmedia":[{"embeddable":true,"href":"https:\/\/andshufl.com\/no\/wp-json\/wp\/v2\/media\/9980"}],"wp:attachment":[{"href":"https:\/\/andshufl.com\/no\/wp-json\/wp\/v2\/media?parent=3502"}],"wp:term":[{"taxonomy":"product_cat","embeddable":true,"href":"https:\/\/andshufl.com\/no\/wp-json\/wp\/v2\/product_cat?post=3502"},{"taxonomy":"product_tag","embeddable":true,"href":"https:\/\/andshufl.com\/no\/wp-json\/wp\/v2\/product_tag?post=3502"}],"curies":[{"name":"wp","href":"https:\/\/api.w.org\/{rel}","templated":true}]}}