{"id":3506,"date":"2023-06-19T14:23:17","date_gmt":"2023-06-19T12:23:17","guid":{"rendered":"https:\/\/andshufl.com\/vare\/linoleum-sample-saet\/"},"modified":"2025-02-18T10:18:52","modified_gmt":"2025-02-18T09:18:52","slug":"linoleum-sample-saet","status":"publish","type":"product","link":"https:\/\/andshufl.com\/no\/vare\/linoleum-sample-saet\/","title":{"rendered":"Linoleum sample-s\u00e6t"},"content":{"rendered":"<h2><strong>Linoleum sample-s\u00e6t<\/strong><\/h2>\n<p>15 stk farvesamples (8 x 6 cm)<\/p>\n<p>Fuldt sample-s\u00e6t med alle 18 linoleumsfarver i &amp;SHUFLs linoleumskollektion. Linoleum er et af vores mest popul\u00e6re materialer. P\u00e5 grund af den bl\u00f8de overflade giver linoleum bedre akustik, og materialet er desuden antistatisk og naturligt antibakterielt. I mods\u00e6tning til mange andre materialer kan man ikke se fedtfingre p\u00e5 linoleum \u2013 heller ikke p\u00e5 de m\u00f8rke overflader. Som mange andre naturprodukter kr\u00e6ver linoleum en lille smule k\u00e6rlighed for at holde sig ekstra l\u00e6kkert. Til geng\u00e6ld kan de fleste sm\u00e5 ridser rettes op, netop fordi materialet er til at arbejde med.<\/p>\n<p><span style=\"font-size: inherit;\">Om kollektionen: Alle produkter i kollektionen har linoleum p\u00e5 for- og bagside, og som alle &amp;SHUFL-produkter er de selvf\u00f8lgelig produsert i Danmark. <\/span><\/p>\n<p>L\u00e6s mere her om <strong><a href=\"https:\/\/andshufl.com\/no\/kjoekken\/kolleksjoner\/linoleum\/\">&amp;SHUFLs linoleum kollektion<\/a><\/strong>.<\/p>\n<div>\n<hr \/>\n<\/div>\n<div><\/div>\n<h5><strong>Frakt<\/strong>: 50 DKK<\/h5>\n<h5><strong>Leveringstid<\/strong>: 1-4 hverdager<\/h5>\n<h5><strong>Bemerk<\/strong>: Vi refunderer kostnadene ved kj\u00f8p av varepr\u00f8ver n\u00e5r du kj\u00f8per kj\u00f8kken, garderober og lignende. &#8211; Du trenger bare \u00e5 gj\u00f8re oss oppmerksomme p\u00e5 det.<\/h5>\n<p>Vi sender deg en tekstmelding n\u00e5r pr\u00f8vepakken din er sendt. Som et utgangspunkt sender vi fargepr\u00f8ver til postkassen din.<\/p>\n","protected":false},"excerpt":{"rendered":"<p>15 stk farvesamples (8 x 6 cm)<\/p>\n","protected":false},"featured_media":9788,"comment_status":"closed","ping_status":"closed","template":"","meta":{"inline_featured_image":false},"product_cat":[42],"product_tag":[],"class_list":["post-3506","product","type-product","status-publish","has-post-thumbnail","hentry","product_cat-fargeproever","product_shipping_class-farvesamples"],"yoast_head":"<!-- This site is optimized with the Yoast SEO plugin v24.4 - https:\/\/yoast.com\/wordpress\/plugins\/seo\/ -->\n<title>Linoleum sample-s\u00e6t - &amp;SHUFL<\/title>\n<meta name=\"robots\" content=\"index, follow, max-snippet:-1, max-image-preview:large, max-video-preview:-1\" \/>\n<link rel=\"canonical\" href=\"https:\/\/andshufl.com\/no\/vare\/linoleum-sample-saet\/\" \/>\n<meta property=\"og:locale\" content=\"nb_NO\" \/>\n<meta property=\"og:type\" content=\"article\" \/>\n<meta property=\"og:title\" content=\"Linoleum sample-s\u00e6t - &amp;SHUFL\" \/>\n<meta property=\"og:description\" content=\"15 stk farvesamples (8 x 6 cm)\" \/>\n<meta property=\"og:url\" content=\"https:\/\/andshufl.com\/no\/vare\/linoleum-sample-saet\/\" \/>\n<meta property=\"og:site_name\" content=\"&amp;SHUFL\" \/>\n<meta property=\"article:modified_time\" content=\"2025-02-18T09:18:52+00:00\" \/>\n<meta property=\"og:image\" content=\"https:\/\/andshufl.com\/wp-content\/uploads\/2023\/06\/SHUFL_Farveproever_Linoleum_1-1.jpg\" \/>\n\t<meta property=\"og:image:width\" content=\"1733\" \/>\n\t<meta property=\"og:image:height\" content=\"1733\" \/>\n\t<meta property=\"og:image:type\" content=\"image\/jpeg\" \/>\n<meta name=\"twitter:card\" content=\"summary_large_image\" \/>\n<meta name=\"twitter:label1\" content=\"Ansl. lesetid\" \/>\n\t<meta name=\"twitter:data1\" content=\"2 minutter\" \/>\n<script type=\"application\/ld+json\" class=\"yoast-schema-graph\">{\"@context\":\"https:\/\/schema.org\",\"@graph\":[{\"@type\":\"WebPage\",\"@id\":\"https:\/\/andshufl.com\/no\/vare\/linoleum-sample-saet\/\",\"url\":\"https:\/\/andshufl.com\/no\/vare\/linoleum-sample-saet\/\",\"name\":\"Linoleum sample-s\u00e6t - &amp;SHUFL\",\"isPartOf\":{\"@id\":\"https:\/\/andshufl.com\/no\/#website\"},\"primaryImageOfPage\":{\"@id\":\"https:\/\/andshufl.com\/no\/vare\/linoleum-sample-saet\/#primaryimage\"},\"image\":{\"@id\":\"https:\/\/andshufl.com\/no\/vare\/linoleum-sample-saet\/#primaryimage\"},\"thumbnailUrl\":\"https:\/\/andshufl.com\/wp-content\/uploads\/2023\/06\/SHUFL_Farveproever_Linoleum_1-1.jpg\",\"datePublished\":\"2023-06-19T12:23:17+00:00\",\"dateModified\":\"2025-02-18T09:18:52+00:00\",\"breadcrumb\":{\"@id\":\"https:\/\/andshufl.com\/no\/vare\/linoleum-sample-saet\/#breadcrumb\"},\"inLanguage\":\"nb-NO\",\"potentialAction\":[{\"@type\":\"ReadAction\",\"target\":[\"https:\/\/andshufl.com\/no\/vare\/linoleum-sample-saet\/\"]}]},{\"@type\":\"ImageObject\",\"inLanguage\":\"nb-NO\",\"@id\":\"https:\/\/andshufl.com\/no\/vare\/linoleum-sample-saet\/#primaryimage\",\"url\":\"https:\/\/andshufl.com\/wp-content\/uploads\/2023\/06\/SHUFL_Farveproever_Linoleum_1-1.jpg\",\"contentUrl\":\"https:\/\/andshufl.com\/wp-content\/uploads\/2023\/06\/SHUFL_Farveproever_Linoleum_1-1.jpg\",\"width\":1733,\"height\":1733,\"caption\":\"&SHUFL linoleumsfarvepr\u00f8ver\"},{\"@type\":\"BreadcrumbList\",\"@id\":\"https:\/\/andshufl.com\/no\/vare\/linoleum-sample-saet\/#breadcrumb\",\"itemListElement\":[{\"@type\":\"ListItem\",\"position\":1,\"name\":\"Hjem\",\"item\":\"https:\/\/andshufl.com\/no\/forside\/\"},{\"@type\":\"ListItem\",\"position\":2,\"name\":\"Shop\",\"item\":\"https:\/\/andshufl.com\/no\/shop\/\"},{\"@type\":\"ListItem\",\"position\":3,\"name\":\"Linoleum sample-s\u00e6t\"}]},{\"@type\":\"WebSite\",\"@id\":\"https:\/\/andshufl.com\/no\/#website\",\"url\":\"https:\/\/andshufl.com\/no\/\",\"name\":\"&SHUFL\",\"description\":\"\",\"publisher\":{\"@id\":\"https:\/\/andshufl.com\/no\/#organization\"},\"potentialAction\":[{\"@type\":\"SearchAction\",\"target\":{\"@type\":\"EntryPoint\",\"urlTemplate\":\"https:\/\/andshufl.com\/no\/?s={search_term_string}\"},\"query-input\":{\"@type\":\"PropertyValueSpecification\",\"valueRequired\":true,\"valueName\":\"search_term_string\"}}],\"inLanguage\":\"nb-NO\"},{\"@type\":\"Organization\",\"@id\":\"https:\/\/andshufl.com\/no\/#organization\",\"name\":\"&SHUFL\",\"url\":\"https:\/\/andshufl.com\/no\/\",\"logo\":{\"@type\":\"ImageObject\",\"inLanguage\":\"nb-NO\",\"@id\":\"https:\/\/andshufl.com\/no\/#\/schema\/logo\/image\/\",\"url\":\"https:\/\/andshufl.com\/wp-content\/uploads\/2023\/06\/SHUFL_logo.png\",\"contentUrl\":\"https:\/\/andshufl.com\/wp-content\/uploads\/2023\/06\/SHUFL_logo.png\",\"width\":614,\"height\":111,\"caption\":\"&SHUFL\"},\"image\":{\"@id\":\"https:\/\/andshufl.com\/no\/#\/schema\/logo\/image\/\"}}]}<\/script>\n<!-- \/ Yoast SEO plugin. -->","yoast_head_json":{"title":"Linoleum sample-s\u00e6t - &amp;SHUFL","robots":{"index":"index","follow":"follow","max-snippet":"max-snippet:-1","max-image-preview":"max-image-preview:large","max-video-preview":"max-video-preview:-1"},"canonical":"https:\/\/andshufl.com\/no\/vare\/linoleum-sample-saet\/","og_locale":"nb_NO","og_type":"article","og_title":"Linoleum sample-s\u00e6t - &amp;SHUFL","og_description":"15 stk farvesamples (8 x 6 cm)","og_url":"https:\/\/andshufl.com\/no\/vare\/linoleum-sample-saet\/","og_site_name":"&amp;SHUFL","article_modified_time":"2025-02-18T09:18:52+00:00","og_image":[{"width":1733,"height":1733,"url":"https:\/\/andshufl.com\/wp-content\/uploads\/2023\/06\/SHUFL_Farveproever_Linoleum_1-1.jpg","type":"image\/jpeg"}],"twitter_card":"summary_large_image","twitter_misc":{"Ansl. lesetid":"2 minutter"},"schema":{"@context":"https:\/\/schema.org","@graph":[{"@type":"WebPage","@id":"https:\/\/andshufl.com\/no\/vare\/linoleum-sample-saet\/","url":"https:\/\/andshufl.com\/no\/vare\/linoleum-sample-saet\/","name":"Linoleum sample-s\u00e6t - &amp;SHUFL","isPartOf":{"@id":"https:\/\/andshufl.com\/no\/#website"},"primaryImageOfPage":{"@id":"https:\/\/andshufl.com\/no\/vare\/linoleum-sample-saet\/#primaryimage"},"image":{"@id":"https:\/\/andshufl.com\/no\/vare\/linoleum-sample-saet\/#primaryimage"},"thumbnailUrl":"https:\/\/andshufl.com\/wp-content\/uploads\/2023\/06\/SHUFL_Farveproever_Linoleum_1-1.jpg","datePublished":"2023-06-19T12:23:17+00:00","dateModified":"2025-02-18T09:18:52+00:00","breadcrumb":{"@id":"https:\/\/andshufl.com\/no\/vare\/linoleum-sample-saet\/#breadcrumb"},"inLanguage":"nb-NO","potentialAction":[{"@type":"ReadAction","target":["https:\/\/andshufl.com\/no\/vare\/linoleum-sample-saet\/"]}]},{"@type":"ImageObject","inLanguage":"nb-NO","@id":"https:\/\/andshufl.com\/no\/vare\/linoleum-sample-saet\/#primaryimage","url":"https:\/\/andshufl.com\/wp-content\/uploads\/2023\/06\/SHUFL_Farveproever_Linoleum_1-1.jpg","contentUrl":"https:\/\/andshufl.com\/wp-content\/uploads\/2023\/06\/SHUFL_Farveproever_Linoleum_1-1.jpg","width":1733,"height":1733,"caption":"&SHUFL linoleumsfarvepr\u00f8ver"},{"@type":"BreadcrumbList","@id":"https:\/\/andshufl.com\/no\/vare\/linoleum-sample-saet\/#breadcrumb","itemListElement":[{"@type":"ListItem","position":1,"name":"Hjem","item":"https:\/\/andshufl.com\/no\/forside\/"},{"@type":"ListItem","position":2,"name":"Shop","item":"https:\/\/andshufl.com\/no\/shop\/"},{"@type":"ListItem","position":3,"name":"Linoleum sample-s\u00e6t"}]},{"@type":"WebSite","@id":"https:\/\/andshufl.com\/no\/#website","url":"https:\/\/andshufl.com\/no\/","name":"&SHUFL","description":"","publisher":{"@id":"https:\/\/andshufl.com\/no\/#organization"},"potentialAction":[{"@type":"SearchAction","target":{"@type":"EntryPoint","urlTemplate":"https:\/\/andshufl.com\/no\/?s={search_term_string}"},"query-input":{"@type":"PropertyValueSpecification","valueRequired":true,"valueName":"search_term_string"}}],"inLanguage":"nb-NO"},{"@type":"Organization","@id":"https:\/\/andshufl.com\/no\/#organization","name":"&SHUFL","url":"https:\/\/andshufl.com\/no\/","logo":{"@type":"ImageObject","inLanguage":"nb-NO","@id":"https:\/\/andshufl.com\/no\/#\/schema\/logo\/image\/","url":"https:\/\/andshufl.com\/wp-content\/uploads\/2023\/06\/SHUFL_logo.png","contentUrl":"https:\/\/andshufl.com\/wp-content\/uploads\/2023\/06\/SHUFL_logo.png","width":614,"height":111,"caption":"&SHUFL"},"image":{"@id":"https:\/\/andshufl.com\/no\/#\/schema\/logo\/image\/"}}]}},"_links":{"self":[{"href":"https:\/\/andshufl.com\/no\/wp-json\/wp\/v2\/product\/3506","targetHints":{"allow":["GET"]}}],"collection":[{"href":"https:\/\/andshufl.com\/no\/wp-json\/wp\/v2\/product"}],"about":[{"href":"https:\/\/andshufl.com\/no\/wp-json\/wp\/v2\/types\/product"}],"replies":[{"embeddable":true,"href":"https:\/\/andshufl.com\/no\/wp-json\/wp\/v2\/comments?post=3506"}],"wp:featuredmedia":[{"embeddable":true,"href":"https:\/\/andshufl.com\/no\/wp-json\/wp\/v2\/media\/9788"}],"wp:attachment":[{"href":"https:\/\/andshufl.com\/no\/wp-json\/wp\/v2\/media?parent=3506"}],"wp:term":[{"taxonomy":"product_cat","embeddable":true,"href":"https:\/\/andshufl.com\/no\/wp-json\/wp\/v2\/product_cat?post=3506"},{"taxonomy":"product_tag","embeddable":true,"href":"https:\/\/andshufl.com\/no\/wp-json\/wp\/v2\/product_tag?post=3506"}],"curies":[{"name":"wp","href":"https:\/\/api.w.org\/{rel}","templated":true}]}}