{"id":3510,"date":"2023-06-19T14:16:37","date_gmt":"2023-06-19T12:16:37","guid":{"rendered":"https:\/\/andshufl.com\/vare\/d-line-_-messing\/"},"modified":"2024-07-02T12:25:24","modified_gmt":"2024-07-02T10:25:24","slug":"d-line-messing","status":"publish","type":"product","link":"https:\/\/andshufl.com\/no\/vare\/d-line-messing\/","title":{"rendered":"d line _ messing"},"content":{"rendered":"<h2>d line _ messing<\/h2>\n<p>Det ikoniske d line-grepet ble opprinnelig designet av den danske arkitekten Knud Holscher i 1971. Grepet relanseres n\u00e5 som et samarbeid mellom &amp;SHUFL og d line i en spesiell utgave som, i tillegg til de opprinnelige klassiske overflatene, legger til tre nye dristige farger. Grepet kan brukes b\u00e5de p\u00e5 &amp;SHUFLs egne fronter og skapsd\u00f8rer, samt andre d\u00f8rer og skuffer. Messing grepet er laget av b\u00f8rstet rustfritt st\u00e5l med en PVD-overflatebehandling i messing. Denne sv\u00e6rt holdbare behandlede overflaten beholder sin finish og utseende i mange \u00e5r fremover.<\/p>\n<p><strong>Frakt: DKK 50<\/strong><br \/>\n<strong>Leveringstid: 2-4 arbeidsdager<\/strong><br \/>\n<strong>Returrett: 14 dagers full returrett<\/strong><\/p>\n<div><\/div>\n<div>Vi vil sende deg en SMS med n\u00f8yaktig informasjon om levering av pakken din. Som utgangspunkt sender vi pakken til en pakkebutikk som ligger n\u00e6r deg. Har du \u00f8nske om en bestemt pakkeshop, s\u00e5 skriv en note til oss ved bestilling.<\/div>\n","protected":false},"excerpt":{"rendered":"<div><strong style=\"color: #555555; font-size: 14.4px;\">Spesifikasjoner<\/strong><\/div>\n<div>\n<ul>\n<li aria-level=\"1\">\u00d814 mm r\u00f8r<\/li>\n<li aria-level=\"1\">Lengde: 142 mm<\/li>\n<li aria-level=\"1\">Dybde: 41 mm<\/li>\n<li aria-level=\"1\">Avstand mellom skruehuller: 128 mm<\/li>\n<li aria-level=\"1\">Merk: Grepet kan brukes p\u00e5 fronter med en tykkelse p\u00e5 15 &#8211; 25 mm.<\/li>\n<\/ul>\n<p><strong>Medf\u00f8lger i esken:<\/strong><\/p>\n<ul>\n<li aria-level=\"1\">2 x Skruer M5x25<\/li>\n<li aria-level=\"1\">1 x Boremal<\/li>\n<\/ul>\n<\/div>\n","protected":false},"featured_media":2840,"comment_status":"open","ping_status":"closed","template":"","meta":{"inline_featured_image":false},"product_cat":[41],"product_tag":[],"class_list":["post-3510","product","type-product","status-publish","has-post-thumbnail","hentry","product_cat-grep","product_shipping_class-greb"],"yoast_head":"<!-- This site is optimized with the Yoast SEO plugin v24.4 - https:\/\/yoast.com\/wordpress\/plugins\/seo\/ -->\n<title>d line _ messing - &amp;SHUFL<\/title>\n<meta name=\"robots\" content=\"index, follow, max-snippet:-1, max-image-preview:large, max-video-preview:-1\" \/>\n<link rel=\"canonical\" href=\"https:\/\/andshufl.com\/no\/vare\/d-line-messing\/\" \/>\n<meta property=\"og:locale\" content=\"nb_NO\" \/>\n<meta property=\"og:type\" content=\"article\" \/>\n<meta property=\"og:title\" content=\"d line _ messing - &amp;SHUFL\" \/>\n<meta property=\"og:description\" content=\"Spesifikasjoner   \u00d814 mm r\u00f8r  Lengde: 142 mm  Dybde: 41 mm  Avstand mellom skruehuller: 128 mm  Merk: Grepet kan brukes p\u00e5 fronter med en tykkelse p\u00e5 15 - 25 mm. Medf\u00f8lger i esken:  2 x Skruer M5x25  1 x Boremal\" \/>\n<meta property=\"og:url\" content=\"https:\/\/andshufl.com\/no\/vare\/d-line-messing\/\" \/>\n<meta property=\"og:site_name\" content=\"&amp;SHUFL\" \/>\n<meta property=\"article:modified_time\" content=\"2024-07-02T10:25:24+00:00\" \/>\n<meta property=\"og:image\" content=\"https:\/\/andshufl.com\/wp-content\/uploads\/2023\/08\/SHUFL_d_line_kitchen_handles_koekkengreb_brass_messing_messinggreb.3.jpg\" \/>\n\t<meta property=\"og:image:width\" content=\"1544\" \/>\n\t<meta property=\"og:image:height\" content=\"1158\" \/>\n\t<meta property=\"og:image:type\" content=\"image\/jpeg\" \/>\n<meta name=\"twitter:card\" content=\"summary_large_image\" \/>\n<meta name=\"twitter:label1\" content=\"Ansl. lesetid\" \/>\n\t<meta name=\"twitter:data1\" content=\"1 minutt\" \/>\n<script type=\"application\/ld+json\" class=\"yoast-schema-graph\">{\"@context\":\"https:\/\/schema.org\",\"@graph\":[{\"@type\":\"WebPage\",\"@id\":\"https:\/\/andshufl.com\/no\/vare\/d-line-messing\/\",\"url\":\"https:\/\/andshufl.com\/no\/vare\/d-line-messing\/\",\"name\":\"d line _ messing - &amp;SHUFL\",\"isPartOf\":{\"@id\":\"https:\/\/andshufl.com\/no\/#website\"},\"primaryImageOfPage\":{\"@id\":\"https:\/\/andshufl.com\/no\/vare\/d-line-messing\/#primaryimage\"},\"image\":{\"@id\":\"https:\/\/andshufl.com\/no\/vare\/d-line-messing\/#primaryimage\"},\"thumbnailUrl\":\"https:\/\/andshufl.com\/wp-content\/uploads\/2023\/08\/SHUFL_d_line_kitchen_handles_koekkengreb_brass_messing_messinggreb.3.jpg\",\"datePublished\":\"2023-06-19T12:16:37+00:00\",\"dateModified\":\"2024-07-02T10:25:24+00:00\",\"breadcrumb\":{\"@id\":\"https:\/\/andshufl.com\/no\/vare\/d-line-messing\/#breadcrumb\"},\"inLanguage\":\"nb-NO\",\"potentialAction\":[{\"@type\":\"ReadAction\",\"target\":[\"https:\/\/andshufl.com\/no\/vare\/d-line-messing\/\"]}]},{\"@type\":\"ImageObject\",\"inLanguage\":\"nb-NO\",\"@id\":\"https:\/\/andshufl.com\/no\/vare\/d-line-messing\/#primaryimage\",\"url\":\"https:\/\/andshufl.com\/wp-content\/uploads\/2023\/08\/SHUFL_d_line_kitchen_handles_koekkengreb_brass_messing_messinggreb.3.jpg\",\"contentUrl\":\"https:\/\/andshufl.com\/wp-content\/uploads\/2023\/08\/SHUFL_d_line_kitchen_handles_koekkengreb_brass_messing_messinggreb.3.jpg\",\"width\":1544,\"height\":1158,\"caption\":\"messing greb koekkengreb &amp;SHUFL d line b\u00f8jlegreb\"},{\"@type\":\"BreadcrumbList\",\"@id\":\"https:\/\/andshufl.com\/no\/vare\/d-line-messing\/#breadcrumb\",\"itemListElement\":[{\"@type\":\"ListItem\",\"position\":1,\"name\":\"Hjem\",\"item\":\"https:\/\/andshufl.com\/no\/forside\/\"},{\"@type\":\"ListItem\",\"position\":2,\"name\":\"Shop\",\"item\":\"https:\/\/andshufl.com\/no\/shop\/\"},{\"@type\":\"ListItem\",\"position\":3,\"name\":\"d line _ messing\"}]},{\"@type\":\"WebSite\",\"@id\":\"https:\/\/andshufl.com\/no\/#website\",\"url\":\"https:\/\/andshufl.com\/no\/\",\"name\":\"&SHUFL\",\"description\":\"\",\"publisher\":{\"@id\":\"https:\/\/andshufl.com\/no\/#organization\"},\"potentialAction\":[{\"@type\":\"SearchAction\",\"target\":{\"@type\":\"EntryPoint\",\"urlTemplate\":\"https:\/\/andshufl.com\/no\/?s={search_term_string}\"},\"query-input\":{\"@type\":\"PropertyValueSpecification\",\"valueRequired\":true,\"valueName\":\"search_term_string\"}}],\"inLanguage\":\"nb-NO\"},{\"@type\":\"Organization\",\"@id\":\"https:\/\/andshufl.com\/no\/#organization\",\"name\":\"&SHUFL\",\"url\":\"https:\/\/andshufl.com\/no\/\",\"logo\":{\"@type\":\"ImageObject\",\"inLanguage\":\"nb-NO\",\"@id\":\"https:\/\/andshufl.com\/no\/#\/schema\/logo\/image\/\",\"url\":\"https:\/\/andshufl.com\/wp-content\/uploads\/2023\/06\/SHUFL_logo.png\",\"contentUrl\":\"https:\/\/andshufl.com\/wp-content\/uploads\/2023\/06\/SHUFL_logo.png\",\"width\":614,\"height\":111,\"caption\":\"&SHUFL\"},\"image\":{\"@id\":\"https:\/\/andshufl.com\/no\/#\/schema\/logo\/image\/\"}}]}<\/script>\n<!-- \/ Yoast SEO plugin. -->","yoast_head_json":{"title":"d line _ messing - &amp;SHUFL","robots":{"index":"index","follow":"follow","max-snippet":"max-snippet:-1","max-image-preview":"max-image-preview:large","max-video-preview":"max-video-preview:-1"},"canonical":"https:\/\/andshufl.com\/no\/vare\/d-line-messing\/","og_locale":"nb_NO","og_type":"article","og_title":"d line _ messing - &amp;SHUFL","og_description":"Spesifikasjoner   \u00d814 mm r\u00f8r  Lengde: 142 mm  Dybde: 41 mm  Avstand mellom skruehuller: 128 mm  Merk: Grepet kan brukes p\u00e5 fronter med en tykkelse p\u00e5 15 - 25 mm. Medf\u00f8lger i esken:  2 x Skruer M5x25  1 x Boremal","og_url":"https:\/\/andshufl.com\/no\/vare\/d-line-messing\/","og_site_name":"&amp;SHUFL","article_modified_time":"2024-07-02T10:25:24+00:00","og_image":[{"width":1544,"height":1158,"url":"https:\/\/andshufl.com\/wp-content\/uploads\/2023\/08\/SHUFL_d_line_kitchen_handles_koekkengreb_brass_messing_messinggreb.3.jpg","type":"image\/jpeg"}],"twitter_card":"summary_large_image","twitter_misc":{"Ansl. lesetid":"1 minutt"},"schema":{"@context":"https:\/\/schema.org","@graph":[{"@type":"WebPage","@id":"https:\/\/andshufl.com\/no\/vare\/d-line-messing\/","url":"https:\/\/andshufl.com\/no\/vare\/d-line-messing\/","name":"d line _ messing - &amp;SHUFL","isPartOf":{"@id":"https:\/\/andshufl.com\/no\/#website"},"primaryImageOfPage":{"@id":"https:\/\/andshufl.com\/no\/vare\/d-line-messing\/#primaryimage"},"image":{"@id":"https:\/\/andshufl.com\/no\/vare\/d-line-messing\/#primaryimage"},"thumbnailUrl":"https:\/\/andshufl.com\/wp-content\/uploads\/2023\/08\/SHUFL_d_line_kitchen_handles_koekkengreb_brass_messing_messinggreb.3.jpg","datePublished":"2023-06-19T12:16:37+00:00","dateModified":"2024-07-02T10:25:24+00:00","breadcrumb":{"@id":"https:\/\/andshufl.com\/no\/vare\/d-line-messing\/#breadcrumb"},"inLanguage":"nb-NO","potentialAction":[{"@type":"ReadAction","target":["https:\/\/andshufl.com\/no\/vare\/d-line-messing\/"]}]},{"@type":"ImageObject","inLanguage":"nb-NO","@id":"https:\/\/andshufl.com\/no\/vare\/d-line-messing\/#primaryimage","url":"https:\/\/andshufl.com\/wp-content\/uploads\/2023\/08\/SHUFL_d_line_kitchen_handles_koekkengreb_brass_messing_messinggreb.3.jpg","contentUrl":"https:\/\/andshufl.com\/wp-content\/uploads\/2023\/08\/SHUFL_d_line_kitchen_handles_koekkengreb_brass_messing_messinggreb.3.jpg","width":1544,"height":1158,"caption":"messing greb koekkengreb &amp;SHUFL d line b\u00f8jlegreb"},{"@type":"BreadcrumbList","@id":"https:\/\/andshufl.com\/no\/vare\/d-line-messing\/#breadcrumb","itemListElement":[{"@type":"ListItem","position":1,"name":"Hjem","item":"https:\/\/andshufl.com\/no\/forside\/"},{"@type":"ListItem","position":2,"name":"Shop","item":"https:\/\/andshufl.com\/no\/shop\/"},{"@type":"ListItem","position":3,"name":"d line _ messing"}]},{"@type":"WebSite","@id":"https:\/\/andshufl.com\/no\/#website","url":"https:\/\/andshufl.com\/no\/","name":"&SHUFL","description":"","publisher":{"@id":"https:\/\/andshufl.com\/no\/#organization"},"potentialAction":[{"@type":"SearchAction","target":{"@type":"EntryPoint","urlTemplate":"https:\/\/andshufl.com\/no\/?s={search_term_string}"},"query-input":{"@type":"PropertyValueSpecification","valueRequired":true,"valueName":"search_term_string"}}],"inLanguage":"nb-NO"},{"@type":"Organization","@id":"https:\/\/andshufl.com\/no\/#organization","name":"&SHUFL","url":"https:\/\/andshufl.com\/no\/","logo":{"@type":"ImageObject","inLanguage":"nb-NO","@id":"https:\/\/andshufl.com\/no\/#\/schema\/logo\/image\/","url":"https:\/\/andshufl.com\/wp-content\/uploads\/2023\/06\/SHUFL_logo.png","contentUrl":"https:\/\/andshufl.com\/wp-content\/uploads\/2023\/06\/SHUFL_logo.png","width":614,"height":111,"caption":"&SHUFL"},"image":{"@id":"https:\/\/andshufl.com\/no\/#\/schema\/logo\/image\/"}}]}},"_links":{"self":[{"href":"https:\/\/andshufl.com\/no\/wp-json\/wp\/v2\/product\/3510","targetHints":{"allow":["GET"]}}],"collection":[{"href":"https:\/\/andshufl.com\/no\/wp-json\/wp\/v2\/product"}],"about":[{"href":"https:\/\/andshufl.com\/no\/wp-json\/wp\/v2\/types\/product"}],"replies":[{"embeddable":true,"href":"https:\/\/andshufl.com\/no\/wp-json\/wp\/v2\/comments?post=3510"}],"wp:featuredmedia":[{"embeddable":true,"href":"https:\/\/andshufl.com\/no\/wp-json\/wp\/v2\/media\/2840"}],"wp:attachment":[{"href":"https:\/\/andshufl.com\/no\/wp-json\/wp\/v2\/media?parent=3510"}],"wp:term":[{"taxonomy":"product_cat","embeddable":true,"href":"https:\/\/andshufl.com\/no\/wp-json\/wp\/v2\/product_cat?post=3510"},{"taxonomy":"product_tag","embeddable":true,"href":"https:\/\/andshufl.com\/no\/wp-json\/wp\/v2\/product_tag?post=3510"}],"curies":[{"name":"wp","href":"https:\/\/api.w.org\/{rel}","templated":true}]}}