{"id":9719,"date":"2025-02-11T16:12:45","date_gmt":"2025-02-11T15:12:45","guid":{"rendered":"https:\/\/andshufl.com\/?post_type=product&#038;p=9719"},"modified":"2025-04-01T17:32:58","modified_gmt":"2025-04-01T15:32:58","slug":"d-line-boeylegrep-oe10","status":"publish","type":"product","link":"https:\/\/andshufl.com\/no\/vare\/d-line-boeylegrep-oe10\/","title":{"rendered":"d line b\u00f8ylegrep (\u00d810)"},"content":{"rendered":"<h2><strong>d line _ b\u00f8ylegrep<\/strong><\/h2>\n<p>Det ikoniske d line-grepet ble opprinnelig designet av den danske arkitekten Knud Holscher i 1971. Grepet relanseres n\u00e5 som et samarbeid mellom &amp;SHUFL og d line i en spesiell utgave som, i tillegg til de opprinnelige klassiske overflatene, legger til tre nye dristige farger. Grepet kan brukes b\u00e5de p\u00e5 &amp;SHUFLs egne fronter og skapsd\u00f8rer, samt andre d\u00f8rer og skuffer. H\u00e5ndtaket er laget av b\u00f8rstet rustfritt st\u00e5l med en PVD-overflatebehandling. Denne sv\u00e6rt holdbare behandlede overflaten beholder sin finish og utseende i mange \u00e5r fremover.<\/p>\n<p>Les mer om grepet og samarbeidet med Knud Holscher og d line her: <a href=\"https:\/\/andshufl.com\/dline\/\">https:\/\/andshufl.com\/dline\/<\/a><\/p>\n<p><b><\/b><br \/>\n<b>Spesifikasjoner<\/b><\/p>\n<ul>\n<li style=\"font-weight: 400;\" aria-level=\"1\"><span style=\"font-weight: 400;\">\u00d810 mm r\u00f8r<\/span><\/li>\n<li style=\"font-weight: 400;\" aria-level=\"1\"><span style=\"font-weight: 400;\">Lengde: 142 mm<\/span><\/li>\n<li style=\"font-weight: 400;\" aria-level=\"1\"><span style=\"font-weight: 400;\">Dybde: 41 mm<\/span><\/li>\n<li style=\"font-weight: 400;\" aria-level=\"1\"><span style=\"font-weight: 400;\">Avstand mellom skruehuller: 128 mm<\/span><\/li>\n<li style=\"font-weight: 400;\" aria-level=\"1\"><span style=\"font-weight: 400;\">Merk: Grepet kan brukes p\u00e5 fronter med en tykkelse p\u00e5 15 &#8211; 25 mm.<\/span><\/li>\n<\/ul>\n<p><span style=\"font-weight: 400;\">Medf\u00f8lger i esken:<\/span><\/p>\n<ul>\n<li style=\"font-weight: 400;\" aria-level=\"1\"><span style=\"font-weight: 400;\">2 x Skruer M5x25<\/span><\/li>\n<li style=\"font-weight: 400;\" aria-level=\"1\"><span style=\"font-weight: 400;\">1 x Boremal<\/span><\/li>\n<\/ul>\n<div>\n<hr \/>\n<\/div>\n<h5><b>Frakt: Fra 50 DKK<\/b><\/h5>\n<h5><b>Leveringstid: 2-4 arbeidsdager<\/b><\/h5>\n<h5><b>Returrett: 14 dagers full returrett<\/b><\/h5>\n<p><span style=\"font-weight: 400;\">Vi vil sende deg en SMS med n\u00f8yaktig informasjon om levering av pakken din. Som utgangspunkt sender vi pakken til en pakkebutikk som ligger n\u00e6r deg. Har du \u00f8nske om en bestemt pakkeshop, s\u00e5 skriv en note til oss ved bestilling.<\/span><\/p>\n","protected":false},"excerpt":{"rendered":"<ul>\n<li style=\"font-weight: 400;\" aria-level=\"1\"><span style=\"font-weight: 400;\">\u00d810 mm r\u00f8r<\/span><\/li>\n<li style=\"font-weight: 400;\" aria-level=\"1\"><span style=\"font-weight: 400;\">Lengde: 142 mm<\/span><\/li>\n<li style=\"font-weight: 400;\" aria-level=\"1\"><span style=\"font-weight: 400;\">Dybde: 41 mm<\/span><\/li>\n<li style=\"font-weight: 400;\" aria-level=\"1\"><span style=\"font-weight: 400;\">Avstand mellom skruehuller: 128 mm<\/span><\/li>\n<li style=\"font-weight: 400;\" aria-level=\"1\"><span style=\"font-weight: 400;\">Merk: Grepet kan brukes p\u00e5 fronter med en tykkelse p\u00e5 15 &#8211; 25 mm.<\/span><\/li>\n<\/ul>\n<p><span style=\"font-weight: 400;\">Medf\u00f8lger i esken:<\/span><\/p>\n<ul>\n<li style=\"font-weight: 400;\" aria-level=\"1\"><span style=\"font-weight: 400;\">2 x Skruer M5x25<\/span><\/li>\n<li style=\"font-weight: 400;\" aria-level=\"1\"><span style=\"font-weight: 400;\">1 x Boremal<\/span><\/li>\n<\/ul>\n","protected":false},"featured_media":9866,"comment_status":"closed","ping_status":"closed","template":"","meta":{"inline_featured_image":false},"product_cat":[41],"product_tag":[],"class_list":["post-9719","product","type-product","status-publish","has-post-thumbnail","hentry","product_cat-grep","product_shipping_class-greb"],"yoast_head":"<!-- This site is optimized with the Yoast SEO plugin v24.4 - https:\/\/yoast.com\/wordpress\/plugins\/seo\/ -->\n<title>B\u00f8ylegrep til kj\u00f8kken, bad eller garderobe fra &amp;SHUFL<\/title>\n<meta name=\"description\" content=\"Vakre grep fra d line i st\u00e5l, messing eller kobber i \u00f810mm, som kan brukes til kj\u00f8kken, bad eller garderobel\u00f8sninger fra &amp;SHUFL.\" \/>\n<meta name=\"robots\" content=\"index, follow, max-snippet:-1, max-image-preview:large, max-video-preview:-1\" \/>\n<link rel=\"canonical\" href=\"https:\/\/andshufl.com\/no\/vare\/d-line-boeylegrep-oe10\/\" \/>\n<meta property=\"og:locale\" content=\"nb_NO\" \/>\n<meta property=\"og:type\" content=\"article\" \/>\n<meta property=\"og:title\" content=\"B\u00f8ylegrep til kj\u00f8kken, bad eller garderobe fra &amp;SHUFL\" \/>\n<meta property=\"og:description\" content=\"Vakre grep fra d line i st\u00e5l, messing eller kobber i \u00f810mm, som kan brukes til kj\u00f8kken, bad eller garderobel\u00f8sninger fra &amp;SHUFL.\" \/>\n<meta property=\"og:url\" content=\"https:\/\/andshufl.com\/no\/vare\/d-line-boeylegrep-oe10\/\" \/>\n<meta property=\"og:site_name\" content=\"&amp;SHUFL\" \/>\n<meta property=\"article:modified_time\" content=\"2025-04-01T15:32:58+00:00\" \/>\n<meta property=\"og:image\" content=\"https:\/\/andshufl.com\/wp-content\/uploads\/2025\/02\/SHUFL_GREB_DLINE_Oe10_SAMLET_13-1.jpg\" \/>\n\t<meta property=\"og:image:width\" content=\"2560\" \/>\n\t<meta property=\"og:image:height\" content=\"2560\" \/>\n\t<meta property=\"og:image:type\" content=\"image\/jpeg\" \/>\n<meta name=\"twitter:card\" content=\"summary_large_image\" \/>\n<meta name=\"twitter:label1\" content=\"Ansl. lesetid\" \/>\n\t<meta name=\"twitter:data1\" content=\"2 minutter\" \/>\n<script type=\"application\/ld+json\" class=\"yoast-schema-graph\">{\"@context\":\"https:\/\/schema.org\",\"@graph\":[{\"@type\":\"WebPage\",\"@id\":\"https:\/\/andshufl.com\/no\/vare\/d-line-boeylegrep-oe10\/\",\"url\":\"https:\/\/andshufl.com\/no\/vare\/d-line-boeylegrep-oe10\/\",\"name\":\"B\u00f8ylegrep til kj\u00f8kken, bad eller garderobe fra &SHUFL\",\"isPartOf\":{\"@id\":\"https:\/\/andshufl.com\/no\/#website\"},\"primaryImageOfPage\":{\"@id\":\"https:\/\/andshufl.com\/no\/vare\/d-line-boeylegrep-oe10\/#primaryimage\"},\"image\":{\"@id\":\"https:\/\/andshufl.com\/no\/vare\/d-line-boeylegrep-oe10\/#primaryimage\"},\"thumbnailUrl\":\"https:\/\/andshufl.com\/wp-content\/uploads\/2025\/02\/SHUFL_GREB_DLINE_Oe10_SAMLET_13-1.jpg\",\"datePublished\":\"2025-02-11T15:12:45+00:00\",\"dateModified\":\"2025-04-01T15:32:58+00:00\",\"description\":\"Vakre grep fra d line i st\u00e5l, messing eller kobber i \u00f810mm, som kan brukes til kj\u00f8kken, bad eller garderobel\u00f8sninger fra &SHUFL.\",\"breadcrumb\":{\"@id\":\"https:\/\/andshufl.com\/no\/vare\/d-line-boeylegrep-oe10\/#breadcrumb\"},\"inLanguage\":\"nb-NO\",\"potentialAction\":[{\"@type\":\"ReadAction\",\"target\":[\"https:\/\/andshufl.com\/no\/vare\/d-line-boeylegrep-oe10\/\"]}]},{\"@type\":\"ImageObject\",\"inLanguage\":\"nb-NO\",\"@id\":\"https:\/\/andshufl.com\/no\/vare\/d-line-boeylegrep-oe10\/#primaryimage\",\"url\":\"https:\/\/andshufl.com\/wp-content\/uploads\/2025\/02\/SHUFL_GREB_DLINE_Oe10_SAMLET_13-1.jpg\",\"contentUrl\":\"https:\/\/andshufl.com\/wp-content\/uploads\/2025\/02\/SHUFL_GREB_DLINE_Oe10_SAMLET_13-1.jpg\",\"width\":2560,\"height\":2560,\"caption\":\"d line b\u00f8ylegrep\"},{\"@type\":\"BreadcrumbList\",\"@id\":\"https:\/\/andshufl.com\/no\/vare\/d-line-boeylegrep-oe10\/#breadcrumb\",\"itemListElement\":[{\"@type\":\"ListItem\",\"position\":1,\"name\":\"Hjem\",\"item\":\"https:\/\/andshufl.com\/no\/forside\/\"},{\"@type\":\"ListItem\",\"position\":2,\"name\":\"Shop\",\"item\":\"https:\/\/andshufl.com\/no\/shop\/\"},{\"@type\":\"ListItem\",\"position\":3,\"name\":\"d line b\u00f8ylegrep (\u00d810)\"}]},{\"@type\":\"WebSite\",\"@id\":\"https:\/\/andshufl.com\/no\/#website\",\"url\":\"https:\/\/andshufl.com\/no\/\",\"name\":\"&SHUFL\",\"description\":\"\",\"publisher\":{\"@id\":\"https:\/\/andshufl.com\/no\/#organization\"},\"potentialAction\":[{\"@type\":\"SearchAction\",\"target\":{\"@type\":\"EntryPoint\",\"urlTemplate\":\"https:\/\/andshufl.com\/no\/?s={search_term_string}\"},\"query-input\":{\"@type\":\"PropertyValueSpecification\",\"valueRequired\":true,\"valueName\":\"search_term_string\"}}],\"inLanguage\":\"nb-NO\"},{\"@type\":\"Organization\",\"@id\":\"https:\/\/andshufl.com\/no\/#organization\",\"name\":\"&SHUFL\",\"url\":\"https:\/\/andshufl.com\/no\/\",\"logo\":{\"@type\":\"ImageObject\",\"inLanguage\":\"nb-NO\",\"@id\":\"https:\/\/andshufl.com\/no\/#\/schema\/logo\/image\/\",\"url\":\"https:\/\/andshufl.com\/wp-content\/uploads\/2023\/06\/SHUFL_logo.png\",\"contentUrl\":\"https:\/\/andshufl.com\/wp-content\/uploads\/2023\/06\/SHUFL_logo.png\",\"width\":614,\"height\":111,\"caption\":\"&SHUFL\"},\"image\":{\"@id\":\"https:\/\/andshufl.com\/no\/#\/schema\/logo\/image\/\"}}]}<\/script>\n<!-- \/ Yoast SEO plugin. -->","yoast_head_json":{"title":"B\u00f8ylegrep til kj\u00f8kken, bad eller garderobe fra &SHUFL","description":"Vakre grep fra d line i st\u00e5l, messing eller kobber i \u00f810mm, som kan brukes til kj\u00f8kken, bad eller garderobel\u00f8sninger fra &SHUFL.","robots":{"index":"index","follow":"follow","max-snippet":"max-snippet:-1","max-image-preview":"max-image-preview:large","max-video-preview":"max-video-preview:-1"},"canonical":"https:\/\/andshufl.com\/no\/vare\/d-line-boeylegrep-oe10\/","og_locale":"nb_NO","og_type":"article","og_title":"B\u00f8ylegrep til kj\u00f8kken, bad eller garderobe fra &SHUFL","og_description":"Vakre grep fra d line i st\u00e5l, messing eller kobber i \u00f810mm, som kan brukes til kj\u00f8kken, bad eller garderobel\u00f8sninger fra &SHUFL.","og_url":"https:\/\/andshufl.com\/no\/vare\/d-line-boeylegrep-oe10\/","og_site_name":"&amp;SHUFL","article_modified_time":"2025-04-01T15:32:58+00:00","og_image":[{"width":2560,"height":2560,"url":"https:\/\/andshufl.com\/wp-content\/uploads\/2025\/02\/SHUFL_GREB_DLINE_Oe10_SAMLET_13-1.jpg","type":"image\/jpeg"}],"twitter_card":"summary_large_image","twitter_misc":{"Ansl. lesetid":"2 minutter"},"schema":{"@context":"https:\/\/schema.org","@graph":[{"@type":"WebPage","@id":"https:\/\/andshufl.com\/no\/vare\/d-line-boeylegrep-oe10\/","url":"https:\/\/andshufl.com\/no\/vare\/d-line-boeylegrep-oe10\/","name":"B\u00f8ylegrep til kj\u00f8kken, bad eller garderobe fra &SHUFL","isPartOf":{"@id":"https:\/\/andshufl.com\/no\/#website"},"primaryImageOfPage":{"@id":"https:\/\/andshufl.com\/no\/vare\/d-line-boeylegrep-oe10\/#primaryimage"},"image":{"@id":"https:\/\/andshufl.com\/no\/vare\/d-line-boeylegrep-oe10\/#primaryimage"},"thumbnailUrl":"https:\/\/andshufl.com\/wp-content\/uploads\/2025\/02\/SHUFL_GREB_DLINE_Oe10_SAMLET_13-1.jpg","datePublished":"2025-02-11T15:12:45+00:00","dateModified":"2025-04-01T15:32:58+00:00","description":"Vakre grep fra d line i st\u00e5l, messing eller kobber i \u00f810mm, som kan brukes til kj\u00f8kken, bad eller garderobel\u00f8sninger fra &SHUFL.","breadcrumb":{"@id":"https:\/\/andshufl.com\/no\/vare\/d-line-boeylegrep-oe10\/#breadcrumb"},"inLanguage":"nb-NO","potentialAction":[{"@type":"ReadAction","target":["https:\/\/andshufl.com\/no\/vare\/d-line-boeylegrep-oe10\/"]}]},{"@type":"ImageObject","inLanguage":"nb-NO","@id":"https:\/\/andshufl.com\/no\/vare\/d-line-boeylegrep-oe10\/#primaryimage","url":"https:\/\/andshufl.com\/wp-content\/uploads\/2025\/02\/SHUFL_GREB_DLINE_Oe10_SAMLET_13-1.jpg","contentUrl":"https:\/\/andshufl.com\/wp-content\/uploads\/2025\/02\/SHUFL_GREB_DLINE_Oe10_SAMLET_13-1.jpg","width":2560,"height":2560,"caption":"d line b\u00f8ylegrep"},{"@type":"BreadcrumbList","@id":"https:\/\/andshufl.com\/no\/vare\/d-line-boeylegrep-oe10\/#breadcrumb","itemListElement":[{"@type":"ListItem","position":1,"name":"Hjem","item":"https:\/\/andshufl.com\/no\/forside\/"},{"@type":"ListItem","position":2,"name":"Shop","item":"https:\/\/andshufl.com\/no\/shop\/"},{"@type":"ListItem","position":3,"name":"d line b\u00f8ylegrep (\u00d810)"}]},{"@type":"WebSite","@id":"https:\/\/andshufl.com\/no\/#website","url":"https:\/\/andshufl.com\/no\/","name":"&SHUFL","description":"","publisher":{"@id":"https:\/\/andshufl.com\/no\/#organization"},"potentialAction":[{"@type":"SearchAction","target":{"@type":"EntryPoint","urlTemplate":"https:\/\/andshufl.com\/no\/?s={search_term_string}"},"query-input":{"@type":"PropertyValueSpecification","valueRequired":true,"valueName":"search_term_string"}}],"inLanguage":"nb-NO"},{"@type":"Organization","@id":"https:\/\/andshufl.com\/no\/#organization","name":"&SHUFL","url":"https:\/\/andshufl.com\/no\/","logo":{"@type":"ImageObject","inLanguage":"nb-NO","@id":"https:\/\/andshufl.com\/no\/#\/schema\/logo\/image\/","url":"https:\/\/andshufl.com\/wp-content\/uploads\/2023\/06\/SHUFL_logo.png","contentUrl":"https:\/\/andshufl.com\/wp-content\/uploads\/2023\/06\/SHUFL_logo.png","width":614,"height":111,"caption":"&SHUFL"},"image":{"@id":"https:\/\/andshufl.com\/no\/#\/schema\/logo\/image\/"}}]}},"_links":{"self":[{"href":"https:\/\/andshufl.com\/no\/wp-json\/wp\/v2\/product\/9719","targetHints":{"allow":["GET"]}}],"collection":[{"href":"https:\/\/andshufl.com\/no\/wp-json\/wp\/v2\/product"}],"about":[{"href":"https:\/\/andshufl.com\/no\/wp-json\/wp\/v2\/types\/product"}],"replies":[{"embeddable":true,"href":"https:\/\/andshufl.com\/no\/wp-json\/wp\/v2\/comments?post=9719"}],"wp:featuredmedia":[{"embeddable":true,"href":"https:\/\/andshufl.com\/no\/wp-json\/wp\/v2\/media\/9866"}],"wp:attachment":[{"href":"https:\/\/andshufl.com\/no\/wp-json\/wp\/v2\/media?parent=9719"}],"wp:term":[{"taxonomy":"product_cat","embeddable":true,"href":"https:\/\/andshufl.com\/no\/wp-json\/wp\/v2\/product_cat?post=9719"},{"taxonomy":"product_tag","embeddable":true,"href":"https:\/\/andshufl.com\/no\/wp-json\/wp\/v2\/product_tag?post=9719"}],"curies":[{"name":"wp","href":"https:\/\/api.w.org\/{rel}","templated":true}]}}